{"id":254597,"date":"2026-01-10T22:27:51","date_gmt":"2026-01-10T19:27:51","guid":{"rendered":"https:\/\/baldumarket.lt\/product\/kanapa-davos-2\/"},"modified":"2026-02-11T18:31:05","modified_gmt":"2026-02-11T15:31:05","slug":"kanapa-davos-2","status":"publish","type":"product","link":"https:\/\/baldumarket.lt\/lt\/product\/kanapa-davos-2\/","title":{"rendered":"Davos sofa"},"content":{"rendered":"<p>Reikia i\u0161skirtinai patogios vietos atsipalaiduoti? \u201eDavos\u201c sofa tam puikiai tiks. \u0160is baldas prad\u017eiugins kiekvien\u0105, vertinant\u012f komfort\u0105 ir elegancij\u0105. Patogus dizainas paremtas ki\u0161enin\u0117mis spyruokl\u0117mis (s\u0117dyn\u0117\/atlo\u0161as). Papildomas privalumas \u2013 auk\u0161tos, stilingos kojel\u0117s. Tiksli apdaila ir d\u0117mesys kiekvienai detalei paver\u010dia \u201eDavos\u201c sof\u0105 ne tik baldu, bet ir tikru meno k\u016briniu. Baldus galima laisvai derinti su \u012fvairiais apmu\u0161al\u0173 audiniais, tod\u0117l sof\u0105 galite priderinti prie savo m\u0117gstamo stiliaus.<\/p>\n<p>Plotis 212 cm Gylis 106 cm Auk\u0161tis 100 cm Miegamoji erdv\u0117 206 \u00d7 160 cm Spalva Geltona Audinio pavadinimo elementas 8 Sulankstomas TAIP Reguliuojamos galvos atramos Ne Produkto pakuo\u010di\u0173 skai\u010dius 2 Stilius Modernus \u012eranga Surinkimo instrukcijos \/ surinkimo priedai Surinkimas Savaranki\u0161kam surinkimui Kojel\u0117 \/ dizainas \/ spalva Plastikas \/ juoda Kojel\u0117s auk\u0161tis 13 cm Patalyn\u0117 TAIP<\/p>","protected":false},"excerpt":{"rendered":"<p>Reikia i\u0161skirtinai patogios vietos atsipalaiduoti? \u201eDavos\u201c sofa tam puikiai tinka. \u0160is baldas prad\u017eiugins kiekvien\u0105, vertinant\u012f komfort\u0105 ir elegancij\u0105. Patogus dizainas pagr\u012fstas ki\u0161enin\u0117mis spyruokl\u0117mis (s\u0117dyn\u0117\/atlo\u0161as). Papildomas privalumas \u2013 auk\u0161tos, stilingos kojel\u0117s. Tiksli apdaila ir d\u0117mesys kiekvienai detalei daro \u201eDavos\u201c sof\u0105 [\u2026]<\/p>","protected":false},"featured_media":254598,"comment_status":"open","ping_status":"open","template":"","meta":[],"product_brand":[],"product_cat":[2457,560],"product_tag":[],"class_list":{"0":"post-254597","1":"product","2":"type-product","3":"status-publish","4":"has-post-thumbnail","6":"product_cat-liveo","7":"product_cat-sofas-and-couches","9":"first","10":"instock","11":"purchasable","12":"product-type-simple"},"_links":{"self":[{"href":"https:\/\/baldumarket.lt\/lt\/wp-json\/wp\/v2\/product\/254597","targetHints":{"allow":["GET"]}}],"collection":[{"href":"https:\/\/baldumarket.lt\/lt\/wp-json\/wp\/v2\/product"}],"about":[{"href":"https:\/\/baldumarket.lt\/lt\/wp-json\/wp\/v2\/types\/product"}],"replies":[{"embeddable":true,"href":"https:\/\/baldumarket.lt\/lt\/wp-json\/wp\/v2\/comments?post=254597"}],"wp:featuredmedia":[{"embeddable":true,"href":"https:\/\/baldumarket.lt\/lt\/wp-json\/wp\/v2\/media\/254598"}],"wp:attachment":[{"href":"https:\/\/baldumarket.lt\/lt\/wp-json\/wp\/v2\/media?parent=254597"}],"wp:term":[{"taxonomy":"product_brand","embeddable":true,"href":"https:\/\/baldumarket.lt\/lt\/wp-json\/wp\/v2\/product_brand?post=254597"},{"taxonomy":"product_cat","embeddable":true,"href":"https:\/\/baldumarket.lt\/lt\/wp-json\/wp\/v2\/product_cat?post=254597"},{"taxonomy":"product_tag","embeddable":true,"href":"https:\/\/baldumarket.lt\/lt\/wp-json\/wp\/v2\/product_tag?post=254597"}],"curies":[{"name":"wp","href":"https:\/\/api.w.org\/{rel}","templated":true}]}}