{"id":254581,"date":"2026-01-10T22:27:44","date_gmt":"2026-01-10T19:27:44","guid":{"rendered":"https:\/\/baldumarket.lt\/product\/kanapa-costa\/"},"modified":"2026-02-11T18:31:05","modified_gmt":"2026-02-11T15:31:05","slug":"kanapa-costa","status":"publish","type":"product","link":"https:\/\/baldumarket.lt\/lt\/product\/kanapa-costa\/","title":{"rendered":"Costa sofa"},"content":{"rendered":"<p>COSTA sofa puikiai tiks svetain\u0117je ar darbo kambaryje. Subtil\u016bs si\u016bl\u0117s s\u0117dimojoje dalyje ir pagalv\u0117l\u0117se suteikia elegancijos ir rafinuotumo. Ji puikiai tinka tiems, kurie vertina modern\u0173 stili\u0173. Mink\u0161tas pagalv\u0117li\u0173 u\u017epildas ir tvirtos kojel\u0117s garantuoja maksimal\u0173 komfort\u0105. S\u0117dimosios dalies med\u017eiagos yra ta\u0161kinio elastingumo, tod\u0117l s\u0117dyn\u0117 puikiai prisitaiko prie k\u016bno form\u0173. Pagalv\u0117l\u0117s u\u017epildytos silikono ir poliuretano mi\u0161iniu. D\u0117l miegojimo funkcijos Costa sofa yra labai patogus ir modernus baldas j\u016bs\u0173 interjerui. Apmu\u0161al\u0173 med\u017eiag\u0105 (vandeniui atspari, \u0161enilin\u0117) ir spalv\u0173 gam\u0105 galima keisti pagal pageidavim\u0105. D\u0117l i\u0161samesn\u0117s informacijos kreipkit\u0117s \u012f LIVEO konsultant\u0105.<\/p>\n<p>Plotis 200 cm Gylis 90 cm Auk\u0161tis 91 cm Miegamoji erdv\u0117 200 \u00d7 145 cm Spalva Ruda Audinio pavadinimas Elefan 3508 Sulankstoma TAIP Reguliuojamos galvos atramos Ne Produkto pakuo\u010di\u0173 skai\u010dius 2 Stilius Modernus \u012eranga Surinkimo instrukcijos \/ surinkimo priedai Surinkimas Savaranki\u0161kam surinkimui Kojel\u0117 \/ dizainas \/ spalva Plastikas \/ chromas Kojel\u0117s auk\u0161tis 5 cm Patalyn\u0117 TAIP<\/p>","protected":false},"excerpt":{"rendered":"<p>COSTA sofa puikiai tiks svetain\u0117je ar darbo kambaryje. Subtil\u016bs si\u016bl\u0117s s\u0117dimojoje dalyje ir pagalv\u0117l\u0117se suteikia elegancijos ir rafinuotumo. Ji puikiai tinka tiems, kurie vertina modern\u0173 stili\u0173. Mink\u0161tas pagalv\u0117li\u0173 u\u017epildas ir tvirtos kojel\u0117s garantuoja maksimal\u0173 komfort\u0105. S\u0117dyn\u0117s med\u017eiagos leid\u017eia tiksliai [\u2026]<\/p>","protected":false},"featured_media":254582,"comment_status":"open","ping_status":"open","template":"","meta":[],"product_brand":[],"product_cat":[2457,560],"product_tag":[],"class_list":{"0":"post-254581","1":"product","2":"type-product","3":"status-publish","4":"has-post-thumbnail","6":"product_cat-liveo","7":"product_cat-sofas-and-couches","9":"first","10":"instock","11":"purchasable","12":"product-type-simple"},"_links":{"self":[{"href":"https:\/\/baldumarket.lt\/lt\/wp-json\/wp\/v2\/product\/254581","targetHints":{"allow":["GET"]}}],"collection":[{"href":"https:\/\/baldumarket.lt\/lt\/wp-json\/wp\/v2\/product"}],"about":[{"href":"https:\/\/baldumarket.lt\/lt\/wp-json\/wp\/v2\/types\/product"}],"replies":[{"embeddable":true,"href":"https:\/\/baldumarket.lt\/lt\/wp-json\/wp\/v2\/comments?post=254581"}],"wp:featuredmedia":[{"embeddable":true,"href":"https:\/\/baldumarket.lt\/lt\/wp-json\/wp\/v2\/media\/254582"}],"wp:attachment":[{"href":"https:\/\/baldumarket.lt\/lt\/wp-json\/wp\/v2\/media?parent=254581"}],"wp:term":[{"taxonomy":"product_brand","embeddable":true,"href":"https:\/\/baldumarket.lt\/lt\/wp-json\/wp\/v2\/product_brand?post=254581"},{"taxonomy":"product_cat","embeddable":true,"href":"https:\/\/baldumarket.lt\/lt\/wp-json\/wp\/v2\/product_cat?post=254581"},{"taxonomy":"product_tag","embeddable":true,"href":"https:\/\/baldumarket.lt\/lt\/wp-json\/wp\/v2\/product_tag?post=254581"}],"curies":[{"name":"wp","href":"https:\/\/api.w.org\/{rel}","templated":true}]}}