{"id":254579,"date":"2026-01-10T22:27:41","date_gmt":"2026-01-10T19:27:41","guid":{"rendered":"https:\/\/baldumarket.lt\/product\/ivo-iv13-stol-rozkladany\/"},"modified":"2026-02-11T18:31:05","modified_gmt":"2026-02-11T15:31:05","slug":"ivo-iv13-stol-rozkladany","status":"publish","type":"product","link":"https:\/\/baldumarket.lt\/lt\/product\/ivo-iv13-stol-rozkladany\/","title":{"rendered":"IVO IV13 I\u0160PL\u0116STAMASIS STALAS"},"content":{"rendered":"<p>IVO IV13 stalas \u2013 tai madingai suprojektuotas baldas, kuris puikiai atrodys moderniame valgomajame, virtuv\u0117je ar svetain\u0117je. \u0160is didelis, i\u0161skleid\u017eiamas \u0161eimos stalas yra prakti\u0161kas ir universalus baldas, kuris tikrai sutalpins visus j\u016bs\u0173 artimuosius \u012fvairioms progoms. J\u012f galima prailginti iki 200 cm, naudojant 40 cm prailginim\u0105 po stalvir\u0161iu. Stalas idealiai tinka derinti su kitais IVO serijos baldais arba kaip atskiras baldas, prisitaikantis prie j\u016bs\u0173 kambario interjero.<\/p>\n<p>I\u0161traukiama TAIP \u012ed\u0117kl\u0173 skai\u010dius 1 Plotis 90 cm Ilgis 160 cm Ilgis po i\u0161skleidimo 200 cm Auk\u0161tis 76 cm Produkto svoris su pakuote 52,15 kg Gamintojo kodas \/ simbolis IV13 Kolekcijos pavadinimas IVO Pavadinimas b2b sistemoje IVO IV-13 april oak TABLE komplektas Produkto pakuo\u010di\u0173 skai\u010dius 3 Stilius UNIVERSAL \u012eranga Surinkimo instrukcijos \/ surinkimo priedai Surinkimas Savaranki\u0161kam surinkimui Spalva April Oak Stalvir\u0161io med\u017eiaga \/ tipas \/ storis 28 mm baldin\u0117 lenta R\u0117mo med\u017eiaga \/ tipas \/ storis 16 mm baldin\u0117 lenta Kojeli\u0173 med\u017eiaga \/ tipas \/ storis 22 mm baldin\u0117 lenta Kojel\u0117 \/ med\u017eiaga \/ spalva Nereguliuojama \/ Bald\u0173 b\u0117geliai \/ plastikas \/ Juoda<\/p>","protected":false},"excerpt":{"rendered":"<p>IVO IV13 stalas yra madingai suprojektuotas baldas, kuris puikiai atrodys moderniame valgomajame, virtuv\u0117je ar svetain\u0117je. \u0160is didelis, i\u0161skleid\u017eiamas \u0161eimos stalas yra prakti\u0161kas ir universalus baldas, prie kurio tikrai tilps visi j\u016bs\u0173 artimieji \u012fvairiomis progomis. J\u012f galima i\u0161skleisti iki [\u2026]<\/p>","protected":false},"featured_media":254555,"comment_status":"open","ping_status":"open","template":"","meta":[],"product_brand":[],"product_cat":[2457,1934],"product_tag":[],"class_list":{"0":"post-254579","1":"product","2":"type-product","3":"status-publish","4":"has-post-thumbnail","6":"product_cat-liveo","7":"product_cat-tables","9":"first","10":"instock","11":"purchasable","12":"product-type-simple"},"_links":{"self":[{"href":"https:\/\/baldumarket.lt\/lt\/wp-json\/wp\/v2\/product\/254579","targetHints":{"allow":["GET"]}}],"collection":[{"href":"https:\/\/baldumarket.lt\/lt\/wp-json\/wp\/v2\/product"}],"about":[{"href":"https:\/\/baldumarket.lt\/lt\/wp-json\/wp\/v2\/types\/product"}],"replies":[{"embeddable":true,"href":"https:\/\/baldumarket.lt\/lt\/wp-json\/wp\/v2\/comments?post=254579"}],"wp:featuredmedia":[{"embeddable":true,"href":"https:\/\/baldumarket.lt\/lt\/wp-json\/wp\/v2\/media\/254555"}],"wp:attachment":[{"href":"https:\/\/baldumarket.lt\/lt\/wp-json\/wp\/v2\/media?parent=254579"}],"wp:term":[{"taxonomy":"product_brand","embeddable":true,"href":"https:\/\/baldumarket.lt\/lt\/wp-json\/wp\/v2\/product_brand?post=254579"},{"taxonomy":"product_cat","embeddable":true,"href":"https:\/\/baldumarket.lt\/lt\/wp-json\/wp\/v2\/product_cat?post=254579"},{"taxonomy":"product_tag","embeddable":true,"href":"https:\/\/baldumarket.lt\/lt\/wp-json\/wp\/v2\/product_tag?post=254579"}],"curies":[{"name":"wp","href":"https:\/\/api.w.org\/{rel}","templated":true}]}}