{"id":254577,"date":"2026-01-10T22:27:39","date_gmt":"2026-01-10T19:27:39","guid":{"rendered":"https:\/\/baldumarket.lt\/product\/ivo-iv12-lawa-rozkladana\/"},"modified":"2026-02-11T18:31:05","modified_gmt":"2026-02-11T15:31:05","slug":"ivo-iv12-lawa-rozkladana","status":"publish","type":"product","link":"https:\/\/baldumarket.lt\/lt\/product\/ivo-iv12-lawa-rozkladana\/","title":{"rendered":"IVO IV12 SULANKSTOMAS SUOLAS"},"content":{"rendered":"<p>IVO IV12 kavos staliukas puikiai tiks bet kuriame svetain\u0117je ar darbo kambaryje. Idealiai tinka didesniems susib\u016brimams su draugais, tai taip pat funkcionalus ir dekoratyvus kasdienis kavos staliukas. Tvirtas pagrindas suteikia daug vietos kojoms visiems, s\u0117dintiems prie stalo. Jei reikia, kavos staliuk\u0105 galima prailginti ir i\u0161pl\u0117sti papildomu prailginimu (nuo 114 cm iki 144 cm). Kavos staliukas puikiai dera su kitais IVO serijos baldais arba yra atskiras baldas, prisitaikantis prie j\u016bs\u0173 kambario interjero.<\/p>\n<p>I\u0161traukiama TAIP \u012ed\u0117kl\u0173 skai\u010dius 1 Plotis 68 cm Ilgis 114 cm Ilgis po i\u0161skleidimo 144 cm Auk\u0161tis 51,5 cm Produkto svoris su pakuote 40,00 kg Gamintojo kodas \/ simbolis IV12 Kolekcijos pavadinimas IVO Pavadinimas b2b sistemoje IVO IV-12 april oak KAVOS STALIUKO komplektas Produkto pakuo\u010di\u0173 skai\u010dius 3 Stilius UNIVERSAL \u012eranga Surinkimo instrukcijos \/ surinkimo priedai Surinkimas Savaranki\u0161kam surinkimui Spalva April Oak Stalvir\u0161io med\u017eiaga \/ tipas \/ storis 28 mm baldin\u0117 lenta R\u0117mo med\u017eiaga \/ tipas \/ storis 16 mm baldin\u0117 lenta Kolonos med\u017eiaga \/ tipas \/ storis 16 mm baldin\u0117 lenta Kolonos pagrindo med\u017eiaga \/ tipas \/ storis 28 mm baldin\u0117 lenta Kojel\u0117 \/ med\u017eiaga \/ spalva Nereguliuojama \/ Bald\u0173 b\u0117geliai \/ plastikas \/ Juoda<\/p>","protected":false},"excerpt":{"rendered":"<p>IVO IV12 kavos staliukas puikiai tiks bet kuriame svetain\u0117je ar darbo kambaryje. Idealiai tinka didesniems susib\u016brimams su draugais, tai taip pat funkcionalus ir dekoratyvus kasdienis kavos staliukas. Tvirtas pagrindas suteikia pakankamai vietos kojoms visiems, s\u0117dintiems prie stalo. Jei reikia, kavos staliuk\u0105 galima prailginti ir prailginti [\u2026]<\/p>","protected":false},"featured_media":254553,"comment_status":"open","ping_status":"open","template":"","meta":[],"product_brand":[],"product_cat":[866,2457],"product_tag":[],"class_list":{"0":"post-254577","1":"product","2":"type-product","3":"status-publish","4":"has-post-thumbnail","6":"product_cat-coffee-tables","7":"product_cat-liveo","9":"first","10":"instock","11":"purchasable","12":"product-type-simple"},"_links":{"self":[{"href":"https:\/\/baldumarket.lt\/lt\/wp-json\/wp\/v2\/product\/254577","targetHints":{"allow":["GET"]}}],"collection":[{"href":"https:\/\/baldumarket.lt\/lt\/wp-json\/wp\/v2\/product"}],"about":[{"href":"https:\/\/baldumarket.lt\/lt\/wp-json\/wp\/v2\/types\/product"}],"replies":[{"embeddable":true,"href":"https:\/\/baldumarket.lt\/lt\/wp-json\/wp\/v2\/comments?post=254577"}],"wp:featuredmedia":[{"embeddable":true,"href":"https:\/\/baldumarket.lt\/lt\/wp-json\/wp\/v2\/media\/254553"}],"wp:attachment":[{"href":"https:\/\/baldumarket.lt\/lt\/wp-json\/wp\/v2\/media?parent=254577"}],"wp:term":[{"taxonomy":"product_brand","embeddable":true,"href":"https:\/\/baldumarket.lt\/lt\/wp-json\/wp\/v2\/product_brand?post=254577"},{"taxonomy":"product_cat","embeddable":true,"href":"https:\/\/baldumarket.lt\/lt\/wp-json\/wp\/v2\/product_cat?post=254577"},{"taxonomy":"product_tag","embeddable":true,"href":"https:\/\/baldumarket.lt\/lt\/wp-json\/wp\/v2\/product_tag?post=254577"}],"curies":[{"name":"wp","href":"https:\/\/api.w.org\/{rel}","templated":true}]}}