{"id":254575,"date":"2026-01-10T22:27:35","date_gmt":"2026-01-10T19:27:35","guid":{"rendered":"https:\/\/baldumarket.lt\/product\/ivo-iv10-polka-wiszaca\/"},"modified":"2026-02-11T18:31:05","modified_gmt":"2026-02-11T15:31:05","slug":"ivo-iv10-polka-wiszaca","status":"publish","type":"product","link":"https:\/\/baldumarket.lt\/lt\/product\/ivo-iv10-polka-wiszaca\/","title":{"rendered":"IVO IV10 PAKABINAME LENTYNA"},"content":{"rendered":"<p>Pakabinama lentyna \u201eIVO IV10\u201c puikiai dera su tos pa\u010dios kolekcijos baldais. 90 cm ilgio ji papildys bet kok\u012f interjero dizain\u0105. Paprasto dizaino d\u0117ka ji puikiai tinka suvenyrams, nuotraukoms ar kitiems nieku\u010diams laikyti. Nuostabus medienos ra\u0161tas derina klasikin\u0119 elegancij\u0105 su industrinio stiliaus prisilietimu. \u201eIVO\u201c lentyna puikiai dera tiek kaip atskiras baldas svetain\u0117je, tiek derinama su kitais \u0161ios kolekcijos baldais.<\/p>\n<p>Plotis 90 cm Gylis 23 cm Auk\u0161tis 22 cm Produkto svoris su pakuote 5,20 kg Gamintojo kodas \/ simbolis IV10 Kolekcijos pavadinimas IVO Pavadinimas b2b sistemoje IVO IV-10 april oak PAKABINAM\u0172 LENTYN\u0172 komplektas Produkto pakuo\u010di\u0173 skai\u010dius 1 Stilius Modernus \u012eranga Surinkimo instrukcijos \/ surinkimo priedai Surinkimas Savaranki\u0161kam surinkimui Spalva april oak Korpuso med\u017eiaga \/ tipas \/ storis 18 mm MDF bald\u0173 plok\u0161t\u0117 Korpuso vir\u0161utin\u0117s dalies med\u017eiaga \/ tipas \/ storis 16 mm bald\u0173 plok\u0161t\u0117 Korpuso \u012franga Reguliuojami bald\u0173 pakabos<\/p>","protected":false},"excerpt":{"rendered":"<p>Pakabinama lentyna \u201eIVO IV10\u201c puikiai dera su tos pa\u010dios kolekcijos baldais. 90 cm ilgio ji papildys bet kok\u012f interjero dizain\u0105. Paprasto dizaino d\u0117ka ji puikiai tinka suvenyrams, nuotraukoms ar kitiems nieku\u010diams laikyti. Nuostabus medienos ra\u0161tas derina klasikin\u0119 elegancij\u0105 su industrinio stiliaus prisilietimu. \u201eIVO\u201c lentyna puikiai dera kaip atskiras baldas [\u2026]<\/p>","protected":false},"featured_media":254562,"comment_status":"open","ping_status":"open","template":"","meta":[],"product_brand":[],"product_cat":[1174,2457],"product_tag":[],"class_list":{"0":"post-254575","1":"product","2":"type-product","3":"status-publish","4":"has-post-thumbnail","6":"product_cat-hanging-shelves","7":"product_cat-liveo","9":"first","10":"instock","11":"purchasable","12":"product-type-simple"},"_links":{"self":[{"href":"https:\/\/baldumarket.lt\/lt\/wp-json\/wp\/v2\/product\/254575","targetHints":{"allow":["GET"]}}],"collection":[{"href":"https:\/\/baldumarket.lt\/lt\/wp-json\/wp\/v2\/product"}],"about":[{"href":"https:\/\/baldumarket.lt\/lt\/wp-json\/wp\/v2\/types\/product"}],"replies":[{"embeddable":true,"href":"https:\/\/baldumarket.lt\/lt\/wp-json\/wp\/v2\/comments?post=254575"}],"wp:featuredmedia":[{"embeddable":true,"href":"https:\/\/baldumarket.lt\/lt\/wp-json\/wp\/v2\/media\/254562"}],"wp:attachment":[{"href":"https:\/\/baldumarket.lt\/lt\/wp-json\/wp\/v2\/media?parent=254575"}],"wp:term":[{"taxonomy":"product_brand","embeddable":true,"href":"https:\/\/baldumarket.lt\/lt\/wp-json\/wp\/v2\/product_brand?post=254575"},{"taxonomy":"product_cat","embeddable":true,"href":"https:\/\/baldumarket.lt\/lt\/wp-json\/wp\/v2\/product_cat?post=254575"},{"taxonomy":"product_tag","embeddable":true,"href":"https:\/\/baldumarket.lt\/lt\/wp-json\/wp\/v2\/product_tag?post=254575"}],"curies":[{"name":"wp","href":"https:\/\/api.w.org\/{rel}","templated":true}]}}