{"id":254574,"date":"2026-01-10T22:27:32","date_gmt":"2026-01-10T19:27:32","guid":{"rendered":"https:\/\/baldumarket.lt\/product\/ivo-iv09-szafa\/"},"modified":"2026-02-11T18:31:05","modified_gmt":"2026-02-11T15:31:05","slug":"ivo-iv09-szafa","status":"publish","type":"product","link":"https:\/\/baldumarket.lt\/lt\/product\/ivo-iv09-szafa\/","title":{"rendered":"IVO IV09 Drabu\u017ein\u0117"},"content":{"rendered":"<p>IVO IV09 \u2013 itin funkcionalus ir ergonomi\u0161kas baldas svetainei, miegamajam ir prie\u0161kambariui. Spinta su pakaba ir erdvia ni\u0161a suteikia vietos \u012fvairiems kasdieniams daiktams susid\u0117ti. \u0160is eleganti\u0161kas baldas neu\u017eima daug vietos, ta\u010diau jame yra daug vietos daiktams susid\u0117ti. Geometrinis priekin\u0117s dalies ra\u0161tas, juodos rankenos ir ry\u0161ki med\u017eio tekst\u016bra derina eleganti\u0161k\u0105 klasikin\u012f dizain\u0105 su industrinio stiliaus prisilietimu. Visas baldas stovi ant i\u0161skirtini\u0173 juod\u0173 kojeli\u0173, kurios ne tik pabr\u0117\u017eia eleganti\u0161k\u0105 spintos apdail\u0105, bet ir suteikia jai lengvumo. Spinta puikiai dera su kitais IVO serijos baldais arba yra atskiras baldas, prisitaikantis prie j\u016bs\u0173 kambario interjero.<\/p>\n<p>Plotis 90 cm Gylis 53,5 cm Auk\u0161tis 194 cm Produkto svoris su pakuote 71,00 kg Gamintojo kodas \/ simbolis IV09 Kolekcijos pavadinimas IVO Pavadinimas b2b sistemoje IVO IV-9 april oak SPINTEL\u0116 2D komplektas Produkt\u0173 pakuo\u010di\u0173 skai\u010dius 4 Stilius Modernus \u012eranga Surinkimo instrukcijos \/ surinkimo priedai Surinkimui Savaranki\u0161kam surinkimui Korpuso spalva April oak Korpuso med\u017eiaga \/ tipas \/ storis 16 mm baldin\u0117 plok\u0161t\u0117 Vir\u0161utinio korpuso med\u017eiaga \/ tipas \/ storis 22 mm baldin\u0117 plok\u0161t\u0117 Apatinio korpuso med\u017eiaga \/ tipas \/ storis 22 mm baldin\u0117 plok\u0161t\u0117 Lentynos spalva April oak Lentynos med\u017eiaga \/ tipas \/ storis 16 mm baldin\u0117 plok\u0161t\u0117 Lentyn\u0173 kar\u016bn\u0117l\u0117s tipo kiekis 1 Galin\u0117s sienel\u0117s med\u017eiaga \/ tipas \/ storis 2,5 mm HDF baldin\u0117 plok\u0161t\u0117 Galin\u0117s sienel\u0117s matomos dalies spalva Juoda Priekin\u0117s spalvos April oak Priekin\u0117s med\u017eiagos \/ tipas \/ storis 18 mm MDF baldin\u0117 plok\u0161t\u0117 Priekinis vyris \u2300 35 mm, reguliuojamas trijose plok\u0161tumose Priekin\u0117 rankena \/ med\u017eiaga \/ spalva Metalin\u0117 \/ juoda \u0160velnaus u\u017edarymo dur\u0173 sistema Standarti\u0161kai Kojel\u0117 \/ med\u017eiaga \/ spalva Nereguliuojama \/ metalin\u0117 \/ juoda Kojel\u0117s auk\u0161tis 120 mm Kojel\u0117 \/ apdaila \/ spalva Nereguliuojama \/ Bald\u0173 b\u0117geliai \/ plastikas \/ juodas Dureli\u0173 skai\u010dius 2 U\u017edar\u0173 ni\u0161\u0173 skai\u010dius 2 Korpuso \u012franga Standartas: 1 pakabos strypas<\/p>","protected":false},"excerpt":{"rendered":"<p>IVO IV09 \u2013 tai itin funkcionalus ir ergonomi\u0161kas baldas svetainei, miegamajam ir prie\u0161kambariui. Spinta su pakaba ir erdvia ni\u0161a suteikia galimyb\u0119 susid\u0117ti \u012fvairius kasdienius daiktus. \u0160is eleganti\u0161kas baldas neu\u017eima daug vietos, ta\u010diau jame yra daug vietos daiktams susid\u0117ti. Geometrinis ra\u0161tas ant [\u2026]<\/p>","protected":false},"featured_media":254552,"comment_status":"open","ping_status":"open","template":"","meta":[],"product_brand":[],"product_cat":[2457,1177],"product_tag":[],"class_list":{"0":"post-254574","1":"product","2":"type-product","3":"status-publish","4":"has-post-thumbnail","6":"product_cat-liveo","7":"product_cat-wardrobes","9":"first","10":"instock","11":"purchasable","12":"product-type-simple"},"_links":{"self":[{"href":"https:\/\/baldumarket.lt\/lt\/wp-json\/wp\/v2\/product\/254574","targetHints":{"allow":["GET"]}}],"collection":[{"href":"https:\/\/baldumarket.lt\/lt\/wp-json\/wp\/v2\/product"}],"about":[{"href":"https:\/\/baldumarket.lt\/lt\/wp-json\/wp\/v2\/types\/product"}],"replies":[{"embeddable":true,"href":"https:\/\/baldumarket.lt\/lt\/wp-json\/wp\/v2\/comments?post=254574"}],"wp:featuredmedia":[{"embeddable":true,"href":"https:\/\/baldumarket.lt\/lt\/wp-json\/wp\/v2\/media\/254552"}],"wp:attachment":[{"href":"https:\/\/baldumarket.lt\/lt\/wp-json\/wp\/v2\/media?parent=254574"}],"wp:term":[{"taxonomy":"product_brand","embeddable":true,"href":"https:\/\/baldumarket.lt\/lt\/wp-json\/wp\/v2\/product_brand?post=254574"},{"taxonomy":"product_cat","embeddable":true,"href":"https:\/\/baldumarket.lt\/lt\/wp-json\/wp\/v2\/product_cat?post=254574"},{"taxonomy":"product_tag","embeddable":true,"href":"https:\/\/baldumarket.lt\/lt\/wp-json\/wp\/v2\/product_tag?post=254574"}],"curies":[{"name":"wp","href":"https:\/\/api.w.org\/{rel}","templated":true}]}}