{"id":254573,"date":"2026-01-10T22:27:30","date_gmt":"2026-01-10T19:27:30","guid":{"rendered":"https:\/\/baldumarket.lt\/product\/ivo-iv08-regal-zamkniety-l-p\/"},"modified":"2026-02-11T18:31:05","modified_gmt":"2026-02-11T15:31:05","slug":"ivo-iv08-regal-zamkniety-l-p","status":"publish","type":"product","link":"https:\/\/baldumarket.lt\/lt\/product\/ivo-iv08-regal-zamkniety-l-p\/","title":{"rendered":"IVO IV08 U\u017dDAROS LENTYNOS K\/D"},"content":{"rendered":"<p>U\u017edara knyg\u0173 lentyna IVO IV08 (K\/D) \u2013 tai modernus baldas, kur\u012f galima naudoti svetain\u0117je, miegamajame ar koridoriuje. Viduje yra prakti\u0161kos ni\u0161os, padalintos lentynomis, kuriose tilps visi reikalingi daiktai, o u\u017erakinamos durys leid\u017eia pasl\u0117pti daiktus, kuri\u0173 neb\u016btinai norite palikti matomoje vietoje. Geometrinis ra\u0161tas priekin\u0117je dalyje, juodos rankenos ir ry\u0161kus med\u017eio ra\u0161tas derina eleganti\u0161k\u0105 klasikin\u012f dizain\u0105 su industrinio stiliaus prisilietimu. Visas baldas stovi ant i\u0161skirtini\u0173 juod\u0173 kojeli\u0173, kurios ne tik pabr\u0117\u017eia eleganti\u0161k\u0105 knyg\u0173 lentynos apdail\u0105, bet ir suteikia jai lengvumo. Knyg\u0173 lentyna puikiai tinka derinti su kitais IVO serijos baldais arba kaip atskiras baldas, prisitaikantis prie j\u016bs\u0173 kambario interjero.<\/p>\n<p>Plotis 58 cm Gylis 40 cm Auk\u0161tis 194 cm Produkto svoris su pakuote 50,10 kg Gamintojo kodas \/ simbolis IV08 Kolekcijos pavadinimas IVO Pavadinimas b2b sistemoje IVO IV-8 april oak U\u017dDARA LENTYNA LP komplektas Produkto pakuo\u010di\u0173 skai\u010dius 4 Stilius Moderni \u012franga Surinkimo instrukcijos \/ surinkimo priedai Surinkimui Savaranki\u0161kam surinkimui Korpuso spalva April oak Korpuso med\u017eiaga \/ tipas \/ storis 16 mm baldin\u0117 plok\u0161t\u0117 Vir\u0161utinio korpuso med\u017eiaga \/ tipas \/ storis 22 mm baldin\u0117 plok\u0161t\u0117 Apatinio korpuso med\u017eiaga \/ tipas \/ storis 22 mm baldin\u0117 plok\u0161t\u0117 Lentynos spalva April oak Lentynos med\u017eiaga \/ tipas \/ storis 16 mm baldin\u0117 plok\u0161t\u0117 Lentyn\u0173 kiekis 3 Galin\u0117s sienel\u0117s med\u017eiaga \/ tipas \/ storis 2,5 mm HDF baldin\u0117 plok\u0161t\u0117 Matoma galin\u0117s sienel\u0117s dalis Juoda Priekin\u0117 spalva April oak Priekin\u0117 med\u017eiaga \/ tipas \/ storis 18 mm MDF baldin\u0117 plok\u0161t\u0117 Priekinis vyris \u2300 35 mm, reguliuojamas trijose plok\u0161tumose Priekinis atidarymas universalus kairysis \/ de\u0161inysis TAIP Priekin\u0117 rankena \/ med\u017eiaga \/ spalva Metalin\u0117 \/ juoda \u0160velnaus u\u017edarymo dur\u0173 sistema Standarti\u0161kai Kojel\u0117 \/ med\u017eiaga \/ spalva Be reguliavimo \/ metalin\u0117 \/ juoda Kojel\u0117s auk\u0161tis 120 mm Kojel\u0117 \/ apdaila \/ spalva Nereguliuojamas \/ Bald\u0173 b\u0117geliai \/ plastikiniai \/ juodi Dureli\u0173 skai\u010dius: 2 U\u017edar\u0173 ni\u0161\u0173 skai\u010dius: 5<\/p>","protected":false},"excerpt":{"rendered":"<p>U\u017edara knyg\u0173 lentyna \u201eIVO IV08\u201c (K\/D) \u2013 tai modernus baldas, kur\u012f galima naudoti svetain\u0117je, miegamajame ar koridoriuje. Interjere yra prakti\u0161kos ni\u0161os, padalintos lentynomis, kuriose tilps visi reikalingi daiktai, o u\u017erakinamos durys leid\u017eia pasl\u0117pti daiktus, kuri\u0173 neb\u016btinai norite palikti matomoje vietoje. [\u2026]<\/p>","protected":false},"featured_media":254560,"comment_status":"open","ping_status":"open","template":"","meta":[],"product_brand":[],"product_cat":[2457,1177],"product_tag":[],"class_list":{"0":"post-254573","1":"product","2":"type-product","3":"status-publish","4":"has-post-thumbnail","6":"product_cat-liveo","7":"product_cat-wardrobes","9":"first","10":"instock","11":"purchasable","12":"product-type-simple"},"_links":{"self":[{"href":"https:\/\/baldumarket.lt\/lt\/wp-json\/wp\/v2\/product\/254573","targetHints":{"allow":["GET"]}}],"collection":[{"href":"https:\/\/baldumarket.lt\/lt\/wp-json\/wp\/v2\/product"}],"about":[{"href":"https:\/\/baldumarket.lt\/lt\/wp-json\/wp\/v2\/types\/product"}],"replies":[{"embeddable":true,"href":"https:\/\/baldumarket.lt\/lt\/wp-json\/wp\/v2\/comments?post=254573"}],"wp:featuredmedia":[{"embeddable":true,"href":"https:\/\/baldumarket.lt\/lt\/wp-json\/wp\/v2\/media\/254560"}],"wp:attachment":[{"href":"https:\/\/baldumarket.lt\/lt\/wp-json\/wp\/v2\/media?parent=254573"}],"wp:term":[{"taxonomy":"product_brand","embeddable":true,"href":"https:\/\/baldumarket.lt\/lt\/wp-json\/wp\/v2\/product_brand?post=254573"},{"taxonomy":"product_cat","embeddable":true,"href":"https:\/\/baldumarket.lt\/lt\/wp-json\/wp\/v2\/product_cat?post=254573"},{"taxonomy":"product_tag","embeddable":true,"href":"https:\/\/baldumarket.lt\/lt\/wp-json\/wp\/v2\/product_tag?post=254573"}],"curies":[{"name":"wp","href":"https:\/\/api.w.org\/{rel}","templated":true}]}}