{"id":254571,"date":"2026-01-10T22:27:28","date_gmt":"2026-01-10T19:27:28","guid":{"rendered":"https:\/\/baldumarket.lt\/product\/ivo-iv07-witryna-prawostronna\/"},"modified":"2026-02-11T18:31:05","modified_gmt":"2026-02-11T15:31:05","slug":"ivo-iv07-witryna-prawostronna","status":"publish","type":"product","link":"https:\/\/baldumarket.lt\/lt\/product\/ivo-iv07-witryna-prawostronna\/","title":{"rendered":"IVO IV07 DE\u0160IN\u0116S PUS\u0116S VITRINA"},"content":{"rendered":"<p>De\u0161in\u0117s pus\u0117s vitrina IVO IV07 puikiai papildys net ma\u017eo valgomojo ar svetain\u0117s interjer\u0105. Ji puikiai tinka tiek kaip dekoratyvinis elementas, tiek kaip stilingas ir prakti\u0161kas baldas. Spintel\u0117s viduje u\u017e stiklini\u0173 dureli\u0173 yra trys ni\u0161os, puikiai tinkan\u010dios stikliniams indams ir \u012fdomiems aksesuarams eksponuoti. Apa\u010dioje, u\u017e tvirt\u0173 dureli\u0173, yra dvi ni\u0161os kitiems daiktams. Spintel\u0117 standarti\u0161kai komplektuojama su LED ap\u0161vietimu, kuris dar labiau pary\u0161kina jos savybes. Geometrinis ra\u0161tas priekin\u0117je dalyje, juodos ranken\u0117l\u0117s ir ry\u0161kus med\u017eio ra\u0161tas derina klasikin\u0119 elegancij\u0105 su industrinio stiliaus prisilietimu. Visas spintel\u0117 pastatyta ant i\u0161skirtini\u0173 juod\u0173 kojeli\u0173, kurios ne tik pabr\u0117\u017eia eleganti\u0161k\u0105 spintel\u0117s apdail\u0105, bet ir suteikia jai lengvumo. Spintel\u0117 idealiai tinka derinti su kitais IVO serijos baldais arba naudoti kaip atskir\u0105 bald\u0105, leid\u017eiant\u012f j\u0105 pritaikyti prie savo kambario dizaino.<\/p>\n<p>Plotis 58 cm Gylis 40 cm Auk\u0161tis 194 cm Produkto svoris su pakuote 50,15 kg Gamintojo kodas \/ simbolis IV07 Kolekcijos pavadinimas IVO Pavadinimas b2b sistemoje IVO IV-7 april oak EKSPONUOJAMAS P rinkinys Produkto pakuo\u010di\u0173 skai\u010dius 4 Stilius Modernus \u012eranga Surinkimo instrukcijos \/ surinkimo priedai Surinkimas Savaranki\u0161kam surinkimui Korpuso spalva April oak Korpuso med\u017eiaga \/ tipas \/ storis 16 mm bald\u0173 plok\u0161t\u0117 Vir\u0161utinio korpuso vir\u0161utinio sluoksnio med\u017eiaga \/ tipas \/ storis 22 mm bald\u0173 plok\u0161t\u0117 Apatinio korpuso vir\u0161utinio sluoksnio med\u017eiaga \/ tipas \/ storis 22 mm bald\u0173 plok\u0161t\u0117 Lentynos spalva April oak Lentynos med\u017eiaga \/ tipas \/ storis 16 mm bald\u0173 plok\u0161t\u0117 Lentyn\u0173 kiekis 1 Galin\u0117s sienel\u0117s med\u017eiaga \/ tipas \/ storis 2,5 mm HDF bald\u0173 plok\u0161t\u0117 Matomos galin\u0117s sienel\u0117s dalies spalva Juoda Priekin\u0117s spalvos April oak Priekin\u0117s med\u017eiagos \/ tipas \/ storis 18 mm MDF bald\u0173 plok\u0161t\u0117 Priekinis vyris \u2300 35 mm, reguliuojamas trijose plok\u0161tumose Priekin\u0117 rankena \/ med\u017eiaga \/ spalva Metalas \/ juoda Glaz\u016bruotos priekin\u0117s dalies med\u017eiaga \/ stiklo spalva Gr\u016bdintas \/ Antisol ruda Glaz\u016bruoto priekinio stiklo storis 4 mm Stiklin\u0117s lentynos spalva Stiklas Bespalv\u0117 Stiklin\u0117 lentyna Stiklo storis 5 mm Stiklini\u0173 lentyn\u0173 kiekis 2 Vidinis ap\u0161vietimas Standartinis vidaus ap\u0161vietimas \u0160viesios spalvos \u0160iltai balta spalva Vidaus ap\u0161vietimas Energijos klas\u0117 A++ \u0160velnaus u\u017edarymo dur\u0173 sistema Standartinis Kojel\u0117 \/ apdaila \/ spalva Nereguliuojama \/ metalin\u0117 \/ juoda Kojel\u0117s auk\u0161tis 120 mm Kojel\u0117 \/ apdaila \/ spalva Nereguliuojama \/ Bald\u0173 slankiklis \/ plastikin\u0117 \/ juoda Dureli\u0173 skai\u010dius 2 U\u017edaryt\u0173 ni\u0161\u0173 u\u017e priekinio stiklo skai\u010dius 3 U\u017edaryt\u0173 ni\u0161\u0173 skai\u010dius 2<\/p>","protected":false},"excerpt":{"rendered":"<p>De\u0161in\u0117s pus\u0117s vitrina IVO IV07 puikiai papildys net ma\u017eo valgomojo ar svetain\u0117s interjer\u0105. Ji puikiai tinka tiek kaip dekoratyvinis elementas, tiek kaip stilingas ir prakti\u0161kas baldas. Spintel\u0117s viduje u\u017e stiklini\u0173 dureli\u0173 yra trys ni\u0161os, puikiai tinkan\u010dios eksponuoti stiklinius indus ir \u012fdomius aksesuarus. Apa\u010dioje, u\u017e [\u2026]<\/p>","protected":false},"featured_media":254572,"comment_status":"open","ping_status":"open","template":"","meta":[],"product_brand":[],"product_cat":[2457,2006],"product_tag":[],"class_list":{"0":"post-254571","1":"product","2":"type-product","3":"status-publish","4":"has-post-thumbnail","6":"product_cat-liveo","7":"product_cat-vitrines","9":"first","10":"instock","11":"purchasable","12":"product-type-simple"},"_links":{"self":[{"href":"https:\/\/baldumarket.lt\/lt\/wp-json\/wp\/v2\/product\/254571","targetHints":{"allow":["GET"]}}],"collection":[{"href":"https:\/\/baldumarket.lt\/lt\/wp-json\/wp\/v2\/product"}],"about":[{"href":"https:\/\/baldumarket.lt\/lt\/wp-json\/wp\/v2\/types\/product"}],"replies":[{"embeddable":true,"href":"https:\/\/baldumarket.lt\/lt\/wp-json\/wp\/v2\/comments?post=254571"}],"wp:featuredmedia":[{"embeddable":true,"href":"https:\/\/baldumarket.lt\/lt\/wp-json\/wp\/v2\/media\/254572"}],"wp:attachment":[{"href":"https:\/\/baldumarket.lt\/lt\/wp-json\/wp\/v2\/media?parent=254571"}],"wp:term":[{"taxonomy":"product_brand","embeddable":true,"href":"https:\/\/baldumarket.lt\/lt\/wp-json\/wp\/v2\/product_brand?post=254571"},{"taxonomy":"product_cat","embeddable":true,"href":"https:\/\/baldumarket.lt\/lt\/wp-json\/wp\/v2\/product_cat?post=254571"},{"taxonomy":"product_tag","embeddable":true,"href":"https:\/\/baldumarket.lt\/lt\/wp-json\/wp\/v2\/product_tag?post=254571"}],"curies":[{"name":"wp","href":"https:\/\/api.w.org\/{rel}","templated":true}]}}