{"id":254566,"date":"2026-01-10T22:27:23","date_gmt":"2026-01-10T19:27:23","guid":{"rendered":"https:\/\/baldumarket.lt\/product\/ivo-iv05-kredens\/"},"modified":"2026-02-11T18:31:05","modified_gmt":"2026-02-11T15:31:05","slug":"ivo-iv05-kredens","status":"publish","type":"product","link":"https:\/\/baldumarket.lt\/lt\/product\/ivo-iv05-kredens\/","title":{"rendered":"IVO IV05 indauja"},"content":{"rendered":"<p>IVO IV05 indauja \u017eavi savo funkcionaliu paprastumu ir puikiai papildo svetain\u0117s bei valgomojo interjer\u0105. Ji labai erdvi, su dviem prakti\u0161komis spintel\u0117mis ir funkcionalia vitrina su stikliniu priekiu. Tai tikras lobynas j\u016bs\u0173 nieku\u010diams. Lentyna u\u017e stiklini\u0173 dureli\u0173 gra\u017eiai pademonstruoja nam\u0173 dekor\u0105, pabr\u0117\u017edama original\u0173 dekoro elegancij\u0105. Standarti\u0161kai su LED ap\u0161vietimu stiklin\u0117s lentynos ir fasadai pary\u0161kina \u0161vies\u0105 ir sukuria unikali\u0105 atmosfer\u0105 kambaryje. Geometrinis ra\u0161tas priekyje, juodos rankenos ir ry\u0161kus med\u017eio ra\u0161tas derina eleganti\u0161k\u0105 klasikin\u012f stili\u0173 su industrinio stiliaus prisilietimu. Visas baldas stovi ant i\u0161skirtini\u0173 juod\u0173 kojeli\u0173, kurios ne tik pabr\u0117\u017eia eleganti\u0161k\u0105 indaujas, bet ir suteikia jam lengvumo. Indauja puikiai dera su kitais IVO serijos baldais arba kaip atskiras baldas, prisitaikantis prie j\u016bs\u0173 kambario interjero.<\/p>\n<p>Plotis 90 cm Gylis 40 cm Auk\u0161tis 130 cm Produkto svoris su pakuote 53,70 kg Gamintojo kodas \/ simbolis IV05 Kolekcijos pavadinimas IVO Pavadinimas b2b sistemoje IVO IV-5 april oak SPINTEL\u0116S komplektas Produkto pakuo\u010di\u0173 skai\u010dius 4 Stilius Modernus \u012eranga Surinkimo instrukcijos \/ surinkimo priedai Surinkimui Savaranki\u0161kam surinkimui Korpuso spalva April oak Korpuso med\u017eiaga \/ tipas \/ storis 16 mm baldin\u0117 plok\u0161t\u0117 Vir\u0161utinio korpuso med\u017eiaga \/ tipas \/ storis 22 mm baldin\u0117 plok\u0161t\u0117 Apatinio korpuso med\u017eiaga \/ tipas \/ storis 22 mm baldin\u0117 plok\u0161t\u0117 Lentynos spalva April oak Lentynos med\u017eiaga \/ tipas \/ storis 16 mm baldin\u0117 plok\u0161t\u0117 Lentyn\u0173 kiekis 2 Galin\u0117s sienel\u0117s med\u017eiaga \/ tipas \/ storis 2,5 mm HDF baldin\u0117 plok\u0161t\u0117 Matoma galin\u0117s sienel\u0117s dalis Juoda Priekin\u0117s spalvos April oak Priekin\u0117s med\u017eiagos \/ tipas \/ storis 18 mm MDF baldin\u0117 plok\u0161t\u0117 Priekinis vyris \u2300 35 mm, reguliuojamas trijose plok\u0161tumose Priekin\u0117 rankena \/ med\u017eiaga \/ spalva Metalas \/ juoda Glaz\u016bruotos priekin\u0117s dalies med\u017eiaga \/ stiklo spalva Gr\u016bdintas \/ Antisol ruda Glaz\u016bruoto priekinio stiklo storis 4 mm Stiklin\u0117s lentynos spalva Stiklas Bespalv\u0117 Stiklin\u0117 lentyna Stiklo storis 5 mm Stiklin\u0117s lentynos kiekis 2 Vidinis ap\u0161vietimas Standartinis Vidinis Ap\u0161vietimas \u0160viesos spalva \u0160iltai balta Vidinis ap\u0161vietimas Energijos klas\u0117 A++ \u0160velnaus u\u017edarymo dur\u0173 sistema Standartin\u0117 Kojel\u0117 \/ apdaila \/ spalva Nereguliuojama \/ metalin\u0117 \/ juoda Kojel\u0117s auk\u0161tis 120 mm Kojel\u0117 \/ apdaila \/ spalva Nereguliuojama \/ Bald\u0173 slankiklis \/ plastikin\u0117 \/ juoda Dureli\u0173 skai\u010dius 2 U\u017edaryt\u0173 ni\u0161\u0173 u\u017e priekinio stiklo skai\u010dius 3 U\u017edaryt\u0173 ni\u0161\u0173 skai\u010dius 4<\/p>","protected":false},"excerpt":{"rendered":"<p>IVO IV05 indauja \u017eavi savo funkcionaliu paprastumu ir puikiai dera prie svetain\u0117s bei valgomojo interjero. Ji labai erdvi, su dviem prakti\u0161komis spintel\u0117mis ir funkcionalia vitrina su stikliniu priekiu. Tai tikras lobynas j\u016bs\u0173 nieku\u010diams. Lentyna u\u017e stiklini\u0173 dureli\u0173 gra\u017eiai i\u0161ry\u0161kina nam\u0173 dekor\u0105, pabr\u0117\u017edama original\u0173 elegancij\u0105 [\u2026]<\/p>","protected":false},"featured_media":254567,"comment_status":"open","ping_status":"open","template":"","meta":[],"product_brand":[],"product_cat":[1173,2457],"product_tag":[],"class_list":{"0":"post-254566","1":"product","2":"type-product","3":"status-publish","4":"has-post-thumbnail","6":"product_cat-chests-of-drawers","7":"product_cat-liveo","9":"first","10":"instock","11":"purchasable","12":"product-type-simple"},"_links":{"self":[{"href":"https:\/\/baldumarket.lt\/lt\/wp-json\/wp\/v2\/product\/254566","targetHints":{"allow":["GET"]}}],"collection":[{"href":"https:\/\/baldumarket.lt\/lt\/wp-json\/wp\/v2\/product"}],"about":[{"href":"https:\/\/baldumarket.lt\/lt\/wp-json\/wp\/v2\/types\/product"}],"replies":[{"embeddable":true,"href":"https:\/\/baldumarket.lt\/lt\/wp-json\/wp\/v2\/comments?post=254566"}],"wp:featuredmedia":[{"embeddable":true,"href":"https:\/\/baldumarket.lt\/lt\/wp-json\/wp\/v2\/media\/254567"}],"wp:attachment":[{"href":"https:\/\/baldumarket.lt\/lt\/wp-json\/wp\/v2\/media?parent=254566"}],"wp:term":[{"taxonomy":"product_brand","embeddable":true,"href":"https:\/\/baldumarket.lt\/lt\/wp-json\/wp\/v2\/product_brand?post=254566"},{"taxonomy":"product_cat","embeddable":true,"href":"https:\/\/baldumarket.lt\/lt\/wp-json\/wp\/v2\/product_cat?post=254566"},{"taxonomy":"product_tag","embeddable":true,"href":"https:\/\/baldumarket.lt\/lt\/wp-json\/wp\/v2\/product_tag?post=254566"}],"curies":[{"name":"wp","href":"https:\/\/api.w.org\/{rel}","templated":true}]}}