{"id":254561,"date":"2026-01-10T22:27:18","date_gmt":"2026-01-10T19:27:18","guid":{"rendered":"https:\/\/baldumarket.lt\/product\/ivo-iv03-komoda\/"},"modified":"2026-02-11T18:31:06","modified_gmt":"2026-02-11T15:31:06","slug":"ivo-iv03-komoda","status":"publish","type":"product","link":"https:\/\/baldumarket.lt\/lt\/product\/ivo-iv03-komoda\/","title":{"rendered":"IVO IV03 komoda"},"content":{"rendered":"<p>IVO IV03 komoda yra gerokai didesn\u0117 nei jos dvidur\u0117, ta\u010diau ne ma\u017eiau patraukli. \u0160i trej\u0173 dur\u0173 komoda puikiai tinka valgomajam ir svetainei. Dvi didel\u0117s ni\u0161os dviejose komodos spintel\u0117se ir stal\u010dius i\u0161sprend\u017eia daugel\u012f organizavimo problem\u0173. \u0160i didel\u0117 daikt\u0173 laikymo erdv\u0117 leid\u017eia patogiai organizuoti ir laikyti \u012fvairius daiktus. Geometrinis ra\u0161tas priekyje, juodos rankenos ir ry\u0161kus med\u017eio ra\u0161tas derina eleganti\u0161k\u0105 klasikin\u012f dizain\u0105 su industrinio stiliaus prisilietimu. Visas baldas stovi ant i\u0161skirtini\u0173 juod\u0173 kojeli\u0173, kurios ne tik pabr\u0117\u017eia eleganti\u0161k\u0105 komodos apdail\u0105, bet ir suteikia jai lengvumo. Komoda idealiai tinka derinti su kitais IVO serijos baldais arba kaip atskiras baldas, prisitaikantis prie j\u016bs\u0173 kambario interjero.<\/p>\n<p>Plotis 150,5 cm Gylis 40 cm Auk\u0161tis 84,5 cm Produkto svoris su pakuote 56,35 kg Gamintojo kodas \/ simbolis IV03 Kolekcijos pavadinimas IVO Pavadinimas b2b sistemoje IVO IV-3 april oak KOMODOS komplektas Produkto pakuo\u010di\u0173 skai\u010dius 4 Stilius Modernus \u012eranga Surinkimo instrukcijos \/ surinkimo priedai Surinkimas Savaranki\u0161kam surinkimui Korpuso spalva April Oak Korpuso med\u017eiaga \/ tipas \/ storis 16 mm baldin\u0117 plok\u0161t\u0117 Vir\u0161utinio korpuso med\u017eiaga \/ tipas \/ storis 22 mm baldin\u0117 plok\u0161t\u0117 Apatinio korpuso med\u017eiaga \/ tipas \/ storis 22 mm baldin\u0117 plok\u0161t\u0117 Lentynos spalva April Oak Lentynos med\u017eiaga \/ tipas \/ storis 16 mm baldin\u0117 plok\u0161t\u0117 Lentyn\u0173 kiekis 3 Galin\u0117s sienel\u0117s med\u017eiaga \/ tipas \/ storis 2,5 mm HDF baldin\u0117 plok\u0161t\u0117 Galin\u0117s sienel\u0117s matomos dalies spalva juoda Priekin\u0117s spalvos April Oak Priekin\u0117s med\u017eiagos \/ tipas \/ storis 18 mm MDF baldin\u0117 plok\u0161t\u0117 Priekinis vyris \u2300 35 mm, reguliuojamas trijose plok\u0161tumose Priekin\u0117 rankena \/ med\u017eiaga \/ spalva Metalin\u0117 \/ Juoda \u0160velniai u\u017esidaranti dur\u0173 sistema Standarti\u0161kai Pilnai i\u0161traukiami stal\u010di\u0173 b\u0117geliai Kojel\u0117 \/ med\u017eiaga \/ spalva Nereguliuojama \/ metalin\u0117 \/ juoda Kojel\u0117s auk\u0161tis 120 mm Papildoma koja \/ apdaila \/ Spalva Reguliuojama vidurin\u0117 dalis \/ plastikin\u0117 \/ juoda Kojel\u0117 \/ apdaila \/ spalva Nereguliuojama \/ Bald\u0173 b\u0117geliai \/ plastikin\u0117 \/ juoda Dureli\u0173 skai\u010dius 3 Stal\u010di\u0173 skai\u010dius 1 U\u017edar\u0173 ni\u0161\u0173 skai\u010dius 6<\/p>","protected":false},"excerpt":{"rendered":"<p>IVO IV03 indauja yra gerokai didesn\u0117 nei jos dvidur\u0117, ta\u010diau ne ma\u017eiau patraukli. \u0160i dvidur\u0117 indauja puikiai tinka valgomajam ir svetainei. Dvi didel\u0117s ni\u0161os komodos dviejose spintel\u0117se ir stal\u010dius i\u0161sprend\u017eia daugel\u012f organizavimo problem\u0173. \u0160i didel\u0117 daikt\u0173 laikymo erdv\u0117 leid\u017eia patogiai organizuoti ir laikyti \u012fvairius daiktus. Geometrinis [\u2026]<\/p>","protected":false},"featured_media":253015,"comment_status":"open","ping_status":"open","template":"","meta":[],"product_brand":[],"product_cat":[1173,2457],"product_tag":[],"class_list":{"0":"post-254561","1":"product","2":"type-product","3":"status-publish","4":"has-post-thumbnail","6":"product_cat-chests-of-drawers","7":"product_cat-liveo","9":"first","10":"instock","11":"purchasable","12":"product-type-simple"},"_links":{"self":[{"href":"https:\/\/baldumarket.lt\/lt\/wp-json\/wp\/v2\/product\/254561","targetHints":{"allow":["GET"]}}],"collection":[{"href":"https:\/\/baldumarket.lt\/lt\/wp-json\/wp\/v2\/product"}],"about":[{"href":"https:\/\/baldumarket.lt\/lt\/wp-json\/wp\/v2\/types\/product"}],"replies":[{"embeddable":true,"href":"https:\/\/baldumarket.lt\/lt\/wp-json\/wp\/v2\/comments?post=254561"}],"wp:featuredmedia":[{"embeddable":true,"href":"https:\/\/baldumarket.lt\/lt\/wp-json\/wp\/v2\/media\/253015"}],"wp:attachment":[{"href":"https:\/\/baldumarket.lt\/lt\/wp-json\/wp\/v2\/media?parent=254561"}],"wp:term":[{"taxonomy":"product_brand","embeddable":true,"href":"https:\/\/baldumarket.lt\/lt\/wp-json\/wp\/v2\/product_brand?post=254561"},{"taxonomy":"product_cat","embeddable":true,"href":"https:\/\/baldumarket.lt\/lt\/wp-json\/wp\/v2\/product_cat?post=254561"},{"taxonomy":"product_tag","embeddable":true,"href":"https:\/\/baldumarket.lt\/lt\/wp-json\/wp\/v2\/product_tag?post=254561"}],"curies":[{"name":"wp","href":"https:\/\/api.w.org\/{rel}","templated":true}]}}