{"id":254550,"date":"2026-01-10T22:27:12","date_gmt":"2026-01-10T19:27:12","guid":{"rendered":"https:\/\/baldumarket.lt\/product\/ivo-iv01-rtv\/"},"modified":"2026-02-11T18:31:06","modified_gmt":"2026-02-11T15:31:06","slug":"ivo-iv01-rtv","status":"publish","type":"product","link":"https:\/\/baldumarket.lt\/lt\/product\/ivo-iv01-rtv\/","title":{"rendered":"IVO IV01 RTV"},"content":{"rendered":"<p>IVO IV01 televizoriaus staliukas yra eleganti\u0161kas ir modernus televizoriaus staliukas, kuris puikiai atrodys svetain\u0117je ar darbo kambaryje. Stovas turi du rakinamus skyrius, vien\u0105 stal\u010di\u0173 ir atvir\u0105 lentyn\u0105, tod\u0117l yra daug vietos reikalingiausiems daiktams susid\u0117ti. Didelis pavir\u0161iaus plotas leid\u017eia pastatyti televizori\u0173 ar kit\u0105 dekoratyvin\u0119 priemon\u0119. Geometrinis ra\u0161tas priekyje, juodos rankenos ir ry\u0161kus med\u017eio ra\u0161tas derina klasikin\u0119 elegancij\u0105 su industrinio stiliaus prisilietimu. Visas baldas stovi ant i\u0161skirtini\u0173 juod\u0173 kojeli\u0173, kurios ne tik pabr\u0117\u017eia eleganti\u0161k\u0105 spintel\u0117s apdail\u0105, bet ir suteikia jai lengvumo. Televizoriaus staliukas puikiai dera su kitais IVO serijos baldais arba yra atskiras baldas, prisitaikantis prie j\u016bs\u0173 kambario interjero.<\/p>\n<p>Plotis 150,5 cm Gylis 40 cm Auk\u0161tis 54 cm Produkto svoris su pakuote 39,15 kg Gamintojo kodas \/ simbolis IV01 Kolekcijos pavadinimas IVO Pavadinimas b2b sistemoje IVO IV-1 april oak RTV komplektas Produkto pakuo\u010di\u0173 skai\u010dius 4 Stilius Moderni \u012franga Surinkimo instrukcijos \/ surinkimo priedai Surinkimas Savaranki\u0161kam surinkimui Korpuso spalva April Oak Korpuso med\u017eiaga \/ tipas \/ storis 16 mm bald\u0173 plok\u0161t\u0117 Vir\u0161utinio korpuso med\u017eiaga \/ tipas \/ storis 22 mm bald\u0173 plok\u0161t\u0117 Apatinio korpuso med\u017eiaga \/ tipas \/ storis 22 mm bald\u0173 plok\u0161t\u0117 Galin\u0117s sienel\u0117s med\u017eiaga \/ tipas \/ storis 2,5 mm HDF bald\u0173 plok\u0161t\u0117 Galin\u0117s sienel\u0117s matomos dalies spalva Juoda Priekin\u0117s spalvos April Oak Priekin\u0117s med\u017eiagos \/ tipas \/ storis 18 mm MDF bald\u0173 plok\u0161t\u0117 Priekinis vyris \u2300 35 mm, reguliuojamas trijose plok\u0161tumose Priekin\u0117 rankena \/ tipas \/ spalva Metalin\u0117 \/ juoda Skyl\u0117 RTV laidams \u2300 50 mm \u0160velnaus u\u017edarymo dur\u0173 sistema Standarti\u0161kai Pilnai i\u0161traukiami stal\u010di\u0173 b\u0117geliai Kojel\u0117 \/ tipas \/ spalva Nereguliuojama \/ metalin\u0117 \/ juoda Kojel\u0117s auk\u0161tis 120 mm Papildoma koja \/ tipas \/ spalva Reguliuojama vidurin\u0117 \/ plastikin\u0117 \/ juoda Kojel\u0117 \/ apdaila \/ spalva Nereguliuojamas \/ Bald\u0173 b\u0117geliai \/ plastikas \/ Juoda Dureli\u0173 skai\u010dius 2 Stal\u010di\u0173 skai\u010dius 1 Atvir\u0173 ni\u0161\u0173 skai\u010dius 1 U\u017edar\u0173 ni\u0161\u0173 skai\u010dius 2<\/p>","protected":false},"excerpt":{"rendered":"<p>IVO IV01 televizoriaus staliukas yra eleganti\u0161kas ir modernus televizoriaus staliukas, kuris puikiai atrodys svetain\u0117je ar darbo kambaryje. Stovas turi du u\u017erakinamus skyrius, vien\u0105 stal\u010di\u0173 ir atvir\u0105 lentyn\u0105, tod\u0117l jame yra daug vietos svarbiausiems daiktams susid\u0117ti. Didelis pavir\u0161iaus plotas leid\u017eia pastatyti televizori\u0173 ar kitaip dekoruoti daiktus. Geometrinis ra\u0161tas [\u2026]<\/p>","protected":false},"featured_media":254551,"comment_status":"open","ping_status":"open","template":"","meta":[],"product_brand":[],"product_cat":[2457,1175],"product_tag":[],"class_list":{"0":"post-254550","1":"product","2":"type-product","3":"status-publish","4":"has-post-thumbnail","6":"product_cat-liveo","7":"product_cat-tv-stands","9":"first","10":"instock","11":"purchasable","12":"product-type-simple"},"_links":{"self":[{"href":"https:\/\/baldumarket.lt\/lt\/wp-json\/wp\/v2\/product\/254550","targetHints":{"allow":["GET"]}}],"collection":[{"href":"https:\/\/baldumarket.lt\/lt\/wp-json\/wp\/v2\/product"}],"about":[{"href":"https:\/\/baldumarket.lt\/lt\/wp-json\/wp\/v2\/types\/product"}],"replies":[{"embeddable":true,"href":"https:\/\/baldumarket.lt\/lt\/wp-json\/wp\/v2\/comments?post=254550"}],"wp:featuredmedia":[{"embeddable":true,"href":"https:\/\/baldumarket.lt\/lt\/wp-json\/wp\/v2\/media\/254551"}],"wp:attachment":[{"href":"https:\/\/baldumarket.lt\/lt\/wp-json\/wp\/v2\/media?parent=254550"}],"wp:term":[{"taxonomy":"product_brand","embeddable":true,"href":"https:\/\/baldumarket.lt\/lt\/wp-json\/wp\/v2\/product_brand?post=254550"},{"taxonomy":"product_cat","embeddable":true,"href":"https:\/\/baldumarket.lt\/lt\/wp-json\/wp\/v2\/product_cat?post=254550"},{"taxonomy":"product_tag","embeddable":true,"href":"https:\/\/baldumarket.lt\/lt\/wp-json\/wp\/v2\/product_tag?post=254550"}],"curies":[{"name":"wp","href":"https:\/\/api.w.org\/{rel}","templated":true}]}}