{"id":254546,"date":"2026-01-10T22:27:10","date_gmt":"2026-01-10T19:27:10","guid":{"rendered":"https:\/\/baldumarket.lt\/product\/irma-im18-szafka-nocna-prawostronna\/"},"modified":"2026-02-11T18:31:06","modified_gmt":"2026-02-11T15:31:06","slug":"irma-im18-szafka-nocna-prawostronna","status":"publish","type":"product","link":"https:\/\/baldumarket.lt\/lt\/product\/irma-im18-szafka-nocna-prawostronna\/","title":{"rendered":"IRMA IM18 naktinis staliukas, de\u0161in\u0117 pus\u0117"},"content":{"rendered":"<p>De\u0161in\u0117s pus\u0117s naktinis staliukas IRMA IM18 puikiai tiks bet kuriame miegamajame, suteikdamas jaukumo ir i\u0161baigtumo. Jis sukurtas taip, kad atrodyt\u0173 esteti\u0161kai, kai pastatomas de\u0161in\u0117je lovos pus\u0117je. U\u017e priekio yra erdvi, tu\u0161\u010dia erdv\u0117, kurioje galite pad\u0117ti knyg\u0105 ar asmeninius daiktus, o vir\u0161uje \u2013 nedidel\u0119 lemput\u0119. J\u012f galima apr\u016bpinti papildomu LED ap\u0161vietimu (u\u017e papildom\u0105 mokest\u012f), kuris pabr\u0117\u0161 modern\u0173 baldo charakter\u012f, o i\u0161sklaidyta \u0161viesa sukurs maloni\u0105 atmosfer\u0105 miegamajame. Naktinis staliukas turi \u0161velnaus u\u017edarymo sistem\u0105. Ry\u0161k\u016bs frezuoti fasadai, pakei\u010diantys tradicines ranken\u0117les, pabr\u0117\u017eia bendr\u0105 naktinio staliuko stili\u0173. Klasikinis matin\u0117s ir blizgios baltos spalvos derinys puikiai atitinka dabartines tendencijas, suteikdamas ne\u012ftik\u0117tino \u017eavesio ir gaivumo. Galima rinktis i\u0161 dviej\u0173 standartini\u0173 \u012fd\u0117kl\u0173 spalv\u0173 \u2013 baltos ir \u201eMaggia\u201c \u0105\u017euolo. \u0160is naktinis staliukas puikiai dera su kitais IRMA serijos baldais arba yra atskiras baldas, leid\u017eiantis jums pritaikyti savo kambario dizain\u0105.<\/p>\n<p>Plotis 54 cm Gylis 40 cm Auk\u0161tis 48 cm Produkto svoris su pakuote 15,70 kg Gamintojo kodas \/ simbolis IM18 Kolekcijos pavadinimas IRMA Pavadinimas b2b sistemoje IRMA IM-18 balta\/balta, d.magia NAKTIN\u0116 SPINTEL\u0116 P komplektas Produkto pakuo\u010di\u0173 skai\u010dius 2 Stilius Modernus \u012eranga Surinkimo instrukcijos \/ surinkimo priedai Surinkimas Savaranki\u0161kam surinkimui Korpuso spalva Balta Korpuso apdailos med\u017eiaga \/ tipas \/ storis 16 mm bald\u0173 plok\u0161t\u0117 \/ Juosta 18 mm MDF bald\u0173 plok\u0161t\u0117 Vir\u0161utinio korpuso apdaila \/ med\u017eiaga \/ tipas \/ storis 16 mm bald\u0173 plok\u0161t\u0117 Apatinio korpuso apdaila \/ med\u017eiaga \/ tipas \/ storis 16 mm bald\u0173 plok\u0161t\u0117 Galin\u0117s sienel\u0117s apdailos med\u017eiaga \/ tipas \/ storis 2,5 mm HDF bald\u0173 plok\u0161t\u0117 Matoma galin\u0117s sienel\u0117s dalis Balta Priekin\u0117s spalvos Balta Blizgi Priekin\u0117s apdailos med\u017eiaga \/ tipas \/ storis 18 mm MDF bald\u0173 plok\u0161t\u0117 Priekinis vyris \u2300 35 mm, reguliuojamas trijose plok\u0161tumose Priekin\u0117 rankena \/ apdaila \/ spalva Frezuota \/ Baltai blizgi \u0160velnaus u\u017edarymo dur\u0173 sistema Standartinis Kojel\u0117 \/ apdaila \/ spalva Reguliuojama \/ plastikin\u0117 \/ Nikelio Dureli\u0173 skai\u010dius 1 U\u017edar\u0173 ni\u0161\u0173 skai\u010dius 1 Korpuso \u012franga Dekoratyvinis elementas dviej\u0173 spalv\u0173<\/p>","protected":false},"excerpt":{"rendered":"<p>De\u0161in\u0117s pus\u0117s naktinis staliukas IRMA IM18 puikiai tiks bet kuriam miegamajam, suteikdamas jaukumo ir i\u0161baigtumo. Jis sukurtas taip, kad atrodyt\u0173 esteti\u0161kai, kai pastatomas de\u0161in\u0117je lovos pus\u0117je. U\u017e priekio yra erdvi, tu\u0161\u010dia erdv\u0117, kurioje galite pad\u0117ti knyg\u0105 ar asmeninius daiktus, o ant jo \u2013 nedidel\u0119 lemp\u0105 [\u2026]<\/p>","protected":false},"featured_media":254547,"comment_status":"open","ping_status":"open","template":"","meta":[],"product_brand":[],"product_cat":[1176,2457],"product_tag":[],"class_list":{"0":"post-254546","1":"product","2":"type-product","3":"status-publish","4":"has-post-thumbnail","6":"product_cat-bedside-tables","7":"product_cat-liveo","9":"first","10":"instock","11":"purchasable","12":"product-type-simple"},"_links":{"self":[{"href":"https:\/\/baldumarket.lt\/lt\/wp-json\/wp\/v2\/product\/254546","targetHints":{"allow":["GET"]}}],"collection":[{"href":"https:\/\/baldumarket.lt\/lt\/wp-json\/wp\/v2\/product"}],"about":[{"href":"https:\/\/baldumarket.lt\/lt\/wp-json\/wp\/v2\/types\/product"}],"replies":[{"embeddable":true,"href":"https:\/\/baldumarket.lt\/lt\/wp-json\/wp\/v2\/comments?post=254546"}],"wp:featuredmedia":[{"embeddable":true,"href":"https:\/\/baldumarket.lt\/lt\/wp-json\/wp\/v2\/media\/254547"}],"wp:attachment":[{"href":"https:\/\/baldumarket.lt\/lt\/wp-json\/wp\/v2\/media?parent=254546"}],"wp:term":[{"taxonomy":"product_brand","embeddable":true,"href":"https:\/\/baldumarket.lt\/lt\/wp-json\/wp\/v2\/product_brand?post=254546"},{"taxonomy":"product_cat","embeddable":true,"href":"https:\/\/baldumarket.lt\/lt\/wp-json\/wp\/v2\/product_cat?post=254546"},{"taxonomy":"product_tag","embeddable":true,"href":"https:\/\/baldumarket.lt\/lt\/wp-json\/wp\/v2\/product_tag?post=254546"}],"curies":[{"name":"wp","href":"https:\/\/api.w.org\/{rel}","templated":true}]}}