{"id":254543,"date":"2026-01-10T22:27:07","date_gmt":"2026-01-10T19:27:07","guid":{"rendered":"https:\/\/baldumarket.lt\/product\/irma-im17-szafka-nocna-lewostronna\/"},"modified":"2026-02-11T18:31:06","modified_gmt":"2026-02-11T15:31:06","slug":"irma-im17-szafka-nocna-lewostronna","status":"publish","type":"product","link":"https:\/\/baldumarket.lt\/lt\/product\/irma-im17-szafka-nocna-lewostronna\/","title":{"rendered":"IRMA IM17 KAIR\u0116 NAKTINIS STOV\u0116LIS"},"content":{"rendered":"<p>Kairysis naktinis staliukas IRMA IM17 puikiai tiks bet kuriame miegamajame, suteikdamas jaukumo ir i\u0161baigtumo. Jis sukurtas taip, kad esteti\u0161kai atrodyt\u0173, kai pastatomas kair\u0117je lovos pus\u0117je. U\u017e priekio yra erdvi, tu\u0161\u010dia erdv\u0117, kurioje galite pad\u0117ti knyg\u0105 ar asmeninius daiktus, o vir\u0161uje \u2013 ma\u017e\u0105 lemput\u0119. J\u012f galima apr\u016bpinti papildomu LED ap\u0161vietimu (u\u017e papildom\u0105 mokest\u012f), kuris pabr\u0117\u0161 modern\u0173 baldo charakter\u012f, o i\u0161sklaidyta \u0161viesa sukurs maloni\u0105 atmosfer\u0105 miegamajame. Spintel\u0117 turi \u0161velnaus u\u017edarymo dureli\u0173 sistem\u0105. Ry\u0161kus frezavimas fasaduose, kuris pakei\u010dia tradicines rankenas, pabr\u0117\u017eia bendr\u0105 spintel\u0117s stili\u0173. Klasikinis matin\u0117s ir blizgios baltos spalvos derinys puikiai atitinka dabartines tendencijas, suteikdamas spintelei ne\u012ftik\u0117tino \u017eavesio ir gaivumo. Standartin\u0117je spintel\u0117je yra dvi \u012fd\u0117kl\u0173 spalv\u0173 parinktys \u2013 balta ir Maggia \u0105\u017euolo. Naktinis staliukas puikiai der\u0117s su kitais IRMA serijos baldais arba kaip atskiras baldas, kur\u012f galima pritaikyti prie j\u016bs\u0173 kambario i\u0161d\u0117stymo.<\/p>\n<p>Plotis 54 cm Gylis 40 cm Auk\u0161tis 48 cm Produkto svoris su pakuote 15,70 kg Gamintojo kodas \/ simbolis IM17 Kolekcijos pavadinimas IRMA Pavadinimas b2b sistemoje IRMA IM-17 balta\/balta, d.magia NAKTIN\u0116 SPINTEL\u0116 L komplektas Produkto pakuo\u010di\u0173 skai\u010dius 2 Stilius Modernus \u012eranga Surinkimo instrukcijos \/ surinkimo priedai Surinkimas Savaranki\u0161kam surinkimui Korpuso spalva Balta Korpuso apdailos med\u017eiaga \/ tipas \/ storis 16 mm baldin\u0117 plok\u0161t\u0117 \/ Juostel\u0117 18 mm MDF baldin\u0117 plok\u0161t\u0117 Vir\u0161utinio korpuso apdaila \/ med\u017eiaga \/ tipas \/ storis 16 mm baldin\u0117 plok\u0161t\u0117 Apatinio korpuso apdaila \/ med\u017eiaga \/ tipas \/ storis 16 mm baldin\u0117 plok\u0161t\u0117 Galin\u0117s sienel\u0117s apdailos med\u017eiaga \/ tipas \/ storis 2,5 mm HDF baldin\u0117 plok\u0161t\u0117 Matoma galin\u0117s sienel\u0117s dalis Balta Priekin\u0117s spalvos Balta Blizgi Priekin\u0117s apdailos med\u017eiaga \/ tipas \/ storis 18 mm MDF baldin\u0117 plok\u0161t\u0117 Priekinis vyris \u2300 35 mm, reguliuojamas trijose plok\u0161tumose Priekin\u0117 rankena \/ apdaila \/ spalva Frezuota \/ Baltai blizgi \u0160velnaus u\u017edarymo dur\u0173 sistema Standartinis Kojel\u0117 \/ apdaila \/ spalva Reguliuojama \/ plastikin\u0117 \/ Nikeliuota Dureli\u0173 skai\u010dius 1 U\u017edar\u0173 ni\u0161\u0173 skai\u010dius 1 Korpuso \u012franga Dekoratyvinis elementas dviej\u0173 spalv\u0173<\/p>","protected":false},"excerpt":{"rendered":"<p>Kairysis naktinis staliukas IRMA IM17 puikiai tiks bet kuriam miegamajam, suteikdamas jaukumo ir i\u0161baigtumo. Jis sukurtas taip, kad atrodyt\u0173 esteti\u0161kai, kai pastatomas kair\u0117je lovos pus\u0117je. U\u017e priekio yra erdvi, tu\u0161\u010dia erdv\u0117, kurioje galite pad\u0117ti knyg\u0105 ar asmeninius daiktus, o ant jo \u2013 nedidel\u0119 lemp\u0105 [\u2026]<\/p>","protected":false},"featured_media":254544,"comment_status":"open","ping_status":"open","template":"","meta":[],"product_brand":[],"product_cat":[1176,2457],"product_tag":[],"class_list":{"0":"post-254543","1":"product","2":"type-product","3":"status-publish","4":"has-post-thumbnail","6":"product_cat-bedside-tables","7":"product_cat-liveo","9":"first","10":"instock","11":"purchasable","12":"product-type-simple"},"_links":{"self":[{"href":"https:\/\/baldumarket.lt\/lt\/wp-json\/wp\/v2\/product\/254543","targetHints":{"allow":["GET"]}}],"collection":[{"href":"https:\/\/baldumarket.lt\/lt\/wp-json\/wp\/v2\/product"}],"about":[{"href":"https:\/\/baldumarket.lt\/lt\/wp-json\/wp\/v2\/types\/product"}],"replies":[{"embeddable":true,"href":"https:\/\/baldumarket.lt\/lt\/wp-json\/wp\/v2\/comments?post=254543"}],"wp:featuredmedia":[{"embeddable":true,"href":"https:\/\/baldumarket.lt\/lt\/wp-json\/wp\/v2\/media\/254544"}],"wp:attachment":[{"href":"https:\/\/baldumarket.lt\/lt\/wp-json\/wp\/v2\/media?parent=254543"}],"wp:term":[{"taxonomy":"product_brand","embeddable":true,"href":"https:\/\/baldumarket.lt\/lt\/wp-json\/wp\/v2\/product_brand?post=254543"},{"taxonomy":"product_cat","embeddable":true,"href":"https:\/\/baldumarket.lt\/lt\/wp-json\/wp\/v2\/product_cat?post=254543"},{"taxonomy":"product_tag","embeddable":true,"href":"https:\/\/baldumarket.lt\/lt\/wp-json\/wp\/v2\/product_tag?post=254543"}],"curies":[{"name":"wp","href":"https:\/\/api.w.org\/{rel}","templated":true}]}}