{"id":254539,"date":"2026-01-10T22:27:04","date_gmt":"2026-01-10T19:27:04","guid":{"rendered":"https:\/\/baldumarket.lt\/product\/irma-im16-180-s-p-loze-z-pojemnikiem-na-posciel\/"},"modified":"2026-02-11T18:31:06","modified_gmt":"2026-02-11T15:31:06","slug":"irma-im16-180-s-p-loze-z-pojemnikiem-na-posciel","status":"publish","type":"product","link":"https:\/\/baldumarket.lt\/lt\/product\/irma-im16-180-s-p-loze-z-pojemnikiem-na-posciel\/","title":{"rendered":"IRMA IM16\/180 SP Lova su patalyn\u0117s d\u0117\u017ee"},"content":{"rendered":"<p>IRMA IM16 lova su daiktad\u0117\u017ee \u2013 puikus pasirinkimas j\u016bs\u0173 miegamajam, puikiai tinkantis klasikinio ir jaukaus i\u0161d\u0117stymo m\u0117g\u0117jams. Tvirta lovos konstrukcija u\u017etikrina patogi\u0105 miegojimo erdv\u0119, o pats galv\u016bgalis tarnauja kaip dekoratyvinis elementas, pabr\u0117\u017eiantis baldo form\u0105. Lova turi padalint\u0105 daiktad\u0117\u017e\u0119 ir metalin\u012f r\u0117m\u0105 su medin\u0117mis lentjuost\u0117mis. \u010ciu\u017einys \u012f komplekt\u0105 ne\u012feina; j\u012f galima \u012fsigyti atskirai. Galite j\u0105 apr\u016bpinti papildomu LED ap\u0161vietimu (u\u017e papildom\u0105 mokest\u012f), kuris pabr\u0117\u0161 modern\u0173 baldo charakter\u012f, o i\u0161sklaidyta \u0161viesa sukurs maloni\u0105 atmosfer\u0105 miegamajame. Klasikinis matin\u0117s ir blizgios baltos spalv\u0173 derinys puikiai atitinka dabartines tendencijas, suteikdamas lovai ne\u012ftik\u0117tino \u017eavesio ir gaivumo. Standartin\u0117 apdaila yra dviej\u0173 spalv\u0173 \u2013 baltos ir Maggia \u0105\u017euolo. Lova yra trij\u0173 dyd\u017ei\u0173: 140 cm, 160 cm ir 180 cm. Ji puikiai der\u0117s su kitais IRMA serijos baldais arba kaip atskiras baldas, kur\u012f galima pritaikyti prie j\u016bs\u0173 kambario i\u0161d\u0117stymo.<\/p>\n<p>Plotis 201,5 cm Ilgis 201,5 cm Auk\u0161tis 101,5 cm Miegamoji erdv\u0117 180 cm x 200 cm Gaminio svoris su pakuote 143,30 kg Gamintojo kodas \/ simbolis IM16\/180 SP Kolekcijos pavadinimas IRMA Pavadinimas b2b sistemoje IRMA IM-16\/180 balta\/balta, d.magia LOVA su talpos komplektu Gamini\u0173 pakuo\u010di\u0173 skai\u010dius 3 Papildom\u0173 gamini\u0173 pakuo\u010di\u0173 skai\u010dius 3 Stilius Modernus \u012eranga Surinkimo instrukcijos \/ surinkimo priedai Surinkimas Savaranki\u0161kam surinkimui Spalva Balta \/ Blizgi balta Vir\u0161utin\u0117s apdailos med\u017eiaga \/ tipas \/ storis 16 mm bald\u0173 plok\u0161t\u0117 \/ 18 mm MDF bald\u0173 plok\u0161t\u0117 Kair\u0117s ir de\u0161in\u0117s pus\u0117s med\u017eiaga \/ tipas \/ storis 22 mm bald\u0173 plok\u0161t\u0117 Apatin\u0117s apdailos med\u017eiaga \/ tipas \/ storis 16 mm bald\u0173 plok\u0161t\u0117 \/ 18 mm MDF bald\u0173 plok\u0161t\u0117 Pagrindo apdailos med\u017eiaga \/ tipas \/ storis 16 mm bald\u0173 plok\u0161t\u0117 Kojel\u0117 \/ apdaila \/ spalva Nereguliuojama \/ Bald\u0173 slankiklis \/ plastikas \/ Juoda R\u0117mas Standartinis R\u0117mo apdaila Metalinis r\u0117mas \/ medin\u0117s grotel\u0117s R\u0117mo groteli\u0173 skai\u010dius 48 Patalyn\u0117 Standartinis Konteinerio tipas vidin\u0117 lovoje U\u017edaryt\u0173 skai\u010dius ni\u0161os 2 K\u0117bulo \u012franga Dviej\u0173 spalv\u0173 dekoratyvinis elementas<\/p>","protected":false},"excerpt":{"rendered":"<p>IRMA IM16 lova su daiktad\u0117\u017ee \u2013 puikus pasirinkimas j\u016bs\u0173 miegamajam, tinkantis klasikinio ir jaukaus i\u0161d\u0117stymo m\u0117g\u0117jams. Tvirta lovos konstrukcija u\u017etikrina patogi\u0105 miegojimo erdv\u0119, o pats galv\u016bgalis tarnauja kaip dekoratyvinis elementas, pabr\u0117\u017eiantis baldo form\u0105. Lova turi padalint\u0105 daiktad\u0117\u017e\u0119 ir metalin\u012f [\u2026]<\/p>","protected":false},"featured_media":254540,"comment_status":"open","ping_status":"open","template":"","meta":[],"product_brand":[],"product_cat":[505,2457],"product_tag":[],"class_list":{"0":"post-254539","1":"product","2":"type-product","3":"status-publish","4":"has-post-thumbnail","6":"product_cat-bedroom-beds","7":"product_cat-liveo","9":"first","10":"instock","11":"purchasable","12":"product-type-simple"},"_links":{"self":[{"href":"https:\/\/baldumarket.lt\/lt\/wp-json\/wp\/v2\/product\/254539","targetHints":{"allow":["GET"]}}],"collection":[{"href":"https:\/\/baldumarket.lt\/lt\/wp-json\/wp\/v2\/product"}],"about":[{"href":"https:\/\/baldumarket.lt\/lt\/wp-json\/wp\/v2\/types\/product"}],"replies":[{"embeddable":true,"href":"https:\/\/baldumarket.lt\/lt\/wp-json\/wp\/v2\/comments?post=254539"}],"wp:featuredmedia":[{"embeddable":true,"href":"https:\/\/baldumarket.lt\/lt\/wp-json\/wp\/v2\/media\/254540"}],"wp:attachment":[{"href":"https:\/\/baldumarket.lt\/lt\/wp-json\/wp\/v2\/media?parent=254539"}],"wp:term":[{"taxonomy":"product_brand","embeddable":true,"href":"https:\/\/baldumarket.lt\/lt\/wp-json\/wp\/v2\/product_brand?post=254539"},{"taxonomy":"product_cat","embeddable":true,"href":"https:\/\/baldumarket.lt\/lt\/wp-json\/wp\/v2\/product_cat?post=254539"},{"taxonomy":"product_tag","embeddable":true,"href":"https:\/\/baldumarket.lt\/lt\/wp-json\/wp\/v2\/product_tag?post=254539"}],"curies":[{"name":"wp","href":"https:\/\/api.w.org\/{rel}","templated":true}]}}