{"id":254529,"date":"2026-01-10T22:26:57","date_gmt":"2026-01-10T19:26:57","guid":{"rendered":"https:\/\/baldumarket.lt\/product\/irma-im16-160-loze-bez-pojemnika-na-posciel\/"},"modified":"2026-02-11T18:31:06","modified_gmt":"2026-02-11T15:31:06","slug":"irma-im16-160-loze-bez-pojemnika-na-posciel","status":"publish","type":"product","link":"https:\/\/baldumarket.lt\/lt\/product\/irma-im16-160-loze-bez-pojemnika-na-posciel\/","title":{"rendered":"IRMA IM16\/160 LOVA BE PATALYN\u0116S D\u0116\u017d\u0116S"},"content":{"rendered":"<p>IRMA IM16 lova be vietos daiktams \u2013 puikus pasirinkimas j\u016bs\u0173 miegamajam, m\u0117gstantiems klasikin\u012f, jauk\u0173 i\u0161d\u0117stym\u0105. Tvirta lovos konstrukcija suteikia patogi\u0105 miegojimo erdv\u0119, o pats galv\u016bgalis yra dekoratyvinis elementas, i\u0161ry\u0161kinantis baldo form\u0105. Galite j\u0105 apr\u016bpinti papildomu LED ap\u0161vietimu (u\u017e papildom\u0105 mokest\u012f), kuris pabr\u0117\u0161 modern\u0173 baldo charakter\u012f, o i\u0161sklaidyta \u0161viesa sukurs maloni\u0105 atmosfer\u0105 miegamajame. Klasikinis matin\u0117s ir blizgios baltos spalv\u0173 derinys puikiai atitinka dabartines tendencijas, suteikdamas lovai ne\u012ftik\u0117tino \u017eavesio ir gaivumo. Standartiniame komplekte yra dvi \u012fd\u0117kl\u0173 spalv\u0173 parinktys \u2013 balta ir Maggia \u0105\u017euolo. \u010ciu\u017einys ir r\u0117mas \u012f komplekt\u0105 ne\u012feina; juos galima \u012fsigyti atskirai. Lova yra trij\u0173 dyd\u017ei\u0173: 140 cm, 160 cm ir 180 cm. Ji puikiai der\u0117s su kitais IRMA serijos baldais arba bus atskira, leisdama jums pritaikyti savo kambario dizain\u0105.<\/p>\n<p>Plotis 181,5 cm Ilgis 201,5 cm Auk\u0161tis 101,5 cm Miegamoji erdv\u0117 160 cm x 200 cm Produkto svoris su pakuote 87,20 kg Gamintojo kodas \/ simbolis IM16\/160 Kolekcijos pavadinimas IRMA Pavadinimas b2b sistemoje IRMA IM-16\/160 balta\/balta, d.magia Lovos komplektas Produkto pakuo\u010di\u0173 skai\u010dius 3 Stilius Modernus \u012eranga Surinkimo instrukcijos \/ surinkimo priedai Surinkimas Savaranki\u0161kam surinkimui Spalva Balta \/ Blizgi balta Vir\u0161utin\u0117s apdailos med\u017eiaga \/ tipas \/ storis 16 mm bald\u0173 plok\u0161t\u0117 \/ 18 mm MDF bald\u0173 plok\u0161t\u0117 Kair\u0117s ir de\u0161in\u0117s pusi\u0173 apdailos med\u017eiaga \/ tipas \/ storis 22 mm bald\u0173 plok\u0161t\u0117 Apatin\u0117s apdailos med\u017eiaga \/ tipas \/ storis 16 mm bald\u0173 plok\u0161t\u0117 \/ 18 mm MDF bald\u0173 plok\u0161t\u0117 Pagrindo apdailos med\u017eiaga \/ tipas \/ storis 16 mm bald\u0173 plok\u0161t\u0117 Kojel\u0117 \/ apdaila \/ spalva Nereguliuojama \/ Bald\u0173 b\u0117geliai \/ plastikas \/ Juoda Korpuso \u012franga Dviej\u0173 spalv\u0173 dekoratyvinis elementas<\/p>","protected":false},"excerpt":{"rendered":"<p>IRMA IM16 lova be vietos daiktams laikyti \u2013 puikus pasirinkimas j\u016bs\u0173 miegamajam, tiems, kurie m\u0117gsta klasikin\u012f, jauk\u0173 i\u0161d\u0117stym\u0105. Tvirta lovos konstrukcija u\u017etikrina patogi\u0105 miegojimo erdv\u0119, o pats galv\u016bgalis tarnauja kaip dekoratyvinis elementas, pabr\u0117\u017eiantis baldo form\u0105. Galite j\u0105 apr\u016bpinti papildomu LED ap\u0161vietimu (jei norite [\u2026]<\/p>","protected":false},"featured_media":254530,"comment_status":"open","ping_status":"open","template":"","meta":[],"product_brand":[],"product_cat":[505,2457],"product_tag":[],"class_list":{"0":"post-254529","1":"product","2":"type-product","3":"status-publish","4":"has-post-thumbnail","6":"product_cat-bedroom-beds","7":"product_cat-liveo","9":"first","10":"instock","11":"purchasable","12":"product-type-simple"},"_links":{"self":[{"href":"https:\/\/baldumarket.lt\/lt\/wp-json\/wp\/v2\/product\/254529","targetHints":{"allow":["GET"]}}],"collection":[{"href":"https:\/\/baldumarket.lt\/lt\/wp-json\/wp\/v2\/product"}],"about":[{"href":"https:\/\/baldumarket.lt\/lt\/wp-json\/wp\/v2\/types\/product"}],"replies":[{"embeddable":true,"href":"https:\/\/baldumarket.lt\/lt\/wp-json\/wp\/v2\/comments?post=254529"}],"wp:featuredmedia":[{"embeddable":true,"href":"https:\/\/baldumarket.lt\/lt\/wp-json\/wp\/v2\/media\/254530"}],"wp:attachment":[{"href":"https:\/\/baldumarket.lt\/lt\/wp-json\/wp\/v2\/media?parent=254529"}],"wp:term":[{"taxonomy":"product_brand","embeddable":true,"href":"https:\/\/baldumarket.lt\/lt\/wp-json\/wp\/v2\/product_brand?post=254529"},{"taxonomy":"product_cat","embeddable":true,"href":"https:\/\/baldumarket.lt\/lt\/wp-json\/wp\/v2\/product_cat?post=254529"},{"taxonomy":"product_tag","embeddable":true,"href":"https:\/\/baldumarket.lt\/lt\/wp-json\/wp\/v2\/product_tag?post=254529"}],"curies":[{"name":"wp","href":"https:\/\/api.w.org\/{rel}","templated":true}]}}