{"id":254517,"date":"2026-01-10T22:26:48","date_gmt":"2026-01-10T19:26:48","guid":{"rendered":"https:\/\/baldumarket.lt\/product\/irma-im15-szafa-z-lustrem\/"},"modified":"2026-02-11T18:31:07","modified_gmt":"2026-02-11T15:31:07","slug":"irma-im15-szafa-z-lustrem","status":"publish","type":"product","link":"https:\/\/baldumarket.lt\/lt\/product\/irma-im15-szafa-z-lustrem\/","title":{"rendered":"IRMA IM15 spinta su veidrod\u017eiu"},"content":{"rendered":"<p>Spinta IRMA IM15 \u2013 tai didelis ir erdvus baldas, puikiai tinkantis tiek svetainei, tiek miegamajam, bet taip pat puikiai tinka ir kaip persirengimo kambarys. Spinta turi stumdomas duris, tod\u0117l j\u0105 lengviau pasiekti siauruose pra\u0117jimuose. Viduje trys pakabos ir \u0161e\u0161ios lentynos suteikia jai i\u0161skirtinio erdvumo ir funkcionalumo. \u0160ioje did\u017eiul\u0117je erdv\u0117je lengvai tilps viskas, ko jums reikia, ir i\u0161liksite organizuoti. Vidurin\u0117se duryse yra keturi veidrod\u017eiai, suteikiantys spintai eleganti\u0161k\u0105 akcent\u0105. Spinta turi energij\u0105 taupant\u012f, \u0161altai balt\u0105 LED ap\u0161vietim\u0105 vir\u0161utin\u0117je panel\u0117je. Klasikinis matin\u0117s ir blizgios baltos spalvos derinys puikiai atitinka dabartines tendencijas, suteikdamas spintai ne\u012ftik\u0117tino \u017eavesio ir gaivumo, o atspindinti \u0161viesa suteikia interjerui stilingo \u017eavesio. Spinta idealiai tinka derinti su kitais IRMA serijos baldais arba naudoti kaip atskir\u0105 bald\u0105, leid\u017eiant\u012f jums suasmeninti savo kambario dizain\u0105.<\/p>\n<p>Plotis 235 cm Gylis 62 cm Auk\u0161tis 210 cm Produkto svoris su pakuote 197,05 kg Gamintojo kodas \/ simbolis IM15 Kolekcijos pavadinimas IRMA Pavadinimas b2b sistemoje IRMA IM-15 balta\/balta blizgi STUMDOMA SPINTEL\u0116 komplektas Produkt\u0173 pakuo\u010di\u0173 skai\u010dius 6 Stilius Modernus \u012eranga Surinkimo instrukcijos \/ surinkimo priedai Surinkimui Savaranki\u0161kam surinkimui Korpuso spalva Balta Korpuso apdailos med\u017eiaga \/ tipas \/ storis 16 mm baldin\u0117 plok\u0161t\u0117 \/ Juostel\u0117 18 mm MDF baldin\u0117 plok\u0161t\u0117 Vir\u0161utinio korpuso apdaila \/ med\u017eiaga \/ tipas \/ storis 16 mm baldin\u0117 plok\u0161t\u0117 Apatinio korpuso apdaila \/ med\u017eiaga \/ tipas \/ storis 16 mm baldin\u0117 plok\u0161t\u0117 Lentynos spalva Balta Lentynos apdailos med\u017eiaga \/ tipas \/ storis 16 mm baldin\u0117 plok\u0161t\u0117 Lentyn\u0173 kiekis 4 Kar\u016bnin\u0117s lentynos kiekis 1 Galin\u0117s sienel\u0117s apdailos med\u017eiaga \/ tipas \/ storis 2,5 mm HDF baldin\u0117 plok\u0161t\u0117 Matoma galin\u0117s sienel\u0117s dalis Balta Priekin\u0117 spalva Blizgi balta Priekin\u0117s apdailos med\u017eiaga \/ tipas \/ storis 18 mm MDF baldin\u0117 plok\u0161t\u0117 Priekin\u0117 dalis su veidrod\u017eiu TAIP Priekin\u0117 dalis su veidrod\u017eiu kiekis 1 Priekinis vyris Stumdom\u0173 dur\u0173 sistema Priekin\u0117 rankena \/ apdaila \/ spalva Aliuminio profilis \/ Sidabrin\u0117 I\u0161orinis ap\u0161vietimas Standartinis I\u0161orinio ap\u0161vietimo \u0161viesos spalva \u0160altai balta I\u0161orinis ap\u0161vietimas Energijos vartojimo efektyvumo klas\u0117 A++ Kojel\u0117 \/ apdaila \/ spalva Reguliuojama \/ plastikin\u0117 \/ nikelin\u0117 Papildoma kojel\u0117 \/ apdaila \/ spalva Reguliuojama vidurin\u0117 dalis \/ plastikin\u0117 \/ nikelin\u0117 Dureli\u0173 skai\u010dius 3 U\u017edar\u0173 ni\u0161\u0173 skai\u010dius 8 Korpuso \u012franga Standartin\u0117: 3 pakabos strypai<\/p>","protected":false},"excerpt":{"rendered":"<p>IRMA IM15 spinta \u2013 didelis ir erdvus baldas, puikiai tinkantis tiek svetainei, tiek miegamajam, bet taip pat puikiai tinka ir kaip persirengimo kambarys. Spinta turi stumdomas duris, tod\u0117l j\u0105 lengviau pasiekti siauruose pra\u0117jimuose. Viduje trys pakabos ir \u0161e\u0161ios lentynos suteikia jai i\u0161skirtinio erdvumo ir funkcionalumo. \u0160i did\u017eiul\u0117 [\u2026]<\/p>","protected":false},"featured_media":254518,"comment_status":"open","ping_status":"open","template":"","meta":[],"product_brand":[],"product_cat":[2457,1177],"product_tag":[],"class_list":{"0":"post-254517","1":"product","2":"type-product","3":"status-publish","4":"has-post-thumbnail","6":"product_cat-liveo","7":"product_cat-wardrobes","9":"first","10":"instock","11":"purchasable","12":"product-type-simple"},"_links":{"self":[{"href":"https:\/\/baldumarket.lt\/lt\/wp-json\/wp\/v2\/product\/254517","targetHints":{"allow":["GET"]}}],"collection":[{"href":"https:\/\/baldumarket.lt\/lt\/wp-json\/wp\/v2\/product"}],"about":[{"href":"https:\/\/baldumarket.lt\/lt\/wp-json\/wp\/v2\/types\/product"}],"replies":[{"embeddable":true,"href":"https:\/\/baldumarket.lt\/lt\/wp-json\/wp\/v2\/comments?post=254517"}],"wp:featuredmedia":[{"embeddable":true,"href":"https:\/\/baldumarket.lt\/lt\/wp-json\/wp\/v2\/media\/254518"}],"wp:attachment":[{"href":"https:\/\/baldumarket.lt\/lt\/wp-json\/wp\/v2\/media?parent=254517"}],"wp:term":[{"taxonomy":"product_brand","embeddable":true,"href":"https:\/\/baldumarket.lt\/lt\/wp-json\/wp\/v2\/product_brand?post=254517"},{"taxonomy":"product_cat","embeddable":true,"href":"https:\/\/baldumarket.lt\/lt\/wp-json\/wp\/v2\/product_cat?post=254517"},{"taxonomy":"product_tag","embeddable":true,"href":"https:\/\/baldumarket.lt\/lt\/wp-json\/wp\/v2\/product_tag?post=254517"}],"curies":[{"name":"wp","href":"https:\/\/api.w.org\/{rel}","templated":true}]}}