{"id":254513,"date":"2026-01-10T22:26:45","date_gmt":"2026-01-10T19:26:45","guid":{"rendered":"https:\/\/baldumarket.lt\/product\/irma-im14-szafa-z-lustrem\/"},"modified":"2026-02-11T18:31:07","modified_gmt":"2026-02-11T15:31:07","slug":"irma-im14-szafa-z-lustrem","status":"publish","type":"product","link":"https:\/\/baldumarket.lt\/lt\/product\/irma-im14-szafa-z-lustrem\/","title":{"rendered":"IRMA IM14 spinta su veidrod\u017eiu"},"content":{"rendered":"<p>Spinta IRMA IM14 skirta eleganti\u0161kam miegamajam, svetainei ar prie\u0161kambariui. \u0160i didel\u0117 spinta ne tik suteiks vietos daiktams susid\u0117ti, bet ir taps patraukliu bet kuri\u0173 nam\u0173 akcentu. Spintos vidus padalintas \u012f dvi dalis. Vienoje pus\u0117je yra lentynos smulkiems drabu\u017eiams ir aksesuarams susid\u0117ti, o kitoje \u2013 erdv\u0117 su dviem b\u0117geliais paltams ir mar\u0161kiniams pakabinti. Centriniame fasade esantis veidrodis vizualiai padidina erdv\u0119, \u012fleisdamas \u012f vid\u0173 daugiau \u0161viesos. Spinta turi \u0161velniai u\u017esidaran\u010dias dureles ir energij\u0105 taupant\u012f \u0161altai baltos spalvos LED ap\u0161vietim\u0105 vir\u0161utin\u0117je panel\u0117je. Ry\u0161k\u016bs frezuoti fasadai, pakei\u010diantys tradicines rankenas, pary\u0161kina bendr\u0105 spintos stili\u0173. Klasikinis matin\u0117s ir blizgios baltos spalvos derinys puikiai papildo dabartines tendencijas, suteikdamas spintai ne\u012ftik\u0117tino \u017eavesio ir gaivumo, o atspindinti \u0161viesa suteikia interjerui v\u0117sios elegancijos. Galima rinktis i\u0161 dviej\u0173 standartini\u0173 \u012fd\u0117kl\u0173 spalv\u0173 \u2013 baltos ir Maggia \u0105\u017euolo. Spinta puikiai der\u0117s su kitais IRMA serijos baldais arba kaip atskiras baldas, kur\u012f galima pritaikyti prie j\u016bs\u0173 kambario i\u0161d\u0117stymo.<\/p>\n<p>Plotis 164 cm Gylis 54,5 cm Auk\u0161tis 205,5 cm Produkto svoris su pakuote 132,00 kg Gamintojo kodas \/ simbolis IM14 Kolekcijos pavadinimas IRMA Pavadinimas b2b sistemoje IRMA IM-14 balta\/balta blizgi, d.magia 3D SPINTEL\u0116S komplektas Produkto pakuo\u010di\u0173 skai\u010dius 4 Stilius Modernus \u012eranga Surinkimo instrukcijos \/ surinkimo priedai Surinkimas Savaranki\u0161kam surinkimui Korpuso spalva Balta Korpuso apdailos med\u017eiaga \/ tipas \/ storis 16 mm baldin\u0117 plok\u0161t\u0117 \/ Juostel\u0117 18 mm MDF baldin\u0117 plok\u0161t\u0117 Korpuso vir\u0161utin\u0117s dalies apdaila \/ med\u017eiaga \/ tipas \/ storis 16 mm baldin\u0117 plok\u0161t\u0117 Korpuso vir\u0161utin\u0117s dalies apdaila \/ med\u017eiaga \/ tipas \/ storis 16 mm baldin\u0117 plok\u0161t\u0117 Apatin\u0117s dalies apdaila \/ med\u017eiaga \/ tipas \/ storis 16 mm baldin\u0117 plok\u0161t\u0117 Lentynos spalva Balta Lentynos apdailos med\u017eiaga \/ tipas \/ storis 16 mm baldin\u0117 plok\u0161t\u0117 Lentyn\u0173 kiekis 3 Kar\u016bnin\u0117s lentynos kiekis 1 Galin\u0117s sienel\u0117s apdailos med\u017eiaga \/ tipas \/ storis 2,5 mm HDF baldin\u0117 plok\u0161t\u0117 Matoma galin\u0117s sienel\u0117s dalis Balta Priekin\u0117 spalva Balta Blizgi Priekin\u0117s apdailos med\u017eiaga \/ tipas \/ storis 18 mm MDF baldin\u0117 plok\u0161t\u0117 Priekin\u0117 dalis su veidrod\u017eiu TAIP Priekin\u0117 dalis su veidrod\u017eiu kiekis 1 Priekinis vyris \u2300 35 mm, reguliuojamas trimis kryptimis Plok\u0161tumos Priekin\u0117 rankena \/ apdaila \/ spalva Frezuotas \/ Baltai blizgus I\u0161orinis ap\u0161vietimas Standarti\u0161kai I\u0161orinio ap\u0161vietimo \u0161viesos spalva \u0160altai balta I\u0161orinio ap\u0161vietimo energijos klas\u0117 A++ \u0160velnaus u\u017edarymo dur\u0173 sistema Standarti\u0161kai Kojel\u0117 \/ apdaila \/ spalva Reguliuojama \/ plastikin\u0117 \/ nikelio Papildoma kojel\u0117 \/ apdaila \/ spalva Reguliuojama vidurin\u0117 dalis \/ plastikin\u0117 \/ nikelio Dureli\u0173 skai\u010dius 3 U\u017edar\u0173 ni\u0161\u0173 skai\u010dius 6 Korpuso \u012franga Dviej\u0173 spalv\u0173 dekoratyvinis elementas Standarti\u0161kai 2 pakabos<\/p>","protected":false},"excerpt":{"rendered":"<p>IRMA IM14 spinta skirta eleganti\u0161kam miegamajam, svetainei ar prie\u0161kambariui. \u0160i didel\u0117 spinta ne tik suteiks vietos daiktams susid\u0117ti, bet ir taps patraukliu bet kuri\u0173 nam\u0173 akcentu. Spintos vidus padalintas \u012f dvi dalis. Vienoje pus\u0117je yra lentynos smulkiems drabu\u017eiams ir aksesuarams susid\u0117ti, o [\u2026]<\/p>","protected":false},"featured_media":254514,"comment_status":"open","ping_status":"open","template":"","meta":[],"product_brand":[],"product_cat":[2457,1177],"product_tag":[],"class_list":{"0":"post-254513","1":"product","2":"type-product","3":"status-publish","4":"has-post-thumbnail","6":"product_cat-liveo","7":"product_cat-wardrobes","9":"first","10":"instock","11":"purchasable","12":"product-type-simple"},"_links":{"self":[{"href":"https:\/\/baldumarket.lt\/lt\/wp-json\/wp\/v2\/product\/254513","targetHints":{"allow":["GET"]}}],"collection":[{"href":"https:\/\/baldumarket.lt\/lt\/wp-json\/wp\/v2\/product"}],"about":[{"href":"https:\/\/baldumarket.lt\/lt\/wp-json\/wp\/v2\/types\/product"}],"replies":[{"embeddable":true,"href":"https:\/\/baldumarket.lt\/lt\/wp-json\/wp\/v2\/comments?post=254513"}],"wp:featuredmedia":[{"embeddable":true,"href":"https:\/\/baldumarket.lt\/lt\/wp-json\/wp\/v2\/media\/254514"}],"wp:attachment":[{"href":"https:\/\/baldumarket.lt\/lt\/wp-json\/wp\/v2\/media?parent=254513"}],"wp:term":[{"taxonomy":"product_brand","embeddable":true,"href":"https:\/\/baldumarket.lt\/lt\/wp-json\/wp\/v2\/product_brand?post=254513"},{"taxonomy":"product_cat","embeddable":true,"href":"https:\/\/baldumarket.lt\/lt\/wp-json\/wp\/v2\/product_cat?post=254513"},{"taxonomy":"product_tag","embeddable":true,"href":"https:\/\/baldumarket.lt\/lt\/wp-json\/wp\/v2\/product_tag?post=254513"}],"curies":[{"name":"wp","href":"https:\/\/api.w.org\/{rel}","templated":true}]}}