{"id":254509,"date":"2026-01-10T22:26:41","date_gmt":"2026-01-10T19:26:41","guid":{"rendered":"https:\/\/baldumarket.lt\/product\/irma-im11-polka-wiszaca\/"},"modified":"2026-02-11T18:31:07","modified_gmt":"2026-02-11T15:31:07","slug":"irma-im11-polka-wiszaca","status":"publish","type":"product","link":"https:\/\/baldumarket.lt\/lt\/product\/irma-im11-polka-wiszaca\/","title":{"rendered":"IRMA IM11 PAKABINAME LENTYNA"},"content":{"rendered":"<p>IRMA IM11 lentyna puikiai tinka tiek svetainei, tiek valgomajam. Pakabinta vir\u0161 televizoriaus svetain\u0117je, ji papuo\u0161 tu\u0161\u010di\u0105 sien\u0105. Ant jos galite eksponuoti knyg\u0173 kolekcij\u0105 arba naudoti kaip g\u0117li\u0173 ar dekoratyvini\u0173 daikt\u0173 pagrind\u0105. Pakabinam\u0173 lentyn\u0173 privalumas \u2013 lengva prieiga prie ant j\u0173 esan\u010di\u0173 daikt\u0173. Paprastai tereikia pasiekti ir viskas. Klasikinis matin\u0117s ir blizgios baltos spalvos derinys puikiai atitinka dabartines tendencijas, suteikdamas lentynai ne\u012ftik\u0117tino \u017eavesio ir gaivumo, o atspindinti \u0161viesa suteiks interjerui \u0161aunios elegancijos. Lentyna puikiai dera su kitais IRMA serijos baldais arba yra atskiras baldas, prisitaikantis prie j\u016bs\u0173 kambario interjero.<\/p>\n<p>Plotis 152 cm Gylis 21,5 cm Auk\u0161tis 21 cm Produkto svoris su pakuote 8,10 kg Gamintojo kodas \/ simbolis IM11 Kolekcijos pavadinimas IRMA Pavadinimas b2b sistemoje IRMA IM-11 \u0105\u017euolo \/ baltos blizgios PAKABINAM\u0172 LENTYN\u0172 komplektas Produkto pakuo\u010di\u0173 skai\u010dius 1 Stilius Modernus \u012eranga Surinkimo instrukcijos \/ surinkimo priedai Surinkimas Savaranki\u0161kam surinkimui Spalva \u0104\u017euolo \/ baltos blizgios Korpuso med\u017eiaga \/ tipas \/ storis 18 mm MDF bald\u0173 plok\u0161t\u0117 Korpuso vir\u0161utin\u0117s dalies med\u017eiaga \/ tipas \/ storis 16 mm bald\u0173 plok\u0161t\u0117 Korpuso \u012franga Reguliuojami bald\u0173 pakabos<\/p>","protected":false},"excerpt":{"rendered":"<p>IRMA IM11 lentyna puikiai tinka tiek svetainei, tiek valgomajam. Pakabinta vir\u0161 televizoriaus svetain\u0117je, ji papuo\u0161 tu\u0161\u010di\u0105 sien\u0105. Ant jos galite eksponuoti knyg\u0173 kolekcij\u0105 arba naudoti kaip pagrind\u0105 g\u0117l\u0117ms ar dekoratyviniams daiktams. Pakabinam\u0173 lentyn\u0173 privalumas yra tas, kad [\u2026]<\/p>","protected":false},"featured_media":254444,"comment_status":"open","ping_status":"open","template":"","meta":[],"product_brand":[],"product_cat":[1174,2457],"product_tag":[],"class_list":{"0":"post-254509","1":"product","2":"type-product","3":"status-publish","4":"has-post-thumbnail","6":"product_cat-hanging-shelves","7":"product_cat-liveo","9":"first","10":"instock","11":"purchasable","12":"product-type-simple"},"_links":{"self":[{"href":"https:\/\/baldumarket.lt\/lt\/wp-json\/wp\/v2\/product\/254509","targetHints":{"allow":["GET"]}}],"collection":[{"href":"https:\/\/baldumarket.lt\/lt\/wp-json\/wp\/v2\/product"}],"about":[{"href":"https:\/\/baldumarket.lt\/lt\/wp-json\/wp\/v2\/types\/product"}],"replies":[{"embeddable":true,"href":"https:\/\/baldumarket.lt\/lt\/wp-json\/wp\/v2\/comments?post=254509"}],"wp:featuredmedia":[{"embeddable":true,"href":"https:\/\/baldumarket.lt\/lt\/wp-json\/wp\/v2\/media\/254444"}],"wp:attachment":[{"href":"https:\/\/baldumarket.lt\/lt\/wp-json\/wp\/v2\/media?parent=254509"}],"wp:term":[{"taxonomy":"product_brand","embeddable":true,"href":"https:\/\/baldumarket.lt\/lt\/wp-json\/wp\/v2\/product_brand?post=254509"},{"taxonomy":"product_cat","embeddable":true,"href":"https:\/\/baldumarket.lt\/lt\/wp-json\/wp\/v2\/product_cat?post=254509"},{"taxonomy":"product_tag","embeddable":true,"href":"https:\/\/baldumarket.lt\/lt\/wp-json\/wp\/v2\/product_tag?post=254509"}],"curies":[{"name":"wp","href":"https:\/\/api.w.org\/{rel}","templated":true}]}}