{"id":254507,"date":"2026-01-10T22:26:38","date_gmt":"2026-01-10T19:26:38","guid":{"rendered":"https:\/\/baldumarket.lt\/product\/irma-im10-polka-wiszaca-2\/"},"modified":"2026-02-11T18:31:07","modified_gmt":"2026-02-11T15:31:07","slug":"irma-im10-polka-wiszaca-2","status":"publish","type":"product","link":"https:\/\/baldumarket.lt\/lt\/product\/irma-im10-polka-wiszaca-2\/","title":{"rendered":"IRMA IM10 PAKABINAME LENTYNA"},"content":{"rendered":"<p>IRMA IM10 lentyna puikiai tinka tiek svetainei, tiek valgomajam. Ant jos galima sud\u0117ti knyg\u0173 kolekcij\u0105 arba pasid\u0117ti g\u0117les ar dekoratyvinius daiktus. Pagrindinis jos privalumas yra tas, kad j\u0105 galima naudoti net ir ma\u017eose erdv\u0117se, nes 100 cm plo\u010dio ji neu\u017eima daug vietos. Klasikinis matin\u0117s ir blizgios baltos spalvos derinys puikiai atitinka dabartines tendencijas, suteikdamas lentynai ne\u012ftik\u0117tino \u017eavesio ir gaivumo, o atspindinti \u0161viesa suteikia interjerui \u0161aunios elegancijos. Lentyna idealiai dera su kitais IRMA serijos baldais arba yra atskiras baldas, leid\u017eiantis j\u0105 pritaikyti prie savo kambario dizaino.<\/p>\n<p>Plotis 100 cm Gylis 21,5 cm Auk\u0161tis 21 cm Produkto svoris su pakuote 5,50 kg Gamintojo kodas \/ simbolis IM10 Kolekcijos pavadinimas IRMA Pavadinimas b2b sistemoje IRMA IM-10 balta \/ balta blizgi PAKABINAM\u0172 LENTYN\u0172 komplektas Produkto pakuo\u010di\u0173 skai\u010dius 1 Stilius Modernus \u012eranga Surinkimo instrukcijos \/ surinkimo priedai Surinkimas Savaranki\u0161kam surinkimui Spalva Balta \/ Balta blizgi Korpuso med\u017eiaga \/ tipas \/ storis 18 mm MDF bald\u0173 plok\u0161t\u0117 Korpuso vir\u0161utin\u0117s dalies med\u017eiaga \/ tipas \/ storis 16 mm bald\u0173 plok\u0161t\u0117 Korpuso \u012franga Reguliuojami bald\u0173 pakabos<\/p>","protected":false},"excerpt":{"rendered":"<p>IRMA IM10 lentyna puikiai tinka tiek svetainei, tiek valgomajam. Ant jos galima sud\u0117ti knyg\u0173 kolekcij\u0105 arba pasid\u0117ti g\u0117les ar dekoratyvinius daiktus. Pagrindinis jos privalumas yra tas, kad j\u0105 galima naudoti net ma\u017eose erdv\u0117se, nes 100 cm plo\u010dio ji neu\u017eima daug vietos [\u2026]<\/p>","protected":false},"featured_media":254439,"comment_status":"open","ping_status":"open","template":"","meta":[],"product_brand":[],"product_cat":[1174,2457],"product_tag":[],"class_list":{"0":"post-254507","1":"product","2":"type-product","3":"status-publish","4":"has-post-thumbnail","6":"product_cat-hanging-shelves","7":"product_cat-liveo","9":"first","10":"instock","11":"purchasable","12":"product-type-simple"},"_links":{"self":[{"href":"https:\/\/baldumarket.lt\/lt\/wp-json\/wp\/v2\/product\/254507","targetHints":{"allow":["GET"]}}],"collection":[{"href":"https:\/\/baldumarket.lt\/lt\/wp-json\/wp\/v2\/product"}],"about":[{"href":"https:\/\/baldumarket.lt\/lt\/wp-json\/wp\/v2\/types\/product"}],"replies":[{"embeddable":true,"href":"https:\/\/baldumarket.lt\/lt\/wp-json\/wp\/v2\/comments?post=254507"}],"wp:featuredmedia":[{"embeddable":true,"href":"https:\/\/baldumarket.lt\/lt\/wp-json\/wp\/v2\/media\/254439"}],"wp:attachment":[{"href":"https:\/\/baldumarket.lt\/lt\/wp-json\/wp\/v2\/media?parent=254507"}],"wp:term":[{"taxonomy":"product_brand","embeddable":true,"href":"https:\/\/baldumarket.lt\/lt\/wp-json\/wp\/v2\/product_brand?post=254507"},{"taxonomy":"product_cat","embeddable":true,"href":"https:\/\/baldumarket.lt\/lt\/wp-json\/wp\/v2\/product_cat?post=254507"},{"taxonomy":"product_tag","embeddable":true,"href":"https:\/\/baldumarket.lt\/lt\/wp-json\/wp\/v2\/product_tag?post=254507"}],"curies":[{"name":"wp","href":"https:\/\/api.w.org\/{rel}","templated":true}]}}