{"id":254497,"date":"2026-01-10T22:26:30","date_gmt":"2026-01-10T19:26:30","guid":{"rendered":"https:\/\/baldumarket.lt\/product\/irma-im09-szafa\/"},"modified":"2026-02-11T18:31:07","modified_gmt":"2026-02-11T15:31:07","slug":"irma-im09-szafa","status":"publish","type":"product","link":"https:\/\/baldumarket.lt\/lt\/product\/irma-im09-szafa\/","title":{"rendered":"IRMA IM09 DRABU\u017dIN\u0116"},"content":{"rendered":"<p>Spinta IRMA IM09 \u2013 itin funkcionalus ir ergonomi\u0161kas baldas, skirtas modernioms svetain\u0117ms, miegamiesiems ir koridoriams. Jos viduje yra du pakabos b\u0117geliai ir lentynos \u2013 puikus sprendimas patogiai laikyti drabu\u017eius ir aksesuarus, palengvinantis tvark\u0105. \u0160is eleganti\u0161kos i\u0161vaizdos baldas neu\u017eima daug vietos, ta\u010diau viduje yra erdvus. Spinta turi \u0161velniai u\u017esidarant\u012f dur\u0173 mechanizm\u0105 ir energij\u0105 taupant\u012f, \u0161altai balt\u0105 LED ap\u0161vietim\u0105 vir\u0161utin\u0117je panel\u0117je. Ry\u0161k\u016bs frezuoti fasadai, pakei\u010diantys tradicines rankenas, pabr\u0117\u017eia bendr\u0105 spintos stili\u0173. Klasikinis matin\u0117s ir blizgios baltos spalvos derinys puikiai atitinka dabartines tendencijas, suteikdamas spintai ne\u012ftik\u0117tino \u017eavesio ir gaivumo, o atspindinti \u0161viesa suteikia interjerui \u0161aunios elegancijos. Galima rinktis i\u0161 dviej\u0173 standartini\u0173 \u012fd\u0117kl\u0173 spalv\u0173 \u2013 baltos ir \u201eMaggia Oak\u201c. Spinta idealiai tinka derinti su kitais IRMA serijos baldais arba naudoti kaip atskir\u0105 bald\u0105, leid\u017eiant\u012f pritaikyti savo kambario dizain\u0105.<\/p>\n<p>Plotis 100 cm Gylis 54,5 cm Auk\u0161tis 195,5 cm Produkto svoris su pakuote 95,95 kg Gamintojo kodas \/ simbolis IM09 Kolekcijos pavadinimas IRMA Pavadinimas b2b sistemoje IRMA IM-9 \u0105\u017euolo\/baltos blizgios SPINTEL\u0116 2D komplektas Produkto pakuo\u010di\u0173 skai\u010dius 3 \u012eranga Surinkimo instrukcijos \/ surinkimo priedai Surinkimui Savaranki\u0161kam surinkimui Korpuso spalva \u0104\u017euolas Korpuso med\u017eiaga \/ tipas \/ storis 16 mm bald\u0173 plok\u0161t\u0117 \/ Juostel\u0117 18 mm MDF bald\u0173 plok\u0161t\u0117 Vir\u0161utinio korpuso vir\u0161utinio sluoksnio med\u017eiaga \/ tipas \/ storis 16 mm bald\u0173 plok\u0161t\u0117 Apatinio korpuso vir\u0161utinio sluoksnio med\u017eiaga \/ tipas \/ storis 16 mm bald\u0173 plok\u0161t\u0117 Lentynos spalva \u0104\u017euolas Lentynos med\u017eiaga \/ tipas \/ storis 16 mm bald\u0173 plok\u0161t\u0117 Lentyn\u0173 kiekis 3 Kar\u016bnuoto tipo lentyn\u0173 kiekis 1 Galin\u0117s sienel\u0117s med\u017eiaga \/ tipas \/ storis 2,5 mm HDF bald\u0173 plok\u0161t\u0117 Matoma galin\u0117s sienel\u0117s dalis \u0104\u017euolas Priekin\u0117 spalva Blizgi balta Priekin\u0117 med\u017eiaga \/ tipas \/ storis 18 mm MDF bald\u0173 plok\u0161t\u0117 Priekinis vyris \u2300 35 mm, reguliuojamas trijose plok\u0161tumose Priekin\u0117 rankena \/ med\u017eiaga \/ spalva Frezuota \/ Blizgi balta I\u0161orinis ap\u0161vietimas Standartinis I\u0161orinio ap\u0161vietimo \u0161viesos spalva \u0160iltai balta I\u0161orinio ap\u0161vietimo klas\u0117 energetinis efektyvumas A++ \u0160velnaus u\u017edarymo dur\u0173 sistema Standartin\u0117 Kojel\u0117 \/ apdaila \/ spalva Reguliuojama \/ plastikin\u0117 \/ nikelio Papildoma kojel\u0117 \/ apdaila \/ spalva Reguliuojama vidurin\u0117 dalis \/ plastikin\u0117 \/ nikelio Dureli\u0173 skai\u010dius 2 U\u017edar\u0173 ni\u0161\u0173 skai\u010dius 6 Korpuso \u012franga Standartin\u0117 2 pakabos strypai<\/p>","protected":false},"excerpt":{"rendered":"<p>IRMA IM09 spinta yra itin funkcionalus ir ergonomi\u0161kas baldas, skirtas modernioms svetain\u0117ms, miegamiesiems ir koridoriams. Jos vid\u0173 sudaro du pakabos ir lentynos \u2013 puikus sprendimas patogiai laikyti drabu\u017eius ir aksesuarus, palengvinant tvark\u0105. \u0160is eleganti\u0161kos i\u0161vaizdos baldas neu\u017eima daug vietos, ta\u010diau yra [\u2026]<\/p>","protected":false},"featured_media":254498,"comment_status":"open","ping_status":"open","template":"","meta":[],"product_brand":[],"product_cat":[2457,1177],"product_tag":[],"class_list":{"0":"post-254497","1":"product","2":"type-product","3":"status-publish","4":"has-post-thumbnail","6":"product_cat-liveo","7":"product_cat-wardrobes","9":"first","10":"instock","11":"purchasable","12":"product-type-simple"},"_links":{"self":[{"href":"https:\/\/baldumarket.lt\/lt\/wp-json\/wp\/v2\/product\/254497","targetHints":{"allow":["GET"]}}],"collection":[{"href":"https:\/\/baldumarket.lt\/lt\/wp-json\/wp\/v2\/product"}],"about":[{"href":"https:\/\/baldumarket.lt\/lt\/wp-json\/wp\/v2\/types\/product"}],"replies":[{"embeddable":true,"href":"https:\/\/baldumarket.lt\/lt\/wp-json\/wp\/v2\/comments?post=254497"}],"wp:featuredmedia":[{"embeddable":true,"href":"https:\/\/baldumarket.lt\/lt\/wp-json\/wp\/v2\/media\/254498"}],"wp:attachment":[{"href":"https:\/\/baldumarket.lt\/lt\/wp-json\/wp\/v2\/media?parent=254497"}],"wp:term":[{"taxonomy":"product_brand","embeddable":true,"href":"https:\/\/baldumarket.lt\/lt\/wp-json\/wp\/v2\/product_brand?post=254497"},{"taxonomy":"product_cat","embeddable":true,"href":"https:\/\/baldumarket.lt\/lt\/wp-json\/wp\/v2\/product_cat?post=254497"},{"taxonomy":"product_tag","embeddable":true,"href":"https:\/\/baldumarket.lt\/lt\/wp-json\/wp\/v2\/product_tag?post=254497"}],"curies":[{"name":"wp","href":"https:\/\/api.w.org\/{rel}","templated":true}]}}