{"id":254493,"date":"2026-01-10T22:26:27","date_gmt":"2026-01-10T19:26:27","guid":{"rendered":"https:\/\/baldumarket.lt\/product\/irma-im08-regal-zamkniety-2\/"},"modified":"2026-02-11T18:31:07","modified_gmt":"2026-02-11T15:31:07","slug":"irma-im08-regal-zamkniety-2","status":"publish","type":"product","link":"https:\/\/baldumarket.lt\/lt\/product\/irma-im08-regal-zamkniety-2\/","title":{"rendered":"IRMA IM08 U\u017dDAROS LENTYNOS"},"content":{"rendered":"<p>IRMA IM08 knyg\u0173 lentyna yra universalus ir funkcionalus dizaino elementas svetainei ar miegamajam. D\u0117l plono dizaino su u\u017erakinamomis lentynomis ji puikiai tinka stalo \u012frankiams, dokumentams ir smulkiems drabu\u017ei\u0173 spintos daiktams laikyti. Ji turi \u0161velniai u\u017esidarant\u012f dur\u0173 mechanizm\u0105 ir energij\u0105 taupant\u012f \u0161altai balt\u0105 LED ap\u0161vietim\u0105 vir\u0161utin\u0117je panel\u0117je. Ry\u0161kus frezavimas fasaduose, pakei\u010diantis tradicines rankenas, pary\u0161kina bendr\u0105 spintel\u0117s stili\u0173. Klasikinis matin\u0117s ir blizgios baltos spalvos derinys puikiai atitinka dabartines tendencijas, suteikdamas ne\u012ftik\u0117tino \u017eavesio ir gaivumo, o atspindinti \u0161viesa suteikia interjerui \u0161aunios elegancijos. Galima rinktis i\u0161 dviej\u0173 standartini\u0173 \u012fd\u0117kl\u0173 spalv\u0173 \u2013 baltos ir Maggia \u0105\u017euolo. Televizoriaus staliukas idealiai tinka derinti su kitais IRMA serijos baldais arba naudoti kaip atskiras baldas, leid\u017eiantis jums pritaikyti savo kambario dizain\u0105.<\/p>\n<p>Plotis 60 cm Gylis 39 cm Auk\u0161tis 195,5 cm Produkto svoris su pakuote 54,20 kg Gamintojo kodas \/ simbolis IM08 Kolekcijos pavadinimas IRMA Pavadinimas b2b sistemoje IRMA IM-8 balta\/balta blizgi, d.magia LENTYN\u0172 komplektas Produkt\u0173 pakuo\u010di\u0173 skai\u010dius 3 Stilius Modernus \u012eranga Surinkimo instrukcijos \/ surinkimo priedai Surinkimas Savaranki\u0161kas surinkimas Korpuso spalva Balta Korpuso apdailos med\u017eiaga \/ tipas \/ storis 16 mm bald\u0173 plok\u0161t\u0117 \/ Juosta 18 mm MDF bald\u0173 plok\u0161t\u0117 Vir\u0161utinio korpuso apdaila \/ med\u017eiaga \/ tipas \/ storis 16 mm bald\u0173 plok\u0161t\u0117 Apatinio korpuso apdaila \/ med\u017eiaga \/ tipas \/ storis 16 mm bald\u0173 plok\u0161t\u0117 Lentynos spalva Balta Lentynos apdailos med\u017eiaga \/ tipas \/ storis 16 mm bald\u0173 plok\u0161t\u0117 Lentyn\u0173 kiekis 3 Galin\u0117s sienel\u0117s apdailos med\u017eiaga \/ tipas \/ storis 2,5 mm HDF bald\u0173 plok\u0161t\u0117 Matoma galin\u0117s sienel\u0117s dalis Balta Priekin\u0117 spalva Balta Blizgi Priekin\u0117s apdailos med\u017eiaga \/ tipas \/ storis 18 mm MDF bald\u0173 plok\u0161t\u0117 Priekinis vyris \u2300 35 mm reguliuojamas trijose plok\u0161tumose Priekin\u0117 rankena \/ apdaila \/ spalva Frezuota \/ Blizgi balta I\u0161orinis ap\u0161vietimas Standartinis I\u0161orinio ap\u0161vietimo \u0161viesos spalva \u0160altai balta I\u0161orinio ap\u0161vietimo energijos klas\u0117 A++ \u0160velnaus u\u017edarymo dur\u0173 sistema Standartin\u0117 Kojel\u0117 \/ Apdaila \/ Spalva Reguliuojama \/ Plastikas \/ Nikelis Dureli\u0173 skai\u010dius 2 U\u017edar\u0173 ni\u0161\u0173 skai\u010dius 5 Korpuso \u012franga Dviej\u0173 spalv\u0173 dekoratyvinis elementas<\/p>","protected":false},"excerpt":{"rendered":"<p>IRMA IM08 knyg\u0173 lentyna yra universalus ir funkcionalus svetain\u0117s ar miegamojo dizaino elementas. D\u0117l plono dizaino su u\u017erakinamomis lentynomis ji puikiai tinka stalo \u012frankiams, dokumentams ir smulkiems drabu\u017ei\u0173 spintos daiktams laikyti. Ji turi \u0161velniai u\u017esidaran\u010di\u0173 dureli\u0173 sistem\u0105 ir energij\u0105 taupant\u012f \u0161altai balt\u0105 LED ap\u0161vietim\u0105 vir\u0161utin\u0117je panel\u0117je. \u012esp\u016bdingi frezavimo elementai [\u2026]<\/p>","protected":false},"featured_media":254494,"comment_status":"open","ping_status":"open","template":"","meta":[],"product_brand":[],"product_cat":[2457,1177],"product_tag":[],"class_list":{"0":"post-254493","1":"product","2":"type-product","3":"status-publish","4":"has-post-thumbnail","6":"product_cat-liveo","7":"product_cat-wardrobes","9":"first","10":"instock","11":"purchasable","12":"product-type-simple"},"_links":{"self":[{"href":"https:\/\/baldumarket.lt\/lt\/wp-json\/wp\/v2\/product\/254493","targetHints":{"allow":["GET"]}}],"collection":[{"href":"https:\/\/baldumarket.lt\/lt\/wp-json\/wp\/v2\/product"}],"about":[{"href":"https:\/\/baldumarket.lt\/lt\/wp-json\/wp\/v2\/types\/product"}],"replies":[{"embeddable":true,"href":"https:\/\/baldumarket.lt\/lt\/wp-json\/wp\/v2\/comments?post=254493"}],"wp:featuredmedia":[{"embeddable":true,"href":"https:\/\/baldumarket.lt\/lt\/wp-json\/wp\/v2\/media\/254494"}],"wp:attachment":[{"href":"https:\/\/baldumarket.lt\/lt\/wp-json\/wp\/v2\/media?parent=254493"}],"wp:term":[{"taxonomy":"product_brand","embeddable":true,"href":"https:\/\/baldumarket.lt\/lt\/wp-json\/wp\/v2\/product_brand?post=254493"},{"taxonomy":"product_cat","embeddable":true,"href":"https:\/\/baldumarket.lt\/lt\/wp-json\/wp\/v2\/product_cat?post=254493"},{"taxonomy":"product_tag","embeddable":true,"href":"https:\/\/baldumarket.lt\/lt\/wp-json\/wp\/v2\/product_tag?post=254493"}],"curies":[{"name":"wp","href":"https:\/\/api.w.org\/{rel}","templated":true}]}}