{"id":254490,"date":"2026-01-10T22:26:25","date_gmt":"2026-01-10T19:26:25","guid":{"rendered":"https:\/\/baldumarket.lt\/product\/irma-im08-regal-zamkniety\/"},"modified":"2026-02-11T18:31:07","modified_gmt":"2026-02-11T15:31:07","slug":"irma-im08-regal-zamkniety","status":"publish","type":"product","link":"https:\/\/baldumarket.lt\/lt\/product\/irma-im08-regal-zamkniety\/","title":{"rendered":"IRMA IM08 U\u017dDAROS LENTYNOS"},"content":{"rendered":"<p>IRMA IM08 knyg\u0173 lentyna yra universalus ir funkcionalus dizaino elementas svetainei ar miegamajam. D\u0117l plono dizaino su u\u017erakinamomis lentynomis ji puikiai tinka stalo \u012frankiams, dokumentams ir smulkiems drabu\u017ei\u0173 spintos daiktams laikyti. Ji turi \u0161velniai u\u017esidarant\u012f dur\u0173 mechanizm\u0105 ir energij\u0105 taupant\u012f \u0161altai balt\u0105 LED ap\u0161vietim\u0105 vir\u0161utin\u0117je panel\u0117je. Ry\u0161kus frezavimas fasaduose, pakei\u010diantis tradicines rankenas, pary\u0161kina bendr\u0105 spintel\u0117s stili\u0173. Klasikinis matin\u0117s ir blizgios baltos spalvos derinys puikiai atitinka dabartines tendencijas, suteikdamas ne\u012ftik\u0117tino \u017eavesio ir gaivumo, o atspindinti \u0161viesa suteikia interjerui \u0161aunios elegancijos. Galima rinktis i\u0161 dviej\u0173 standartini\u0173 \u012fd\u0117kl\u0173 spalv\u0173 \u2013 baltos ir Maggia \u0105\u017euolo. Televizoriaus staliukas idealiai tinka derinti su kitais IRMA serijos baldais arba naudoti kaip atskiras baldas, leid\u017eiantis jums pritaikyti savo kambario dizain\u0105.<\/p>\n<p>Plotis 60 cm Gylis 39 cm Auk\u0161tis 195,5 cm Produkto svoris su pakuote 54,20 kg Gamintojo kodas \/ simbolis IM08 Kolekcijos pavadinimas IRMA Pavadinimas b2b sistemoje IRMA IM-8 \u0105\u017euolo\/baltos blizgios LENTYN\u0172 komplektas Produkto pakuo\u010di\u0173 skai\u010dius 3 Stilius Modernus \u012eranga Surinkimo instrukcijos \/ surinkimo priedai Surinkimas Savaranki\u0161kam surinkimui Korpuso spalva \u0104\u017euolas Korpuso med\u017eiaga \/ tipas \/ storis 16 mm bald\u0173 plok\u0161t\u0117 \/ Juosta 18 mm MDF bald\u0173 plok\u0161t\u0117 Vir\u0161utinio korpuso vir\u0161utinio sluoksnio med\u017eiaga \/ tipas \/ storis 16 mm bald\u0173 plok\u0161t\u0117 Apatinio korpuso vir\u0161utinio sluoksnio med\u017eiaga \/ tipas \/ storis 16 mm bald\u0173 plok\u0161t\u0117 Lentynos spalva \u0104\u017euolas Lentynos med\u017eiaga \/ tipas \/ storis 16 mm bald\u0173 plok\u0161t\u0117 Lentyn\u0173 kiekis 3 Galin\u0117s sienel\u0117s med\u017eiaga \/ tipas \/ storis 2,5 mm HDF bald\u0173 plok\u0161t\u0117 Matoma galin\u0117s sienel\u0117s dalis \u0104\u017euolas Priekin\u0117 spalva Blizgi balta Priekin\u0117 med\u017eiaga \/ tipas \/ storis 18 mm MDF bald\u0173 plok\u0161t\u0117 Priekinis vyris \u2300 35 mm, reguliuojamas trijose plok\u0161tumose Priekin\u0117 rankena \/ med\u017eiaga \/ spalva Frezuota \/ Blizgi balta I\u0161orinis ap\u0161vietimas Standartinis I\u0161orinio ap\u0161vietimo \u0161viesos spalva \u0160iltai balta I\u0161orinio ap\u0161vietimo energijos klas\u0117 A++ Sistema tylus dur\u0173 u\u017edarymas Standartinis Kojel\u0117 \/ apdaila \/ spalva Reguliuojamas \/ plastikinis \/ Nikelis Dureli\u0173 skai\u010dius 2 U\u017edar\u0173 ni\u0161\u0173 skai\u010dius 5<\/p>","protected":false},"excerpt":{"rendered":"<p>IRMA IM08 knyg\u0173 lentyna yra universalus ir funkcionalus svetain\u0117s ar miegamojo dizaino elementas. D\u0117l plono dizaino su u\u017erakinamomis lentynomis ji puikiai tinka stalo \u012frankiams, dokumentams ir smulkiems drabu\u017ei\u0173 spintos daiktams laikyti. Ji turi \u0161velniai u\u017esidaran\u010di\u0173 dureli\u0173 sistem\u0105 ir energij\u0105 taupant\u012f \u0161altai balt\u0105 LED ap\u0161vietim\u0105 vir\u0161utin\u0117je panel\u0117je. \u012esp\u016bdingi frezavimo elementai [\u2026]<\/p>","protected":false},"featured_media":254491,"comment_status":"open","ping_status":"open","template":"","meta":[],"product_brand":[],"product_cat":[2457,1177],"product_tag":[],"class_list":{"0":"post-254490","1":"product","2":"type-product","3":"status-publish","4":"has-post-thumbnail","6":"product_cat-liveo","7":"product_cat-wardrobes","9":"first","10":"instock","11":"purchasable","12":"product-type-simple"},"_links":{"self":[{"href":"https:\/\/baldumarket.lt\/lt\/wp-json\/wp\/v2\/product\/254490","targetHints":{"allow":["GET"]}}],"collection":[{"href":"https:\/\/baldumarket.lt\/lt\/wp-json\/wp\/v2\/product"}],"about":[{"href":"https:\/\/baldumarket.lt\/lt\/wp-json\/wp\/v2\/types\/product"}],"replies":[{"embeddable":true,"href":"https:\/\/baldumarket.lt\/lt\/wp-json\/wp\/v2\/comments?post=254490"}],"wp:featuredmedia":[{"embeddable":true,"href":"https:\/\/baldumarket.lt\/lt\/wp-json\/wp\/v2\/media\/254491"}],"wp:attachment":[{"href":"https:\/\/baldumarket.lt\/lt\/wp-json\/wp\/v2\/media?parent=254490"}],"wp:term":[{"taxonomy":"product_brand","embeddable":true,"href":"https:\/\/baldumarket.lt\/lt\/wp-json\/wp\/v2\/product_brand?post=254490"},{"taxonomy":"product_cat","embeddable":true,"href":"https:\/\/baldumarket.lt\/lt\/wp-json\/wp\/v2\/product_cat?post=254490"},{"taxonomy":"product_tag","embeddable":true,"href":"https:\/\/baldumarket.lt\/lt\/wp-json\/wp\/v2\/product_tag?post=254490"}],"curies":[{"name":"wp","href":"https:\/\/api.w.org\/{rel}","templated":true}]}}