{"id":254476,"date":"2026-01-10T22:26:15","date_gmt":"2026-01-10T19:26:15","guid":{"rendered":"https:\/\/baldumarket.lt\/product\/irma-im06-witryna-lewostronna-2\/"},"modified":"2026-02-11T18:31:07","modified_gmt":"2026-02-11T15:31:07","slug":"irma-im06-witryna-lewostronna-2","status":"publish","type":"product","link":"https:\/\/baldumarket.lt\/lt\/product\/irma-im06-witryna-lewostronna-2\/","title":{"rendered":"IRMA IM06 KAIR\u0116S PUS\u0116S VITRINA"},"content":{"rendered":"<p>Kair\u0117je pus\u0117je esanti vitrina IRMA IM06 yra eleganti\u0161kas, \u017eavus ir modernus baldas tiek svetainei, tiek poilsio kambariui. \u0160i eleganti\u0161ka, stiklin\u0117 spintel\u0117 puikiai tinka minimalistinio, sant\u016braus dizaino erdv\u0117ms. Viduje yra daugyb\u0117 lentyn\u0173, kurios padeda sutvarkyti j\u016bs\u0173 daiktus. Ant ap\u0161viest\u0173 stiklini\u0173 lentyn\u0173 galite eksponuoti \u0161eimos nuotraukas ir eleganti\u0161kus suvenyrus, o likusios lentynos puikiai tinka daiktams, kuri\u0173 nenorite rodyti. Spintel\u0117 turi \u0161velniai u\u017esidarant\u012f dureli\u0173 sistem\u0105 ir energij\u0105 taupant\u012f, \u0161altai balt\u0105 LED ap\u0161vietim\u0105 vir\u0161utin\u0117je panel\u0117je. Ry\u0161kus frezavimas fasaduose, kuris pakei\u010dia tradicines rankenas, pabr\u0117\u017eia bendr\u0105 spintel\u0117s dizain\u0105. Klasikinis matin\u0117s ir blizgios baltos spalvos derinys puikiai papildo dabartines tendencijas, suteikdamas spintelei ne\u012ftik\u0117tino \u017eavesio ir gaivumo, o atspindinti \u0161viesa suteikia interjerui v\u0117sios elegancijos. Standartin\u0117 spintel\u0117 yra dviej\u0173 spalv\u0173: baltos ir Maggia \u0105\u017euolo. Kair\u0117je pus\u0117je esanti vitrina puikiai der\u0117s su kitais IRMA serijos baldais arba kaip atskiras baldas, kur\u012f galima pritaikyti prie j\u016bs\u0173 kambario i\u0161d\u0117stymo.<\/p>\n<p>Plotis 60 cm Gylis 39 cm Auk\u0161tis 195,5 cm Produkto svoris su pakuote 56,25 kg Gamintojo kodas \/ simbolis IM06 Kolekcijos pavadinimas IRMA Pavadinimas b2b sistemoje IRMA IM-6 balta\/balta blizgi, d.magia EKSPONUOJANTI SIENA L komplektas Produkto pakuo\u010di\u0173 skai\u010dius 3 Stilius Moderni \u012eranga Surinkimo instrukcijos \/ surinkimo priedai Surinkimas Savaranki\u0161kam surinkimui Korpuso spalva Balta Korpuso apdailos med\u017eiaga \/ tipas \/ storis 16 mm bald\u0173 plok\u0161t\u0117 \/ Juosta 18 mm MDF bald\u0173 plok\u0161t\u0117 Vir\u0161utin\u0117 korpuso apdaila \/ med\u017eiaga \/ tipas \/ storis 16 mm bald\u0173 plok\u0161t\u0117 Apatin\u0117 korpuso apdaila \/ med\u017eiaga \/ tipas \/ storis 16 mm bald\u0173 plok\u0161t\u0117 Lentynos spalva Balta Lentynos apdailos med\u017eiaga \/ tipas \/ storis 16 mm bald\u0173 plok\u0161t\u0117 Lentyn\u0173 kiekis 2 Galin\u0117s sienel\u0117s apdailos med\u017eiaga \/ tipas \/ storis 2,5 mm HDF bald\u0173 plok\u0161t\u0117 Galin\u0117s sienel\u0117s matomos dalies spalva Balta Priekin\u0117 spalva Balta Blizgi Priekin\u0117s apdailos med\u017eiaga \/ tipas \/ storis MDF bald\u0173 plok\u0161t\u0117 18 mm Priekinis vyris \u2300 35 mm, reguliuojamas trijose plok\u0161tumose Priekin\u0117 rankena \/ apdaila \/ spalva Frezuota \/ Blizgi balta Glaz\u016bruota priekin\u0117 apdaila \/ stiklo spalva Gr\u016bdintas \/ skaidrus Glaz\u016bruotas priekinis stiklas Storis 4 mm Stiklin\u0117s lentynos stiklo spalva Permatoma Stiklin\u0117s lentynos stiklo storis 6 mm Stiklini\u0173 lentyn\u0173 kiekis 2 Vidaus ap\u0161vietimas Standartinis Vidaus ap\u0161vietimo \u0161viesios spalvos \u0160altai balta Vidaus ap\u0161vietimo energijos klas\u0117 A++ I\u0161orinis ap\u0161vietimas Standartinis I\u0161orinio ap\u0161vietimo \u0161viesios spalvos \u0160altai balta I\u0161orinio ap\u0161vietimo energijos klas\u0117 A++ \u0160velnaus u\u017edarymo dur\u0173 sistema Standartinis Kojel\u0117 \/ apdaila \/ spalva Reguliuojama \/ plastikin\u0117 \/ nikelio Dureli\u0173 skai\u010dius 2 U\u017edar\u0173 ni\u0161\u0173 skai\u010dius u\u017e priekinio stiklo 3 U\u017edar\u0173 ni\u0161\u0173 skai\u010dius 3 Korpuso \u012franga Dviej\u0173 spalv\u0173 dekoratyvinis elementas<\/p>","protected":false},"excerpt":{"rendered":"<p>Kair\u0117je pus\u0117je esanti vitrina IRMA IM06 yra eleganti\u0161kas, \u017eavus ir modernus baldas tiek svetainei, tiek poilsio kambariui. \u0160i eleganti\u0161ka, stiklin\u0117 spintel\u0117 puikiai tinka minimalistiniam, sant\u016braus dizaino erdv\u0117ms. Viduje yra daugyb\u0117 lentyn\u0173, kurios padeda susitvarkyti daiktus. Ant ap\u0161viestos vitrinos galite eksponuoti \u0161eimos nuotraukas ir eleganti\u0161kus suvenyrus [\u2026]<\/p>","protected":false},"featured_media":254477,"comment_status":"open","ping_status":"open","template":"","meta":[],"product_brand":[],"product_cat":[2457,2006],"product_tag":[],"class_list":{"0":"post-254476","1":"product","2":"type-product","3":"status-publish","4":"has-post-thumbnail","6":"product_cat-liveo","7":"product_cat-vitrines","9":"first","10":"instock","11":"purchasable","12":"product-type-simple"},"_links":{"self":[{"href":"https:\/\/baldumarket.lt\/lt\/wp-json\/wp\/v2\/product\/254476","targetHints":{"allow":["GET"]}}],"collection":[{"href":"https:\/\/baldumarket.lt\/lt\/wp-json\/wp\/v2\/product"}],"about":[{"href":"https:\/\/baldumarket.lt\/lt\/wp-json\/wp\/v2\/types\/product"}],"replies":[{"embeddable":true,"href":"https:\/\/baldumarket.lt\/lt\/wp-json\/wp\/v2\/comments?post=254476"}],"wp:featuredmedia":[{"embeddable":true,"href":"https:\/\/baldumarket.lt\/lt\/wp-json\/wp\/v2\/media\/254477"}],"wp:attachment":[{"href":"https:\/\/baldumarket.lt\/lt\/wp-json\/wp\/v2\/media?parent=254476"}],"wp:term":[{"taxonomy":"product_brand","embeddable":true,"href":"https:\/\/baldumarket.lt\/lt\/wp-json\/wp\/v2\/product_brand?post=254476"},{"taxonomy":"product_cat","embeddable":true,"href":"https:\/\/baldumarket.lt\/lt\/wp-json\/wp\/v2\/product_cat?post=254476"},{"taxonomy":"product_tag","embeddable":true,"href":"https:\/\/baldumarket.lt\/lt\/wp-json\/wp\/v2\/product_tag?post=254476"}],"curies":[{"name":"wp","href":"https:\/\/api.w.org\/{rel}","templated":true}]}}