{"id":254463,"date":"2026-01-10T22:26:05","date_gmt":"2026-01-10T19:26:05","guid":{"rendered":"https:\/\/baldumarket.lt\/product\/irma-im05-kredens\/"},"modified":"2026-02-11T18:31:07","modified_gmt":"2026-02-11T15:31:07","slug":"irma-im05-kredens","status":"publish","type":"product","link":"https:\/\/baldumarket.lt\/lt\/product\/irma-im05-kredens\/","title":{"rendered":"IRMA IM05 indauja"},"content":{"rendered":"<p>IRMA IM05 indauja \u2013 tai modernus baldas, kuriame dera funkcionalumas ir elegancija. Tai puikus papildymas tiek svetainei, tiek valgomajam. Ji pasi\u017eymi dviej\u0173 dur\u0173, dalinai \u012fstiklintu bloku su keturiomis lentynomis kair\u0117je ir trimis de\u0161in\u0117je, leid\u017eian\u010diomis tvarkingai susid\u0117ti stalo \u012frankius, staltieses ar dokumentus. Ji taip pat puikiai atrodo kaip ekspozicijos elementas, o dekoratyviniai daiktai ar suvenyrai eksponuojami ant ap\u0161viestos lentynos viduje arba vir\u0161uje. Indauja turi \u0161velniai u\u017esidaran\u010di\u0173 dureli\u0173 sistem\u0105 ir energij\u0105 taupant\u012f \u0161altai balt\u0105 LED ap\u0161vietim\u0105 vir\u0161uje. Ry\u0161k\u016bs frezuoti fasadai, pakei\u010diantys tradicines rankenas, pary\u0161kina bendr\u0105 dizain\u0105. Klasikinis matin\u0117s ir blizgios baltos spalvos derinys puikiai papildo dabartines tendencijas, suteikdamas indaujai ne\u012ftik\u0117tino \u017eavesio ir gaivumo, o atspindinti \u0161viesa suteikia interjerui v\u0117sios elegancijos. Standartin\u0117 apdaila yra dviej\u0173 spalv\u0173: baltos ir Maggia \u0105\u017euolo. Indauja puikiai der\u0117s su kitais IRMA serijos baldais arba kaip atskiras baldas, kur\u012f galima pritaikyti prie j\u016bs\u0173 kambario i\u0161d\u0117stymo.<\/p>\n<p>Plotis 100 cm Gylis 39 cm Auk\u0161tis 134,5 cm Produkto svoris su pakuote 66,65 kg Gamintojo kodas \/ simbolis IM05 Kolekcijos pavadinimas IRMA Pavadinimas b2b sistemoje IRMA IM-5 \u0105\u017euolo\/baltos blizgios SPINTEL\u0116S komplektas Produkt\u0173 pakuo\u010di\u0173 skai\u010dius 3 Stilius Modernus \u012eranga Surinkimo instrukcijos \/ surinkimo priedai Surinkimui Savaranki\u0161kam surinkimui Korpuso spalva \u0104\u017euolas Korpuso med\u017eiaga \/ tipas \/ storis 16 mm bald\u0173 plok\u0161t\u0117 \/ Juosta 18 mm MDF bald\u0173 plok\u0161t\u0117 Vir\u0161utinio korpuso med\u017eiaga \/ tipas \/ storis 16 mm bald\u0173 plok\u0161t\u0117 Apatinio korpuso med\u017eiaga \/ tipas \/ storis 16 mm bald\u0173 plok\u0161t\u0117 Lentynos spalva \u0104\u017euolas Lentynos med\u017eiaga \/ tipas \/ storis 16 mm bald\u0173 plok\u0161t\u0117 Lentyn\u0173 kiekis 3 Kar\u016bnuoto tipo lentyn\u0173 kiekis 1 Galin\u0117s sienel\u0117s med\u017eiaga \/ tipas \/ storis 2,5 mm HDF bald\u0173 plok\u0161t\u0117 Galin\u0117s sienel\u0117s spalva \u0104\u017euolas Priekin\u0117s spalvos Blizgi balta Priekin\u0117s med\u017eiagos \/ tipas \/ storis 18 mm MDF bald\u0173 plok\u0161t\u0117 Priekinis vyris \u2300 35 mm, reguliuojamas trijose plok\u0161tumose Priekin\u0117 rankena \/ med\u017eiaga \/ spalva Frezuota \/ Blizgi balta \u012estiklinto priekinio stiklo med\u017eiaga \/ spalva Gr\u016bdinto stiklo spalva \u012estiklinto priekinio stiklo storis 4 mm Stiklas Lentynos stiklo spalva Skaidri Stiklin\u0117s lentynos stiklo storis 6 mm Stiklini\u0173 lentyn\u0173 kiekis 1 Vidaus ap\u0161vietimas Standartinis Vidaus ap\u0161vietimo \u0161viesos spalva \u0160iltai balta Vidaus ap\u0161vietimo energijos klas\u0117 A++ I\u0161orinis ap\u0161vietimas Standartinis I\u0161orinio ap\u0161vietimo \u0161viesos spalva \u0160iltai balta I\u0161orinio ap\u0161vietimo energijos klas\u0117 A++ \u0160velnaus u\u017edarymo dureli\u0173 sistema Standartinis Kojel\u0117 \/ apdaila \/ spalva Reguliuojama \/ plastikin\u0117 \/ nikelio Papildoma kojel\u0117 \/ apdaila \/ spalva Reguliuojama vidurin\u0117 \/ plastikin\u0117 \/ nikelio Dureli\u0173 skai\u010dius 4 U\u017edar\u0173 ni\u0161\u0173 skai\u010dius u\u017e priekinio stiklo 2 U\u017edar\u0173 ni\u0161\u0173 skai\u010dius 7<\/p>","protected":false},"excerpt":{"rendered":"<p>IRMA IM05 indauja \u2013 tai modernus baldas, kuriame dera funkcionalumas ir elegancija. Ji puikiai tinka tiek svetainei, tiek valgomajam. Ji turi dviej\u0173 dur\u0173, dalinai \u012fstiklint\u0105 blok\u0105 su keturiomis lentynomis kair\u0117je ir trimis de\u0161in\u0117je, leid\u017eian\u010diomis tvarkingai susid\u0117ti stalo \u012frankius, staltieses ar dokumentus. Ji taip pat puikiai atrodo [\u2026]<\/p>","protected":false},"featured_media":254464,"comment_status":"open","ping_status":"open","template":"","meta":[],"product_brand":[],"product_cat":[1173,2457],"product_tag":[],"class_list":{"0":"post-254463","1":"product","2":"type-product","3":"status-publish","4":"has-post-thumbnail","6":"product_cat-chests-of-drawers","7":"product_cat-liveo","9":"first","10":"instock","11":"purchasable","12":"product-type-simple"},"_links":{"self":[{"href":"https:\/\/baldumarket.lt\/lt\/wp-json\/wp\/v2\/product\/254463","targetHints":{"allow":["GET"]}}],"collection":[{"href":"https:\/\/baldumarket.lt\/lt\/wp-json\/wp\/v2\/product"}],"about":[{"href":"https:\/\/baldumarket.lt\/lt\/wp-json\/wp\/v2\/types\/product"}],"replies":[{"embeddable":true,"href":"https:\/\/baldumarket.lt\/lt\/wp-json\/wp\/v2\/comments?post=254463"}],"wp:featuredmedia":[{"embeddable":true,"href":"https:\/\/baldumarket.lt\/lt\/wp-json\/wp\/v2\/media\/254464"}],"wp:attachment":[{"href":"https:\/\/baldumarket.lt\/lt\/wp-json\/wp\/v2\/media?parent=254463"}],"wp:term":[{"taxonomy":"product_brand","embeddable":true,"href":"https:\/\/baldumarket.lt\/lt\/wp-json\/wp\/v2\/product_brand?post=254463"},{"taxonomy":"product_cat","embeddable":true,"href":"https:\/\/baldumarket.lt\/lt\/wp-json\/wp\/v2\/product_cat?post=254463"},{"taxonomy":"product_tag","embeddable":true,"href":"https:\/\/baldumarket.lt\/lt\/wp-json\/wp\/v2\/product_tag?post=254463"}],"curies":[{"name":"wp","href":"https:\/\/api.w.org\/{rel}","templated":true}]}}