{"id":254454,"date":"2026-01-10T22:25:58","date_gmt":"2026-01-10T19:25:58","guid":{"rendered":"https:\/\/baldumarket.lt\/product\/irma-im04-komoda\/"},"modified":"2026-02-11T18:31:08","modified_gmt":"2026-02-11T15:31:08","slug":"irma-im04-komoda","status":"publish","type":"product","link":"https:\/\/baldumarket.lt\/lt\/product\/irma-im04-komoda\/","title":{"rendered":"IRMA IM04 komoda su stal\u010diais"},"content":{"rendered":"<p>Komoda IRMA IM04 \u2013 eleganti\u0161kas ir \u017eavus dizaino elementas, puikiai tinkantis svetainei ar moderniam miegamajam. U\u017edarame skyriuje yra erdvus stal\u010dius ir lentynos, tod\u0117l patogu susitvarkyti b\u016btiniausius daiktus, o vir\u0161utin\u0117 lentyna puikiai tinka \u0161eimos suvenyrams ir nieku\u010diams eksponuoti. Komoda turi \u0161velniai u\u017esidarant\u012f dureli\u0173 sistem\u0105 ir energij\u0105 taupant\u012f \u0161altai balt\u0105 LED ap\u0161vietim\u0105 vir\u0161utin\u0117je panel\u0117je. Ry\u0161k\u016bs frezuoti fasadai, pakei\u010diantys tradicines rankenas, pary\u0161kina bendr\u0105 komodos stili\u0173. Klasikinis matin\u0117s ir blizgios baltos spalv\u0173 derinys puikiai papildo dabartines tendencijas, suteikdamas komodai ne\u012ftik\u0117tino \u017eavesio ir gaivumo, o atspindinti \u0161viesa suteikia interjerui \u0161aunios elegancijos. Galima rinktis i\u0161 dviej\u0173 standartini\u0173 apdailos spalv\u0173 \u2013 baltos ir Maggia \u0105\u017euolo. Komoda puikiai dera su kitais IRMA serijos baldais arba yra atskiras baldas, leid\u017eiantis pritaikyti savo kambario dizain\u0105.<\/p>\n<p>Plotis 152 cm Gylis 39 cm Auk\u0161tis 89 cm Produkto svoris su pakuote 65,75 kg Gamintojo kodas \/ simbolis IM04 Kolekcijos pavadinimas IRMA Pavadinimas b2b sistemoje IRMA IM-4 \u0105\u017euolo\/baltos blizgios KOMODOS komplektas Produkto pakuo\u010di\u0173 skai\u010dius 3 Stilius Modernus \u012eranga Surinkimo instrukcijos \/ surinkimo priedai Surinkimui Savaranki\u0161kam surinkimui Korpuso spalva \u0104\u017euolas Korpuso med\u017eiaga \/ tipas \/ storis 16 mm bald\u0173 plok\u0161t\u0117 \/ Juosta 18 mm MDF bald\u0173 plok\u0161t\u0117 Vir\u0161utinio korpuso med\u017eiaga \/ tipas \/ storis 16 mm bald\u0173 plok\u0161t\u0117 Apatinio korpuso med\u017eiaga \/ tipas \/ storis 16 mm bald\u0173 plok\u0161t\u0117 Lentynos spalva \u0105\u017euolas Lentynos med\u017eiaga \/ tipas \/ storis 16 mm bald\u0173 plok\u0161t\u0117 Lentyn\u0173 kiekis 3 Galin\u0117s sienel\u0117s med\u017eiaga \/ tipas \/ storis 2,5 mm HDF bald\u0173 plok\u0161t\u0117 Matomos galin\u0117s sienel\u0117s dalies spalva \u0105\u017euolas Priekin\u0117 spalva Blizgi balta Priekin\u0117 med\u017eiaga \/ tipas \/ storis 18 mm MDF bald\u0173 plok\u0161t\u0117 Priekinis vyris \u2300 35 mm reguliuojamas trijose plok\u0161tumose Priekin\u0117 rankena \/ med\u017eiaga \/ spalva Frezuota \/ blizgi balta I\u0161orinis ap\u0161vietimas Standartinis I\u0161orinio ap\u0161vietimo \u0161viesos spalva \u0160iltai balta I\u0161orinio ap\u0161vietimo energijos klas\u0117 A++ Pilnai i\u0161traukiami stal\u010di\u0173 b\u0117geliai Kojel\u0117 \/ apdaila \/ spalva Reguliuojamas \/ plastikinis \/ Nikelis Papildoma kojel\u0117 \/ apdaila \/ spalva Reguliuojamas vidurys \/ plastikas \/ Nikelis Dureli\u0173 skai\u010dius 3 Stal\u010di\u0173 skai\u010dius 1 U\u017edar\u0173 ni\u0161\u0173 skai\u010dius 6<\/p>","protected":false},"excerpt":{"rendered":"<p>IRMA IM04 komoda yra eleganti\u0161kas ir \u017eavus dizaino elementas, puikiai tinkantis svetainei ar moderniam miegamajam. Viduje yra erdvus stal\u010dius ir lentynos u\u017edaroje dalyje, tod\u0117l lengva susitvarkyti b\u016btiniausius daiktus, o vir\u0161utin\u0117 lentyna puikiai tinka \u0161eimos suvenyrams ir nieku\u010diams eksponuoti. Komoda [\u2026]<\/p>","protected":false},"featured_media":254455,"comment_status":"open","ping_status":"open","template":"","meta":[],"product_brand":[],"product_cat":[1173,2457],"product_tag":[],"class_list":{"0":"post-254454","1":"product","2":"type-product","3":"status-publish","4":"has-post-thumbnail","6":"product_cat-chests-of-drawers","7":"product_cat-liveo","9":"first","10":"instock","11":"purchasable","12":"product-type-simple"},"_links":{"self":[{"href":"https:\/\/baldumarket.lt\/lt\/wp-json\/wp\/v2\/product\/254454","targetHints":{"allow":["GET"]}}],"collection":[{"href":"https:\/\/baldumarket.lt\/lt\/wp-json\/wp\/v2\/product"}],"about":[{"href":"https:\/\/baldumarket.lt\/lt\/wp-json\/wp\/v2\/types\/product"}],"replies":[{"embeddable":true,"href":"https:\/\/baldumarket.lt\/lt\/wp-json\/wp\/v2\/comments?post=254454"}],"wp:featuredmedia":[{"embeddable":true,"href":"https:\/\/baldumarket.lt\/lt\/wp-json\/wp\/v2\/media\/254455"}],"wp:attachment":[{"href":"https:\/\/baldumarket.lt\/lt\/wp-json\/wp\/v2\/media?parent=254454"}],"wp:term":[{"taxonomy":"product_brand","embeddable":true,"href":"https:\/\/baldumarket.lt\/lt\/wp-json\/wp\/v2\/product_brand?post=254454"},{"taxonomy":"product_cat","embeddable":true,"href":"https:\/\/baldumarket.lt\/lt\/wp-json\/wp\/v2\/product_cat?post=254454"},{"taxonomy":"product_tag","embeddable":true,"href":"https:\/\/baldumarket.lt\/lt\/wp-json\/wp\/v2\/product_tag?post=254454"}],"curies":[{"name":"wp","href":"https:\/\/api.w.org\/{rel}","templated":true}]}}