{"id":254441,"date":"2026-01-10T22:25:51","date_gmt":"2026-01-10T19:25:51","guid":{"rendered":"https:\/\/baldumarket.lt\/product\/irma-im03-komoda\/"},"modified":"2026-02-11T18:31:08","modified_gmt":"2026-02-11T15:31:08","slug":"irma-im03-komoda","status":"publish","type":"product","link":"https:\/\/baldumarket.lt\/lt\/product\/irma-im03-komoda\/","title":{"rendered":"IRMA IM03 komoda su stal\u010diais"},"content":{"rendered":"<p>IRMA IM03 indauja \u2013 eleganti\u0161kas ir \u017eavus dizaino elementas, puikiai tinkantis svetain\u0117ms, valgomiesiems ir koridoriams. J\u0105 sudaro dviej\u0173 dur\u0173 spintel\u0117 ir stal\u010dius. Viduje, u\u017e de\u0161in\u0117s ir kair\u0117s dureli\u0173, yra lentynos dokumentams ar kasdieniams daiktams laikyti. Spintel\u0117 turi \u0161velnaus u\u017edarymo sistem\u0105 ir energij\u0105 taupant\u012f \u0161altai balt\u0105 LED ap\u0161vietim\u0105 vir\u0161utin\u0117je panel\u0117je. Ry\u0161k\u016bs frezuoti fasadai, kurie pakei\u010dia tradicines rankenas, pabr\u0117\u017eia bendr\u0105 indauja stili\u0173. Klasikinis matin\u0117s ir blizgios baltos spalvos derinys puikiai atitinka dabartines tendencijas, suteikdamas indaujai ne\u012ftik\u0117tino \u017eavesio ir gaivumo, o atspindinti \u0161viesa suteikia interjerui \u0161aunios elegancijos. Galima rinktis i\u0161 dviej\u0173 standartini\u0173 apdailos spalv\u0173 \u2013 baltos ir \u201eMaggia Oak\u201c. Indauja idealiai tinka derinti su kitais IRMA serijos baldais arba naudoti kaip atskir\u0105 bald\u0105, leid\u017eiant\u012f jums pritaikyti savo kambario dizain\u0105.<\/p>\n<p>Plotis 100 cm Gylis 39 cm Auk\u0161tis 89 cm Produkto svoris su pakuote 46,25 kg Gamintojo kodas \/ simbolis IM03 Kolekcijos pavadinimas IRMA Pavadinimas b2b sistemoje IRMA IM-3 \u0105\u017euolo\/baltos blizgios KOMODOS komplektas Produkto pakuo\u010di\u0173 skai\u010dius 3 Stilius Modernus \u012eranga Surinkimo instrukcijos \/ surinkimo priedai Surinkimui Savaranki\u0161kam surinkimui Korpuso spalva \u0104\u017euolas Korpuso apdailos med\u017eiaga \/ tipas \/ storis 16 mm baldin\u0117 plok\u0161t\u0117 \/ Juosta 18 mm MDF baldin\u0117 plok\u0161t\u0117 Vir\u0161utinio korpuso apdaila \/ med\u017eiaga \/ tipas \/ storis 16 mm baldin\u0117 plok\u0161t\u0117 Apatinio korpuso apdaila \/ med\u017eiaga \/ tipas \/ storis 16 mm baldin\u0117 plok\u0161t\u0117 Lentynos spalva \u0105\u017euolas Lentynos apdailos med\u017eiaga \/ tipas \/ storis 16 mm baldin\u0117 plok\u0161t\u0117 Lentyn\u0173 kiekis 2 Galin\u0117s sienel\u0117s apdailos med\u017eiaga \/ tipas \/ storis 2,5 mm HDF baldin\u0117 plok\u0161t\u0117 Matoma galin\u0117s sienel\u0117s dalis \u0104\u017euolas Priekin\u0117 spalva Blizgi balta Priekin\u0117s apdailos med\u017eiaga \/ tipas \/ storis 18 mm MDF baldin\u0117 plok\u0161t\u0117 Priekinis vyris \u2300 35 mm reguliuojamas trijose plok\u0161tumose Priekin\u0117 rankena \/ apdaila \/ spalva Frezuota \/ blizgi balta I\u0161orinis ap\u0161vietimas Standartinis I\u0161orinio ap\u0161vietimo \u0161viesos spalva \u0160iltai balta I\u0161orinio ap\u0161vietimo energijos klas\u0117 A++ Sistema \u0160velniai u\u017esidaran\u010dios durys Standartin\u0117s Pilno i\u0161traukimo stal\u010di\u0173 b\u0117gel\u0117s Kojel\u0117 \/ apdaila \/ spalva Reguliuojama \/ plastikin\u0117 \/ nikelio Papildoma kojel\u0117 \/ apdaila \/ spalva Reguliuojama vidurin\u0117 dalis \/ plastikin\u0117 \/ nikelio Dureli\u0173 skai\u010dius 2 Stal\u010di\u0173 skai\u010dius 1 U\u017edar\u0173 ni\u0161\u0173 skai\u010dius 4<\/p>","protected":false},"excerpt":{"rendered":"<p>IRMA IM03 indauja \u2013 eleganti\u0161kas ir \u017eavus dizaino elementas, puikiai tinkantis svetain\u0117ms, valgomiesiems ir koridoriams. J\u0105 sudaro dviej\u0173 dur\u0173 spintel\u0117 ir stal\u010dius. Viduje, u\u017e de\u0161in\u0117s ir kair\u0117s dureli\u0173, yra lentynos dokumentams ar kasdieniams daiktams laikyti. Spintel\u0117 turi \u0161velnaus u\u017edarymo sistem\u0105 ir energij\u0105 taupan\u010dias [\u2026]<\/p>","protected":false},"featured_media":254442,"comment_status":"open","ping_status":"open","template":"","meta":[],"product_brand":[],"product_cat":[1173,2457],"product_tag":[],"class_list":{"0":"post-254441","1":"product","2":"type-product","3":"status-publish","4":"has-post-thumbnail","6":"product_cat-chests-of-drawers","7":"product_cat-liveo","9":"first","10":"instock","11":"purchasable","12":"product-type-simple"},"_links":{"self":[{"href":"https:\/\/baldumarket.lt\/lt\/wp-json\/wp\/v2\/product\/254441","targetHints":{"allow":["GET"]}}],"collection":[{"href":"https:\/\/baldumarket.lt\/lt\/wp-json\/wp\/v2\/product"}],"about":[{"href":"https:\/\/baldumarket.lt\/lt\/wp-json\/wp\/v2\/types\/product"}],"replies":[{"embeddable":true,"href":"https:\/\/baldumarket.lt\/lt\/wp-json\/wp\/v2\/comments?post=254441"}],"wp:featuredmedia":[{"embeddable":true,"href":"https:\/\/baldumarket.lt\/lt\/wp-json\/wp\/v2\/media\/254442"}],"wp:attachment":[{"href":"https:\/\/baldumarket.lt\/lt\/wp-json\/wp\/v2\/media?parent=254441"}],"wp:term":[{"taxonomy":"product_brand","embeddable":true,"href":"https:\/\/baldumarket.lt\/lt\/wp-json\/wp\/v2\/product_brand?post=254441"},{"taxonomy":"product_cat","embeddable":true,"href":"https:\/\/baldumarket.lt\/lt\/wp-json\/wp\/v2\/product_cat?post=254441"},{"taxonomy":"product_tag","embeddable":true,"href":"https:\/\/baldumarket.lt\/lt\/wp-json\/wp\/v2\/product_tag?post=254441"}],"curies":[{"name":"wp","href":"https:\/\/api.w.org\/{rel}","templated":true}]}}