{"id":254436,"date":"2026-01-10T22:25:48","date_gmt":"2026-01-10T19:25:48","guid":{"rendered":"https:\/\/baldumarket.lt\/product\/irma-im02-rtv-2\/"},"modified":"2026-02-11T18:31:08","modified_gmt":"2026-02-11T15:31:08","slug":"irma-im02-rtv-2","status":"publish","type":"product","link":"https:\/\/baldumarket.lt\/lt\/product\/irma-im02-rtv-2\/","title":{"rendered":"IRMA IM02 RTV"},"content":{"rendered":"<p>IRMA IM02 televizoriaus staliukas \u2013 eleganti\u0161kas, \u017eavus ir modernus svetain\u0117s arba valgomojo baldas. Jo eleganti\u0161k\u0105 dizain\u0105 sudaro dviej\u0173 dureli\u0173 sekcija, slepianti dvi erdvias ni\u0161as, ir atvira sekcija su lentyna televizoriaus \u012frangai. J\u012f taip pat galima naudoti kaip ekspozicijos element\u0105. Stovas turi \u0161velniai u\u017esidarant\u012f dur\u0173 blok\u0105 ir energij\u0105 taupant\u012f, \u0161altai balt\u0105 LED ap\u0161vietim\u0105 vir\u0161utin\u0117je panel\u0117je. Ry\u0161k\u016bs frezuoti fasadai, pakei\u010diantys tradicines rankenas, pary\u0161kina bendr\u0105 stovo stili\u0173. Klasikinis matin\u0117s ir blizgios baltos spalvos derinys puikiai papildo dabartines tendencijas, suteikdamas stovui ne\u012ftik\u0117tino \u017eavesio ir gaivumo, o atspindinti \u0161viesa suteikia interjerui \u0161aunios elegancijos. \u012ed\u0117klams si\u016blomos dvi standartin\u0117s spalvos \u2013 balta ir \u201eMaggia Oak\u201c. Televizoriaus staliukas idealiai tinka derinti su kitais IRMA serijos baldais arba naudoti kaip atskiras baldas, leid\u017eiantis jums pritaikyti savo kambario dizain\u0105.<\/p>\n<p>Plotis 152 cm Gylis 44,5 cm Auk\u0161tis 48 cm Produkto svoris su pakuote 44,40 kg Gamintojo kodas \/ simbolis IM02 Kolekcijos pavadinimas IRMA Pavadinimas b2b sistemoje IRMA IM-2 balta\/balta blizgi, d.magia RTV komplektas Produkto pakuo\u010di\u0173 skai\u010dius 3 Stilius Modernus \u012eranga Surinkimo instrukcijos \/ surinkimo priedai Surinkimas Savaranki\u0161kam surinkimui Korpuso spalva Balta Korpuso med\u017eiaga \/ tipas \/ storis 16 mm bald\u0173 plok\u0161t\u0117 \/ Juosta 18 mm MDF bald\u0173 plok\u0161t\u0117 Vir\u0161utin\u0117 korpuso apdaila \/ med\u017eiaga \/ tipas \/ storis 16 mm bald\u0173 plok\u0161t\u0117 Apatin\u0117 korpuso apdaila \/ med\u017eiaga \/ tipas \/ storis 16 mm bald\u0173 plok\u0161t\u0117 Lentynos spalva Balta Lentynos med\u017eiaga \/ tipas \/ storis 16 mm bald\u0173 plok\u0161t\u0117 Lentyn\u0173 kiekis 1 Galin\u0117s sienel\u0117s med\u017eiaga \/ tipas \/ storis 2,5 mm HDF bald\u0173 plok\u0161t\u0117 Matoma galin\u0117s sienel\u0117s dalis Balta Priekin\u0117 spalva Balta Blizgi Priekin\u0117 med\u017eiaga \/ tipas \/ storis 18 mm MDF bald\u0173 plok\u0161t\u0117 Priekinis vyris \u2300 35 mm, reguliuojamas trijose plok\u0161tumose Priekin\u0117 rankena \/ apdaila \/ spalva Frezuota \/ Blizgi balta Skyl\u0117 RTV laidams \u2300 50 mm I\u0161orinis ap\u0161vietimas Standartinis I\u0161orinio ap\u0161vietimo \u0161viesos spalva \u0160alta baltas ap\u0161vietimas i\u0161orin\u0117 energijos klas\u0117 A++ \u0161velnaus u\u017edarymo dur\u0173 sistema Standartin\u0117 Kojel\u0117 \/ apdaila \/ spalva Reguliuojama \/ plastikin\u0117 \/ nikelio Papildoma kojel\u0117 \/ apdaila \/ spalva Reguliuojama vidurin\u0117 dalis \/ plastikin\u0117 \/ nikelio Dureli\u0173 skai\u010dius 2 Atvir\u0173 ni\u0161\u0173 skai\u010dius 2 U\u017edar\u0173 ni\u0161\u0173 skai\u010dius 2 Korpuso \u012franga Dviej\u0173 spalv\u0173 dekoratyvinis elementas<\/p>","protected":false},"excerpt":{"rendered":"<p>IRMA IM02 televizoriaus staliukas yra eleganti\u0161kas, \u017eavus ir modernus svetain\u0117s arba valgomojo baldas. Jo eleganti\u0161k\u0105 dizain\u0105 sudaro dviej\u0173 dur\u0173 dalis, kurioje slepiasi dvi erdvios ni\u0161os, ir atvira dalis su lentyna televizoriaus \u012frangai. J\u012f taip pat galima naudoti kaip ekspozicijos spintel\u0119. Stovas pasi\u017eymi [\u2026]<\/p>","protected":false},"featured_media":254437,"comment_status":"open","ping_status":"open","template":"","meta":[],"product_brand":[],"product_cat":[2457,1175],"product_tag":[],"class_list":{"0":"post-254436","1":"product","2":"type-product","3":"status-publish","4":"has-post-thumbnail","6":"product_cat-liveo","7":"product_cat-tv-stands","9":"first","10":"instock","11":"purchasable","12":"product-type-simple"},"_links":{"self":[{"href":"https:\/\/baldumarket.lt\/lt\/wp-json\/wp\/v2\/product\/254436","targetHints":{"allow":["GET"]}}],"collection":[{"href":"https:\/\/baldumarket.lt\/lt\/wp-json\/wp\/v2\/product"}],"about":[{"href":"https:\/\/baldumarket.lt\/lt\/wp-json\/wp\/v2\/types\/product"}],"replies":[{"embeddable":true,"href":"https:\/\/baldumarket.lt\/lt\/wp-json\/wp\/v2\/comments?post=254436"}],"wp:featuredmedia":[{"embeddable":true,"href":"https:\/\/baldumarket.lt\/lt\/wp-json\/wp\/v2\/media\/254437"}],"wp:attachment":[{"href":"https:\/\/baldumarket.lt\/lt\/wp-json\/wp\/v2\/media?parent=254436"}],"wp:term":[{"taxonomy":"product_brand","embeddable":true,"href":"https:\/\/baldumarket.lt\/lt\/wp-json\/wp\/v2\/product_brand?post=254436"},{"taxonomy":"product_cat","embeddable":true,"href":"https:\/\/baldumarket.lt\/lt\/wp-json\/wp\/v2\/product_cat?post=254436"},{"taxonomy":"product_tag","embeddable":true,"href":"https:\/\/baldumarket.lt\/lt\/wp-json\/wp\/v2\/product_tag?post=254436"}],"curies":[{"name":"wp","href":"https:\/\/api.w.org\/{rel}","templated":true}]}}