{"id":254430,"date":"2026-01-10T22:25:43","date_gmt":"2026-01-10T19:25:43","guid":{"rendered":"https:\/\/baldumarket.lt\/product\/irma-im02-rtv\/"},"modified":"2026-02-11T18:31:08","modified_gmt":"2026-02-11T15:31:08","slug":"irma-im02-rtv","status":"publish","type":"product","link":"https:\/\/baldumarket.lt\/lt\/product\/irma-im02-rtv\/","title":{"rendered":"IRMA IM02 RTV"},"content":{"rendered":"<p>IRMA IM02 televizoriaus spintel\u0117 \u2013 eleganti\u0161kas, \u017eavus ir modernus svetain\u0117s ar valgomojo baldas. Jos eleganti\u0161k\u0105 dizain\u0105 sudaro dviej\u0173 dureli\u0173 sekcija, kurioje slepiasi dvi erdvios ni\u0161os, ir atvira sekcija su lentyna televizoriaus \u012frangai. J\u0105 taip pat galima naudoti kaip ekspozicijos \u012frengin\u012f. Spintel\u0117 turi \u0161velniai u\u017esidarant\u012f dur\u0173 blok\u0105 ir energij\u0105 taupant\u012f, \u0161altai balt\u0105 LED ap\u0161vietim\u0105 vir\u0161utin\u0117je panel\u0117je. Ry\u0161kus frezavimas fasaduose, pakei\u010diantis tradicines rankenas, pary\u0161kina bendr\u0105 spintel\u0117s stili\u0173. Klasikinis matin\u0117s ir blizgios baltos spalvos derinys puikiai papildo dabartines tendencijas, suteikdamas spintelei ne\u012ftik\u0117tino \u017eavesio ir gaivumo, o atspindinti \u0161viesa suteikia interjerui \u0161aunios elegancijos. Galima rinktis i\u0161 dviej\u0173 standartini\u0173 \u012fd\u0117kl\u0173 spalv\u0173 \u2013 baltos ir \u201eMaggia Oak\u201c. Televizoriaus spintel\u0117 idealiai tinka derinti su kitais IRMA serijos baldais arba naudoti kaip atskiras baldas, leid\u017eiantis jums pritaikyti interjer\u0105 pagal savo poreikius.<\/p>\n<p>Plotis 152 cm Gylis 44,5 cm Auk\u0161tis 48 cm Produkto svoris su pakuote 44,40 kg Gamintojo kodas \/ simbolis IM02 Kolekcijos pavadinimas IRMA Pavadinimas b2b sistemoje IRMA IM-2 \u0105\u017euolo\/baltos blizgios RTV komplektas Produkto pakuo\u010di\u0173 skai\u010dius 3 Stilius Modernus \u012eranga Surinkimo instrukcijos \/ surinkimo priedai Surinkimas Savaranki\u0161kam surinkimui Korpuso spalva \u0104\u017euolas Korpuso med\u017eiaga \/ tipas \/ storis 16 mm bald\u0173 plok\u0161t\u0117 \/ Juosta 18 mm MDF bald\u0173 plok\u0161t\u0117 Vir\u0161utinio korpuso med\u017eiaga \/ tipas \/ storis 16 mm bald\u0173 plok\u0161t\u0117 Apatinio korpuso med\u017eiaga \/ tipas \/ storis 16 mm bald\u0173 plok\u0161t\u0117 Lentynos spalva \u0105\u017euolas Lentynos med\u017eiaga \/ tipas \/ storis 16 mm bald\u0173 plok\u0161t\u0117 Lentyn\u0173 kiekis 1 Galin\u0117s sienel\u0117s med\u017eiaga \/ tipas \/ storis 2,5 mm HDF bald\u0173 plok\u0161t\u0117 Matoma galin\u0117s sienel\u0117s dalis \u0104\u017euolas Priekin\u0117 spalva Blizgi balta Priekin\u0117 med\u017eiaga \/ tipas \/ storis 18 mm MDF bald\u0173 plok\u0161t\u0117 Priekinis vyris \u2300 35 mm, reguliuojamas trijose plok\u0161tumose Priekin\u0117 rankena \/ med\u017eiaga \/ spalva Frezuota \/ balta blizgi Skyl\u0117 RTV laidams \u2300 50 mm I\u0161orinis ap\u0161vietimas Standartinis I\u0161orinio ap\u0161vietimo spalva Ap\u0161vietimas \u0160iltai balta Lauko ap\u0161vietimo energijos klas\u0117 A++ Koja \/ Apdaila \/ spalva Reguliuojama \/ plastikin\u0117 \/ nikelio Papildoma kojel\u0117 \/ apdaila \/ spalva Reguliuojama vidurin\u0117 dalis \/ plastikin\u0117 \/ nikelio Dureli\u0173 skai\u010dius 2 Atvir\u0173 ni\u0161\u0173 skai\u010dius 2 U\u017edar\u0173 ni\u0161\u0173 skai\u010dius 2<\/p>","protected":false},"excerpt":{"rendered":"<p>IRMA IM02 televizoriaus spintel\u0117 yra eleganti\u0161kas, \u017eavus ir modernus svetain\u0117s arba valgomojo baldas. Jos eleganti\u0161k\u0105 dizain\u0105 sudaro dviej\u0173 dur\u0173 sekcija, kurioje slepiasi dvi erdvios ni\u0161os, ir atvira sekcija su lentyna televizoriaus \u012frangai. J\u0105 taip pat galima naudoti kaip ekspozicijos spintel\u0119. Spintel\u0117 pasi\u017eymi [\u2026]<\/p>","protected":false},"featured_media":254431,"comment_status":"open","ping_status":"open","template":"","meta":[],"product_brand":[],"product_cat":[2457,1175],"product_tag":[],"class_list":{"0":"post-254430","1":"product","2":"type-product","3":"status-publish","4":"has-post-thumbnail","6":"product_cat-liveo","7":"product_cat-tv-stands","9":"first","10":"instock","11":"purchasable","12":"product-type-simple"},"_links":{"self":[{"href":"https:\/\/baldumarket.lt\/lt\/wp-json\/wp\/v2\/product\/254430","targetHints":{"allow":["GET"]}}],"collection":[{"href":"https:\/\/baldumarket.lt\/lt\/wp-json\/wp\/v2\/product"}],"about":[{"href":"https:\/\/baldumarket.lt\/lt\/wp-json\/wp\/v2\/types\/product"}],"replies":[{"embeddable":true,"href":"https:\/\/baldumarket.lt\/lt\/wp-json\/wp\/v2\/comments?post=254430"}],"wp:featuredmedia":[{"embeddable":true,"href":"https:\/\/baldumarket.lt\/lt\/wp-json\/wp\/v2\/media\/254431"}],"wp:attachment":[{"href":"https:\/\/baldumarket.lt\/lt\/wp-json\/wp\/v2\/media?parent=254430"}],"wp:term":[{"taxonomy":"product_brand","embeddable":true,"href":"https:\/\/baldumarket.lt\/lt\/wp-json\/wp\/v2\/product_brand?post=254430"},{"taxonomy":"product_cat","embeddable":true,"href":"https:\/\/baldumarket.lt\/lt\/wp-json\/wp\/v2\/product_cat?post=254430"},{"taxonomy":"product_tag","embeddable":true,"href":"https:\/\/baldumarket.lt\/lt\/wp-json\/wp\/v2\/product_tag?post=254430"}],"curies":[{"name":"wp","href":"https:\/\/api.w.org\/{rel}","templated":true}]}}