{"id":254424,"date":"2026-01-10T22:25:35","date_gmt":"2026-01-10T19:25:35","guid":{"rendered":"https:\/\/baldumarket.lt\/product\/irma-im01-rtv-2\/"},"modified":"2026-02-11T18:31:08","modified_gmt":"2026-02-11T15:31:08","slug":"irma-im01-rtv-2","status":"publish","type":"product","link":"https:\/\/baldumarket.lt\/lt\/product\/irma-im01-rtv-2\/","title":{"rendered":"IRMA IM01 RTV"},"content":{"rendered":"<p>IRMA IM01 televizoriaus staliukas \u2013 eleganti\u0161kas, \u017eavus ir modernus svetain\u0117s arba valgomojo baldas. J\u012f sudaro vienerios durel\u0117s ir lentyna televizoriaus \u012frangai. Staliukas turi \u0161velniai u\u017esidarant\u012f dureli\u0173 \u012ftais\u0105 ir energij\u0105 taupant\u012f \u0161altai balt\u0105 LED ap\u0161vietim\u0105 vir\u0161utin\u0117je panel\u0117je. Ry\u0161k\u016bs frezuoti fasadai, pakei\u010diantys tradicines rankenas, pabr\u0117\u017eia bendr\u0105 staliuko stili\u0173. Klasikinis matin\u0117s ir blizgios baltos spalvos derinys puikiai atitinka dabartines tendencijas, suteikdamas stakliui ne\u012ftik\u0117tino \u017eavesio ir gaivumo, o atspindinti \u0161viesa suteikia interjerui \u0161aunios elegancijos. Galima rinktis i\u0161 dviej\u0173 standartini\u0173 \u012fd\u0117kl\u0173 spalv\u0173 \u2013 baltos ir \u201eMaggia Oak\u201c. Televizoriaus staliukas idealiai tinka derinti su kitais IRMA serijos baldais arba naudoti kaip atskiras baldas, leid\u017eiantis pritaikyti savo kambario dizain\u0105.<\/p>\n<p>Plotis 115 cm Gylis 44,5 cm Auk\u0161tis 48 cm Produkto svoris su pakuote 36,50 kg Gamintojo kodas \/ simbolis IM01 Kolekcijos pavadinimas IRMA Pavadinimas b2b sistemoje IRMA IM-1 balta\/balta blizgi, d.magia RTV komplektas Produkto pakuo\u010di\u0173 skai\u010dius 3 Stilius Moderni \u012franga Surinkimo instrukcijos \/ surinkimo priedai Surinkimas Savaranki\u0161kam surinkimui Korpuso spalva Balta Korpuso apdailos med\u017eiaga \/ tipas \/ storis 16 mm bald\u0173 plok\u0161t\u0117 \/ Juosta 18 mm MDF bald\u0173 plok\u0161t\u0117 Vir\u0161utinio korpuso apdaila \/ med\u017eiaga \/ tipas \/ storis 16 mm bald\u0173 plok\u0161t\u0117 Apatinio korpuso apdaila \/ med\u017eiaga \/ tipas \/ storis 16 mm bald\u0173 plok\u0161t\u0117 Lentynos spalva Balta Lentynos apdailos med\u017eiaga \/ tipas \/ storis 16 mm bald\u0173 plok\u0161t\u0117 Lentyn\u0173 kiekis 1 Galin\u0117s sienel\u0117s apdailos med\u017eiaga \/ tipas \/ storis 2,5 mm HDF bald\u0173 plok\u0161t\u0117 Matoma galin\u0117s sienel\u0117s dalis Balta Priekin\u0117 spalva Balta Blizgi Priekin\u0117s apdailos med\u017eiaga \/ tipas \/ storis 18 mm MDF bald\u0173 plok\u0161t\u0117 Priekinis vyris \u2300 35 mm, reguliuojamas trijose plok\u0161tumose Priekin\u0117 rankena \/ apdaila \/ spalva Frezuota \/ Blizgi balta Skyl\u0117 RTV laidams \u2300 50 mm I\u0161orinis ap\u0161vietimas Standartinis I\u0161orinio ap\u0161vietimo \u0161viesos spalva \u0160altai balta I\u0161orinio ap\u0161vietimo energijos klas\u0117 A++ \u0160velniai u\u017esidaranti dur\u0173 sistema Standartinis Kojel\u0117 \/ apdaila \/ spalva Reguliuojama \/ plastikin\u0117 \/ nikelio Papildoma kojel\u0117 \/ apdaila \/ spalva Reguliuojama vidurin\u0117 dalis \/ plastikin\u0117 \/ nikelio Dureli\u0173 skai\u010dius 1 Atvir\u0173 ni\u0161\u0173 skai\u010dius 2 U\u017edar\u0173 ni\u0161\u0173 skai\u010dius 1 Korpuso \u012franga Dviej\u0173 spalv\u0173 dekoratyvinis elementas<\/p>","protected":false},"excerpt":{"rendered":"<p>IRMA IM01 televizoriaus staliukas yra eleganti\u0161kas, \u017eavus ir modernus svetain\u0117s arba valgomojo baldas. J\u012f sudaro vienerios durel\u0117s ir lentyna televizoriaus \u012frangai. Staliukas turi \u0161velnaus u\u017edarymo dureli\u0173 sistem\u0105 ir energij\u0105 taupant\u012f \u0161altai baltos spalvos LED ap\u0161vietim\u0105 vir\u0161utin\u0117je panel\u0117je. Ry\u0161kus frezavimas [\u2026]<\/p>","protected":false},"featured_media":254425,"comment_status":"open","ping_status":"open","template":"","meta":[],"product_brand":[],"product_cat":[2457,1175],"product_tag":[],"class_list":{"0":"post-254424","1":"product","2":"type-product","3":"status-publish","4":"has-post-thumbnail","6":"product_cat-liveo","7":"product_cat-tv-stands","9":"first","10":"instock","11":"purchasable","12":"product-type-simple"},"_links":{"self":[{"href":"https:\/\/baldumarket.lt\/lt\/wp-json\/wp\/v2\/product\/254424","targetHints":{"allow":["GET"]}}],"collection":[{"href":"https:\/\/baldumarket.lt\/lt\/wp-json\/wp\/v2\/product"}],"about":[{"href":"https:\/\/baldumarket.lt\/lt\/wp-json\/wp\/v2\/types\/product"}],"replies":[{"embeddable":true,"href":"https:\/\/baldumarket.lt\/lt\/wp-json\/wp\/v2\/comments?post=254424"}],"wp:featuredmedia":[{"embeddable":true,"href":"https:\/\/baldumarket.lt\/lt\/wp-json\/wp\/v2\/media\/254425"}],"wp:attachment":[{"href":"https:\/\/baldumarket.lt\/lt\/wp-json\/wp\/v2\/media?parent=254424"}],"wp:term":[{"taxonomy":"product_brand","embeddable":true,"href":"https:\/\/baldumarket.lt\/lt\/wp-json\/wp\/v2\/product_brand?post=254424"},{"taxonomy":"product_cat","embeddable":true,"href":"https:\/\/baldumarket.lt\/lt\/wp-json\/wp\/v2\/product_cat?post=254424"},{"taxonomy":"product_tag","embeddable":true,"href":"https:\/\/baldumarket.lt\/lt\/wp-json\/wp\/v2\/product_tag?post=254424"}],"curies":[{"name":"wp","href":"https:\/\/api.w.org\/{rel}","templated":true}]}}