{"id":254409,"date":"2026-01-10T22:25:28","date_gmt":"2026-01-10T19:25:28","guid":{"rendered":"https:\/\/baldumarket.lt\/product\/intenso-it11-biurko\/"},"modified":"2026-02-11T18:31:08","modified_gmt":"2026-02-11T15:31:08","slug":"intenso-it11-biurko","status":"publish","type":"product","link":"https:\/\/baldumarket.lt\/lt\/product\/intenso-it11-biurko\/","title":{"rendered":"INTENSO IT11 stalai"},"content":{"rendered":"<p>\u201eIntenso IT11\u201c stalas \u2013 puikus sprendimas ie\u0161kantiems bald\u0173 darbui ar studijoms. Sukurtas atsi\u017evelgiant \u012f maksimal\u0173 funkcionalum\u0105, \u201eIntenso IT11\u201c stalas pasi\u017eymi erdviu stalvir\u0161iu, kuris suteikia patogi\u0105 erdv\u0119 darbui, mokymuisi ar pom\u0117giams. Papildomas stal\u010dius ir spintel\u0117 leid\u017eia laikyti b\u016btiniausius daiktus, tokius kaip dokumentai, biuro reikmenys ir knygos, u\u017etikrinant tvark\u0105 ir optimal\u0173 darbo vietos organizavim\u0105.<\/p>\n<p>Plotis 118 cm Gylis 60 cm Auk\u0161tis 76 cm Produkto svoris su pakuote 34,65 kg Gamintojo kodas \/ simbolis IT11 Kolekcijos pavadinimas INTENSO Pavadinimas b2b sistemoje INTENSO IT11 EVOKE OAK \/ EVOKE OAK DESK KPL Produkto pakuo\u010di\u0173 skai\u010dius 2 Stilius Modernus \u012eranga Surinkimo instrukcijos \/ surinkimo priedai Surinkimas Savaranki\u0161kam surinkimui Korpuso spalva Evoke Oak Korpuso med\u017eiaga \/ tipas \/ storis 16 mm bald\u0173 plok\u0161t\u0117 \/ 32 mm bald\u0173 plok\u0161t\u0117 (2 x 16) Korpuso vir\u0161utin\u0117s dalies med\u017eiaga \/ med\u017eiaga \/ tipas \/ storis 22 mm bald\u0173 plok\u0161t\u0117 Korpuso apa\u010dios med\u017eiaga \/ med\u017eiaga \/ tipas \/ storis 16 mm bald\u0173 plok\u0161t\u0117 Galin\u0117s sienel\u0117s med\u017eiaga \/ tipas \/ storis 2,5 mm HDF bald\u0173 plok\u0161t\u0117 Galin\u0117s sienel\u0117s matomos dalies spalva Evoke Oak Priekin\u0117s dalies spalva Evoke Oak Priekin\u0117s dalies med\u017eiaga \/ tipas \/ storis 16 mm bald\u0173 plok\u0161t\u0117 Priekinis vyris \u2300 35 mm, reguliuojamas trijose plok\u0161tumose Priekin\u0117 ranken\u0117l\u0117 \/ apdaila \/ spalva Be ranken\u0117li\u0173 Priekinis fasadas Pilno i\u0161traukimo stal\u010di\u0173 b\u0117geliai Kojel\u0117 \/ apdaila \/ spalva Nereguliuojami \/ Bald\u0173 b\u0117geliai \/ plastikas \/ Juoda Dureli\u0173 skai\u010dius 1 Stal\u010di\u0173 skai\u010dius 1 U\u017edar\u0173 ni\u0161\u0173 skai\u010dius 1<\/p>","protected":false},"excerpt":{"rendered":"<p>\u201eIntenso IT11\u201c stalas \u2013 puikus sprendimas ie\u0161kantiems bald\u0173 darbui ar studijoms. Sukurtas atsi\u017evelgiant \u012f maksimal\u0173 funkcionalum\u0105, \u201eIntenso IT11\u201c stalas pasi\u017eymi erdviu stalvir\u0161iu, kuris suteikia patogi\u0105 erdv\u0119 darbui, studijoms ar pom\u0117giams. Papildomas stal\u010dius ir spintel\u0117 leid\u017eia laikyti b\u016btiniausius daiktus, tokius kaip dokumentai, [\u2026]<\/p>","protected":false},"featured_media":254410,"comment_status":"open","ping_status":"open","template":"","meta":[],"product_brand":[],"product_cat":[1312,2457],"product_tag":[],"class_list":{"0":"post-254409","1":"product","2":"type-product","3":"status-publish","4":"has-post-thumbnail","6":"product_cat-desks","7":"product_cat-liveo","9":"first","10":"instock","11":"purchasable","12":"product-type-simple"},"_links":{"self":[{"href":"https:\/\/baldumarket.lt\/lt\/wp-json\/wp\/v2\/product\/254409","targetHints":{"allow":["GET"]}}],"collection":[{"href":"https:\/\/baldumarket.lt\/lt\/wp-json\/wp\/v2\/product"}],"about":[{"href":"https:\/\/baldumarket.lt\/lt\/wp-json\/wp\/v2\/types\/product"}],"replies":[{"embeddable":true,"href":"https:\/\/baldumarket.lt\/lt\/wp-json\/wp\/v2\/comments?post=254409"}],"wp:featuredmedia":[{"embeddable":true,"href":"https:\/\/baldumarket.lt\/lt\/wp-json\/wp\/v2\/media\/254410"}],"wp:attachment":[{"href":"https:\/\/baldumarket.lt\/lt\/wp-json\/wp\/v2\/media?parent=254409"}],"wp:term":[{"taxonomy":"product_brand","embeddable":true,"href":"https:\/\/baldumarket.lt\/lt\/wp-json\/wp\/v2\/product_brand?post=254409"},{"taxonomy":"product_cat","embeddable":true,"href":"https:\/\/baldumarket.lt\/lt\/wp-json\/wp\/v2\/product_cat?post=254409"},{"taxonomy":"product_tag","embeddable":true,"href":"https:\/\/baldumarket.lt\/lt\/wp-json\/wp\/v2\/product_tag?post=254409"}],"curies":[{"name":"wp","href":"https:\/\/api.w.org\/{rel}","templated":true}]}}