{"id":254405,"date":"2026-01-10T22:25:25","date_gmt":"2026-01-10T19:25:25","guid":{"rendered":"https:\/\/baldumarket.lt\/product\/intenso-it10-polka-wiszaca\/"},"modified":"2026-02-11T18:31:08","modified_gmt":"2026-02-11T15:31:08","slug":"intenso-it10-polka-wiszaca","status":"publish","type":"product","link":"https:\/\/baldumarket.lt\/lt\/product\/intenso-it10-polka-wiszaca\/","title":{"rendered":"INTENSO IT10 SIENIN\u0116 LENTYNA"},"content":{"rendered":"<p>Pakabinama lentyna \u201eIntenso IT10\u201c \u2013 modernus ir funkcionalus interjero dizaino elementas, puikiai tinkantis svetainei, miegamajam ar biurui. Pagaminta i\u0161 auk\u0161tos kokyb\u0117s med\u017eiag\u0173, ji derina stili\u0173 ir prakti\u0161kum\u0105. Lentynos korpusas ir priekin\u0117 dalis yra \u201eEvoke Oak\u201c spalvos, tod\u0117l ji atrodo eleganti\u0161kai ir nat\u016braliai, tinka skandinavi\u0161kam, lofto ar klasikiniam interjerui. \u201eIntenso IT10\u201c lentyna i\u0161siskiria minimalistiniu dizainu ir tvirta konstrukcija, u\u017etikrinan\u010dia patvarum\u0105 ir stabilum\u0105. D\u0117l savo paprastumo ir estetikos ji dera prie kit\u0173 \u201eIntenso\u201c kolekcijos bald\u0173.<\/p>\n<p>Plotis 134 cm Gylis 23,5 cm Auk\u0161tis 22 cm Produkto svoris su pakuote 8,05 kg Gamintojo kodas \/ simbolis IT10 Kolekcijos pavadinimas INTENSO Pavadinimas b2b sistemoje INTENSO IT10 EVOKE OAK\/EVOKE OAK SHELF SET Produkto pakuo\u010di\u0173 skai\u010dius 1 Stilius Modernus \u012eranga Surinkimo instrukcijos \/ surinkimo priedai Surinkimas Savaranki\u0161kam surinkimui Spalvos Evoke Oak Korpuso med\u017eiaga \/ tipas \/ storis 16 mm bald\u0173 plok\u0161t\u0117 Korpuso vir\u0161utin\u0117s dalies med\u017eiaga \/ tipas \/ storis 22 mm bald\u0173 plok\u0161t\u0117 Korpuso \u012franga Reguliuojami bald\u0173 pakabos<\/p>","protected":false},"excerpt":{"rendered":"<p>Pakabinama lentyna \u201eIntenso IT10\u201c \u2013 modernus ir funkcionalus interjero dizaino elementas, puikiai tinkantis svetainei, miegamajam ar biurui. Pagaminta i\u0161 auk\u0161tos kokyb\u0117s med\u017eiag\u0173, ji derina stili\u0173 ir prakti\u0161kum\u0105. Lentynos korpusas ir priekin\u0117 dalis yra \u201eEvoke Oak\u201c spalvos, tod\u0117l ji atrodo eleganti\u0161kai ir nat\u016braliai, tinka skandinavi\u0161kam, lofto ar klasikiniam interjerui. [\u2026]<\/p>","protected":false},"featured_media":253013,"comment_status":"open","ping_status":"open","template":"","meta":[],"product_brand":[],"product_cat":[1174,2457],"product_tag":[],"class_list":{"0":"post-254405","1":"product","2":"type-product","3":"status-publish","4":"has-post-thumbnail","6":"product_cat-hanging-shelves","7":"product_cat-liveo","9":"first","10":"instock","11":"purchasable","12":"product-type-simple"},"_links":{"self":[{"href":"https:\/\/baldumarket.lt\/lt\/wp-json\/wp\/v2\/product\/254405","targetHints":{"allow":["GET"]}}],"collection":[{"href":"https:\/\/baldumarket.lt\/lt\/wp-json\/wp\/v2\/product"}],"about":[{"href":"https:\/\/baldumarket.lt\/lt\/wp-json\/wp\/v2\/types\/product"}],"replies":[{"embeddable":true,"href":"https:\/\/baldumarket.lt\/lt\/wp-json\/wp\/v2\/comments?post=254405"}],"wp:featuredmedia":[{"embeddable":true,"href":"https:\/\/baldumarket.lt\/lt\/wp-json\/wp\/v2\/media\/253013"}],"wp:attachment":[{"href":"https:\/\/baldumarket.lt\/lt\/wp-json\/wp\/v2\/media?parent=254405"}],"wp:term":[{"taxonomy":"product_brand","embeddable":true,"href":"https:\/\/baldumarket.lt\/lt\/wp-json\/wp\/v2\/product_brand?post=254405"},{"taxonomy":"product_cat","embeddable":true,"href":"https:\/\/baldumarket.lt\/lt\/wp-json\/wp\/v2\/product_cat?post=254405"},{"taxonomy":"product_tag","embeddable":true,"href":"https:\/\/baldumarket.lt\/lt\/wp-json\/wp\/v2\/product_tag?post=254405"}],"curies":[{"name":"wp","href":"https:\/\/api.w.org\/{rel}","templated":true}]}}