{"id":254397,"date":"2026-01-10T22:25:21","date_gmt":"2026-01-10T19:25:21","guid":{"rendered":"https:\/\/baldumarket.lt\/product\/intenso-it09-szafa\/"},"modified":"2026-02-11T18:31:08","modified_gmt":"2026-02-11T15:31:08","slug":"intenso-it09-szafa","status":"publish","type":"product","link":"https:\/\/baldumarket.lt\/lt\/product\/intenso-it09-szafa\/","title":{"rendered":"INTENSO IT09 DRABU\u017dIN\u0116"},"content":{"rendered":"<p>\u201eIntenso IT09\u201c spinta buvo sukurta siekiant maksimaliai i\u0161naudoti erdv\u0119 daiktams susid\u0117ti. Ji puikiai tinka miegamajame, persirengimo kambaryje ar prie\u0161kambaryje, padeda palaikyti tvark\u0105 ir optimizuoti erdv\u0119.<\/p>\n<p>Plotis 87 cm Gylis 52 cm Auk\u0161tis 197,5 cm Produkto svoris su pakuote 62,65 kg Gamintojo kodas \/ simbolis IT09 Kolekcijos pavadinimas INTENSO Pavadinimas b2b sistemoje INTENSO IT09 EVOKE OAK \/ EVOKE OAK SPINTEL\u0116S KOMPLEKTAS Produkt\u0173 pakuo\u010di\u0173 skai\u010dius 3 Stilius Modernus \u012eranga Surinkimo instrukcijos \/ surinkimo priedai Surinkimas Savaranki\u0161kam surinkimui Korpuso spalva Evoke Oak Korpuso apdailos med\u017eiaga \/ tipas \/ storis Bald\u0173 plok\u0161t\u0117 16 mm \/ Bald\u0173 plok\u0161t\u0117 (2 x 16) 32 mm Korpuso vir\u0161utin\u0117s dalies apdaila \/ med\u017eiaga \/ tipas \/ storis Bald\u0173 plok\u0161t\u0117 22 mm Korpuso apatin\u0117s dalies apdaila \/ med\u017eiaga \/ tipas \/ storis Bald\u0173 plok\u0161t\u0117 16 mm Galin\u0117s sienel\u0117s apdailos med\u017eiaga \/ tipas \/ storis Bald\u0173 plok\u0161t\u0117 HDF 2,5 mm Galin\u0117s sienel\u0117s matomos dalies spalva Evoke Oak Priekin\u0117s spalvos Evoke Oak Priekin\u0117s apdailos med\u017eiaga \/ tipas \/ storis Bald\u0173 plok\u0161t\u0117 16 mm Priekinis vyris \u2300 35 mm, reguliuojamas trijose plok\u0161tumose Priekin\u0117 rankena \/ apdaila \/ spalva Be ranken\u0117l\u0117s Priekin\u0117 dalis Kojel\u0117 \/ apdaila \/ spalva Be reguliavimo \/ Bald\u0173 b\u0117geliai \/ plastikas \/ juoda Dur\u0173 skai\u010dius 4 Kiekis u\u017edar\u0173 ni\u0161\u0173 2 k\u0117bulo \u012franga Standartinis 1 pakabinamas karnizas<\/p>","protected":false},"excerpt":{"rendered":"<p>\u201eIntenso IT09\u201c spinta buvo sukurta siekiant maksimaliai padidinti erdv\u0119 daiktams susid\u0117ti. Ji puikiai tinka miegamajame, persirengimo kambaryje ar koridoriuje, pad\u0117dama palaikyti tvark\u0105 ir optimizuoti erdv\u0119. Plotis 87 cm Gylis 52 cm Auk\u0161tis 197,5 cm Gaminio svoris su pakuote 62,65 kg Gamintojo kodas \/ simbolis IT09 Kolekcijos pavadinimas INTENSO Pavadinimas b2b sistemoje [\u2026]<\/p>","protected":false},"featured_media":254398,"comment_status":"open","ping_status":"open","template":"","meta":[],"product_brand":[],"product_cat":[2457,1177],"product_tag":[],"class_list":{"0":"post-254397","1":"product","2":"type-product","3":"status-publish","4":"has-post-thumbnail","6":"product_cat-liveo","7":"product_cat-wardrobes","9":"first","10":"instock","11":"purchasable","12":"product-type-simple"},"_links":{"self":[{"href":"https:\/\/baldumarket.lt\/lt\/wp-json\/wp\/v2\/product\/254397","targetHints":{"allow":["GET"]}}],"collection":[{"href":"https:\/\/baldumarket.lt\/lt\/wp-json\/wp\/v2\/product"}],"about":[{"href":"https:\/\/baldumarket.lt\/lt\/wp-json\/wp\/v2\/types\/product"}],"replies":[{"embeddable":true,"href":"https:\/\/baldumarket.lt\/lt\/wp-json\/wp\/v2\/comments?post=254397"}],"wp:featuredmedia":[{"embeddable":true,"href":"https:\/\/baldumarket.lt\/lt\/wp-json\/wp\/v2\/media\/254398"}],"wp:attachment":[{"href":"https:\/\/baldumarket.lt\/lt\/wp-json\/wp\/v2\/media?parent=254397"}],"wp:term":[{"taxonomy":"product_brand","embeddable":true,"href":"https:\/\/baldumarket.lt\/lt\/wp-json\/wp\/v2\/product_brand?post=254397"},{"taxonomy":"product_cat","embeddable":true,"href":"https:\/\/baldumarket.lt\/lt\/wp-json\/wp\/v2\/product_cat?post=254397"},{"taxonomy":"product_tag","embeddable":true,"href":"https:\/\/baldumarket.lt\/lt\/wp-json\/wp\/v2\/product_tag?post=254397"}],"curies":[{"name":"wp","href":"https:\/\/api.w.org\/{rel}","templated":true}]}}