{"id":254389,"date":"2026-01-10T22:25:18","date_gmt":"2026-01-10T19:25:18","guid":{"rendered":"https:\/\/baldumarket.lt\/product\/intenso-it08-regal-l-p\/"},"modified":"2026-02-11T18:31:08","modified_gmt":"2026-02-11T15:31:08","slug":"intenso-it08-regal-l-p","status":"publish","type":"product","link":"https:\/\/baldumarket.lt\/lt\/product\/intenso-it08-regal-l-p\/","title":{"rendered":"INTENSO IT08 LENTYNA K\/D"},"content":{"rendered":"<p>\u201eIntenso IT08\u201c knyg\u0173 lentyna pasi\u017eymi eleganti\u0161ku dizainu, kuris skland\u017eiai dera prie \u012fvairi\u0173 interjero dizain\u0173. Tiek korpusas, tiek priekin\u0117 dalis yra padengti \u201eEvoke Oak\u201c \u0105\u017euolo apdaila, suteikian\u010dia lentynai unikal\u0173 charakter\u012f ir jauki\u0105, bet stiling\u0105 i\u0161vaizd\u0105 bet kuriam kambariui. D\u0117l gerai apgalvoto dizaino \u201eIntenso IT08\u201c knyg\u0173 lentyna si\u016blo daug vietos daiktams susid\u0117ti. Daugyb\u0117 lentyn\u0173 leid\u017eia patogiai laikyti knygas, dekoracijas ir kitus kasdienius daiktus. D\u0117l savo funkcionalumo ji idealiai tinka svetain\u0117ms, darbo kambariams, miegamiesiems ar biurams, padeda palaikyti tvark\u0105 ir organizuotum\u0105.<\/p>\n<p>Plotis 54,5 cm Gylis 39 cm Auk\u0161tis 197,5 cm Produkto svoris su pakuote 43,95 kg Gamintojo kodas \/ simbolis IT08 Kolekcijos pavadinimas INTENSO Pavadinimas b2b sistemoje INTENSO IT08 EVOKE OAK \/ EVOKE OAK LENTYN\u0172 KOMPLEKTAS Produkto pakuo\u010di\u0173 skai\u010dius 2 Stilius Modernus \u012eranga Surinkimo instrukcijos \/ surinkimo priedai Surinkimas Savaranki\u0161kam surinkimui Korpuso spalva Evoke Oak Korpuso med\u017eiaga \/ tipas \/ storis 16 mm bald\u0173 plok\u0161t\u0117 \/ 32 mm bald\u0173 plok\u0161t\u0117 (2 x 16) Korpuso vir\u0161utin\u0117s dalies med\u017eiaga \/ med\u017eiaga \/ tipas \/ storis 22 mm bald\u0173 plok\u0161t\u0117 Korpuso apa\u010dios med\u017eiaga \/ med\u017eiaga \/ tipas \/ storis 16 mm bald\u0173 plok\u0161t\u0117 Lentynos spalva Evoke Oak Lentynos med\u017eiaga \/ tipas \/ storis 16 mm bald\u0173 plok\u0161t\u0117 Lentyn\u0173 kiekis 2 Galin\u0117s sienel\u0117s med\u017eiaga \/ tipas \/ storis 2,5 mm HDF bald\u0173 plok\u0161t\u0117 Galin\u0117s matomos sienos dalies spalva Evoke Oak Priekin\u0117s spalvos Evoke Oak Priekin\u0117s apdailos med\u017eiaga \/ tipas \/ storis 16 mm bald\u0173 plok\u0161t\u0117 Priekinis vyris \u2300 35 mm reguliuojamas trijose plok\u0161tumose Priekinis universalus atidarymas kair\u0117n \/ de\u0161in\u0117n TAIP Priekin\u0117 rankena \/ apdaila \/ spalva Be ranken\u0117li\u0173 Priekinis fasadas Pilno i\u0161traukimo stal\u010di\u0173 b\u0117geliai Kojel\u0117 \/ apdaila \/ spalva Be reguliavimo \/ Bald\u0173 b\u0117geliai \/ plastikas \/ Juoda Dureli\u0173 skai\u010dius 2 Stal\u010di\u0173 skai\u010dius 1 Atvir\u0173 ni\u0161\u0173 skai\u010dius 1 U\u017edar\u0173 ni\u0161\u0173 skai\u010dius 4<\/p>","protected":false},"excerpt":{"rendered":"<p>\u201eIntenso IT08\u201c knyg\u0173 lentyna pasi\u017eymi eleganti\u0161ku dizainu, kuris skland\u017eiai dera prie \u012fvairi\u0173 interjero dizain\u0173. Tiek korpusas, tiek priekin\u0117 dalis yra padengti \u201eEvoke Oak\u201c \u0105\u017euolu, suteikian\u010diu lentynai unikal\u0173 charakter\u012f ir jauki\u0105, bet stiling\u0105 i\u0161vaizd\u0105 bet kuriame kambaryje. D\u0117l gerai apgalvoto dizaino \u201eIntenso IT08\u201c knyg\u0173 lentyna si\u016blo daug vietos daiktams susid\u0117ti. [\u2026]<\/p>","protected":false},"featured_media":254390,"comment_status":"open","ping_status":"open","template":"","meta":[],"product_brand":[],"product_cat":[2457,1177],"product_tag":[],"class_list":{"0":"post-254389","1":"product","2":"type-product","3":"status-publish","4":"has-post-thumbnail","6":"product_cat-liveo","7":"product_cat-wardrobes","9":"first","10":"instock","11":"purchasable","12":"product-type-simple"},"_links":{"self":[{"href":"https:\/\/baldumarket.lt\/lt\/wp-json\/wp\/v2\/product\/254389","targetHints":{"allow":["GET"]}}],"collection":[{"href":"https:\/\/baldumarket.lt\/lt\/wp-json\/wp\/v2\/product"}],"about":[{"href":"https:\/\/baldumarket.lt\/lt\/wp-json\/wp\/v2\/types\/product"}],"replies":[{"embeddable":true,"href":"https:\/\/baldumarket.lt\/lt\/wp-json\/wp\/v2\/comments?post=254389"}],"wp:featuredmedia":[{"embeddable":true,"href":"https:\/\/baldumarket.lt\/lt\/wp-json\/wp\/v2\/media\/254390"}],"wp:attachment":[{"href":"https:\/\/baldumarket.lt\/lt\/wp-json\/wp\/v2\/media?parent=254389"}],"wp:term":[{"taxonomy":"product_brand","embeddable":true,"href":"https:\/\/baldumarket.lt\/lt\/wp-json\/wp\/v2\/product_brand?post=254389"},{"taxonomy":"product_cat","embeddable":true,"href":"https:\/\/baldumarket.lt\/lt\/wp-json\/wp\/v2\/product_cat?post=254389"},{"taxonomy":"product_tag","embeddable":true,"href":"https:\/\/baldumarket.lt\/lt\/wp-json\/wp\/v2\/product_tag?post=254389"}],"curies":[{"name":"wp","href":"https:\/\/api.w.org\/{rel}","templated":true}]}}