{"id":254381,"date":"2026-01-10T22:25:14","date_gmt":"2026-01-10T19:25:14","guid":{"rendered":"https:\/\/baldumarket.lt\/product\/intenso-it07-witryna-l-p\/"},"modified":"2026-02-11T18:31:08","modified_gmt":"2026-02-11T15:31:08","slug":"intenso-it07-witryna-l-p","status":"publish","type":"product","link":"https:\/\/baldumarket.lt\/lt\/product\/intenso-it07-witryna-l-p\/","title":{"rendered":"INTENSO IT07 VITRINA K\/D"},"content":{"rendered":"<p>\u201eIntenso IT07\u201c vitrina \u2013 eleganti\u0161kas ir funkcionalus pasirinkimas modernaus dizaino m\u0117g\u0117jams. Minimalistin\u0117, ta\u010diau \u012fsp\u016bdinga i\u0161vaizda puikiai tinka bet kokiam interjerui, suteikia klas\u0117s ir modernumo. D\u0117l gerai apgalvoto dizaino spintel\u0117 suteikia daug vietos m\u0117gstamiems daiktams laikyti ir eksponuoti. Modernus dizainas ir auk\u0161tos kokyb\u0117s med\u017eiagos garantuoja, kad ji tarnaus daugel\u012f met\u0173, i\u0161laikydama nepriekai\u0161ting\u0105 i\u0161vaizd\u0105.<\/p>\n<p>Plotis 54,5 cm Gylis 39 cm Auk\u0161tis 197,5 cm Produkto svoris su pakuote 43,75 kg Gamintojo kodas \/ simbolis IT07 Kolekcijos pavadinimas INTENSO Pavadinimas b2b sistemoje INTENSO IT07 EVOKE OAK \/ EVOKE OAK VITRININ\u0116 SPINTEL\u0116 L\/P KOMPLEKTAS Produkto pakuo\u010di\u0173 skai\u010dius 2 Stilius Moderni \u012franga Surinkimo instrukcijos \/ surinkimo priedai Surinkimas Savaranki\u0161kam surinkimui Korpuso spalva Evoke Oak Korpuso med\u017eiaga \/ tipas \/ storis 16 mm baldin\u0117 plok\u0161t\u0117 \/ 32 mm baldin\u0117 plok\u0161t\u0117 (2 x 16) Korpuso vir\u0161utin\u0117s dalies med\u017eiaga \/ med\u017eiaga \/ tipas \/ storis 22 mm baldin\u0117 plok\u0161t\u0117 Korpuso apa\u010dios med\u017eiaga \/ med\u017eiaga \/ tipas \/ storis 16 mm baldin\u0117 plok\u0161t\u0117 Lentynos spalva Evoke Oak Lentynos med\u017eiaga \/ tipas \/ storis 16 mm baldin\u0117 plok\u0161t\u0117 Lentyn\u0173 kiekis 1 Galin\u0117s sienel\u0117s med\u017eiaga \/ tipas \/ storis 2,5 mm HDF baldin\u0117 plok\u0161t\u0117 Galin\u0117s sienel\u0117s matomos dalies spalva Evoke Oak Priekin\u0117s spalvos Evoke Oak Priekin\u0117s apdailos med\u017eiaga \/ tipas \/ storis 16 mm baldin\u0117 plok\u0161t\u0117 Priekinis vyris \u2300 35 mm reguliuojamas trijose plok\u0161tumose Priekinis universalus atidarymas kair\u0117n \/ de\u0161in\u0117n TAIP Priekin\u0117 rankena \/ apdaila \/ spalva Priekinis pavir\u0161ius be ranken\u0117li\u0173 Stiklin\u0117s priekin\u0117s dalies apdaila \/ stiklo spalva Gr\u016bdintas \/ skaidrus Stiklin\u0117s priekin\u0117s dalies stiklo storis 4 mm Stiklin\u0117s lentynos stiklo spalva Skaidri Stiklin\u0117s lentynos stiklo storis 5 mm Stiklini\u0173 lentyn\u0173 kiekis 2 Kojel\u0117 \/ apdaila \/ spalva Nereguliuojama \/ Bald\u0173 b\u0117geliai \/ plastikas \/ juoda Dureli\u0173 skai\u010dius 2 U\u017edar\u0173 ni\u0161\u0173 skai\u010dius u\u017e priekinio stiklo 3 U\u017edar\u0173 ni\u0161\u0173 skai\u010dius 2<\/p>","protected":false},"excerpt":{"rendered":"<p>\u201eIntenso IT07\u201c vitrina \u2013 eleganti\u0161kas ir funkcionalus pasirinkimas modernaus dizaino m\u0117g\u0117jams. Minimalistin\u0117, ta\u010diau \u012fsp\u016bdinga i\u0161vaizda puikiai tinka bet kokiam interjerui, suteikia klas\u0117s ir modernumo. D\u0117l gerai apgalvoto dizaino spintel\u0117 suteikia daug vietos m\u0117gstamiems daiktams laikyti ir eksponuoti. Jos [\u2026]<\/p>","protected":false},"featured_media":254382,"comment_status":"open","ping_status":"open","template":"","meta":[],"product_brand":[],"product_cat":[2457,2006],"product_tag":[],"class_list":{"0":"post-254381","1":"product","2":"type-product","3":"status-publish","4":"has-post-thumbnail","6":"product_cat-liveo","7":"product_cat-vitrines","9":"first","10":"instock","11":"purchasable","12":"product-type-simple"},"_links":{"self":[{"href":"https:\/\/baldumarket.lt\/lt\/wp-json\/wp\/v2\/product\/254381","targetHints":{"allow":["GET"]}}],"collection":[{"href":"https:\/\/baldumarket.lt\/lt\/wp-json\/wp\/v2\/product"}],"about":[{"href":"https:\/\/baldumarket.lt\/lt\/wp-json\/wp\/v2\/types\/product"}],"replies":[{"embeddable":true,"href":"https:\/\/baldumarket.lt\/lt\/wp-json\/wp\/v2\/comments?post=254381"}],"wp:featuredmedia":[{"embeddable":true,"href":"https:\/\/baldumarket.lt\/lt\/wp-json\/wp\/v2\/media\/254382"}],"wp:attachment":[{"href":"https:\/\/baldumarket.lt\/lt\/wp-json\/wp\/v2\/media?parent=254381"}],"wp:term":[{"taxonomy":"product_brand","embeddable":true,"href":"https:\/\/baldumarket.lt\/lt\/wp-json\/wp\/v2\/product_brand?post=254381"},{"taxonomy":"product_cat","embeddable":true,"href":"https:\/\/baldumarket.lt\/lt\/wp-json\/wp\/v2\/product_cat?post=254381"},{"taxonomy":"product_tag","embeddable":true,"href":"https:\/\/baldumarket.lt\/lt\/wp-json\/wp\/v2\/product_tag?post=254381"}],"curies":[{"name":"wp","href":"https:\/\/api.w.org\/{rel}","templated":true}]}}