{"id":254373,"date":"2026-01-10T22:25:11","date_gmt":"2026-01-10T19:25:11","guid":{"rendered":"https:\/\/baldumarket.lt\/product\/intenso-it06-witryna\/"},"modified":"2026-02-11T18:31:09","modified_gmt":"2026-02-11T15:31:09","slug":"intenso-it06-witryna","status":"publish","type":"product","link":"https:\/\/baldumarket.lt\/lt\/product\/intenso-it06-witryna\/","title":{"rendered":"INTENSO IT06 SVETAIN\u0116"},"content":{"rendered":"<p>\u201eIntenso IT06\u201c vitrina \u2013 eleganti\u0161kas bet kurios erdv\u0117s papildymas. Apdaila \u201eEvoke Oak\u201c \u0105\u017euolo spalva derina modern\u0173 dizain\u0105 su prakti\u0161kais sprendimais. Stiklin\u0117s durys ir lentynos u\u017etikrina eleganti\u0161k\u0105 j\u016bs\u0173 m\u0117gstamiausi\u0173 daikt\u0173 laikym\u0105 ir stiling\u0105 eksponavim\u0105. Be to, \u201eIntenso IT06\u201c vitrina turi \u012fmontuot\u0105 LED ap\u0161vietim\u0105, kuris subtiliai i\u0161ry\u0161kina turin\u012f ir sukuria maloni\u0105 atmosfer\u0105. Puikiai tinka svetainei ar valgomajam, ji suteikia j\u016bs\u0173 interjerui modernumo ir funkcionalumo.<\/p>\n<p>Plotis 87 cm Gylis 39 cm Auk\u0161tis 141 cm Produkto svoris su pakuote 48,70 kg Gamintojo kodas \/ simbolis IT06 Kolekcijos pavadinimas INTENSO Pavadinimas b2b sistemoje INTENSO IT06 EVOKE OAK \/ EVOKE OAK VITRININ\u0116 SPINTEL\u0116 KOMPLEKTAS Produkto pakuo\u010di\u0173 skai\u010dius 3 Stilius Moderni \u012franga Surinkimo instrukcijos \/ surinkimo priedai Surinkimas Savaranki\u0161kam surinkimui Korpuso spalva Evoke Oak Korpuso med\u017eiaga \/ tipas \/ storis 16 mm baldin\u0117 plok\u0161t\u0117 \/ 32 mm baldin\u0117 plok\u0161t\u0117 (2 x 16) Korpuso vir\u0161utin\u0117s dalies med\u017eiaga \/ med\u017eiaga \/ tipas \/ storis 22 mm baldin\u0117 plok\u0161t\u0117 Korpuso apa\u010dios med\u017eiaga \/ med\u017eiaga \/ tipas \/ storis 16 mm baldin\u0117 plok\u0161t\u0117 Lentynos spalva Evoke Oak Lentynos med\u017eiaga \/ tipas \/ storis 16 mm baldin\u0117 plok\u0161t\u0117 Lentynos apa\u010dios kiekis 1 Galin\u0117s sienel\u0117s med\u017eiaga \/ tipas \/ storis 2,5 mm HDF baldin\u0117 plok\u0161t\u0117 Matoma galin\u0117s sienel\u0117s dalis Evoke Oak Priekin\u0117 spalva Evoke Oak Priekin\u0117s apdailos med\u017eiaga \/ tipas \/ storis 16 mm baldin\u0117 plok\u0161t\u0117 Priekinis vyris \u2300 35 mm reguliuojamas trijose plok\u0161tumose Priekin\u0117 rankena \/ apdaila \/ spalva Be ranken\u0117l\u0117s Priekin\u0117 dalis \u012estiklinta Priekin\u0117 apdaila \/ stiklo spalva Gr\u016bdintas \/ skaidrus Stiklinio priekinio stiklo storis 4 mm Stiklin\u0117s lentynos stiklo spalva Skaidrus Stiklin\u0117s lentynos stiklo storis 5 mm Stiklini\u0173 lentyn\u0173 kiekis 2 Kojel\u0117 \/ apdaila \/ spalva Nereguliuojama \/ Bald\u0173 b\u0117geliai \/ plastikas \/ juoda Dureli\u0173 skai\u010dius 4 U\u017edar\u0173 ni\u0161\u0173 skai\u010dius u\u017e priekinio stiklo 4 U\u017edar\u0173 ni\u0161\u0173 skai\u010dius 2<\/p>","protected":false},"excerpt":{"rendered":"<p>\u201eIntenso IT06\u201c vitrina \u2013 eleganti\u0161kas bet kurios erdv\u0117s papildymas. Apdaila \u201eEvoke Oak\u201c \u0105\u017euolo spalva derina modern\u0173 dizain\u0105 su prakti\u0161kais sprendimais. Stiklin\u0117s durel\u0117mis ir lentynomis pasi\u017eymi eleganti\u0161ka saugykla ir stilinga m\u0117gstam\u0173 daikt\u0173 ekspozicija. Be to, \u201eIntenso IT06\u201c vitrina turi \u012fmontuot\u0105 LED ap\u0161vietim\u0105, kuris subtiliai i\u0161ry\u0161kina turin\u012f, [\u2026]<\/p>","protected":false},"featured_media":254374,"comment_status":"open","ping_status":"open","template":"","meta":[],"product_brand":[],"product_cat":[2457,2006],"product_tag":[],"class_list":{"0":"post-254373","1":"product","2":"type-product","3":"status-publish","4":"has-post-thumbnail","6":"product_cat-liveo","7":"product_cat-vitrines","9":"first","10":"instock","11":"purchasable","12":"product-type-simple"},"_links":{"self":[{"href":"https:\/\/baldumarket.lt\/lt\/wp-json\/wp\/v2\/product\/254373","targetHints":{"allow":["GET"]}}],"collection":[{"href":"https:\/\/baldumarket.lt\/lt\/wp-json\/wp\/v2\/product"}],"about":[{"href":"https:\/\/baldumarket.lt\/lt\/wp-json\/wp\/v2\/types\/product"}],"replies":[{"embeddable":true,"href":"https:\/\/baldumarket.lt\/lt\/wp-json\/wp\/v2\/comments?post=254373"}],"wp:featuredmedia":[{"embeddable":true,"href":"https:\/\/baldumarket.lt\/lt\/wp-json\/wp\/v2\/media\/254374"}],"wp:attachment":[{"href":"https:\/\/baldumarket.lt\/lt\/wp-json\/wp\/v2\/media?parent=254373"}],"wp:term":[{"taxonomy":"product_brand","embeddable":true,"href":"https:\/\/baldumarket.lt\/lt\/wp-json\/wp\/v2\/product_brand?post=254373"},{"taxonomy":"product_cat","embeddable":true,"href":"https:\/\/baldumarket.lt\/lt\/wp-json\/wp\/v2\/product_cat?post=254373"},{"taxonomy":"product_tag","embeddable":true,"href":"https:\/\/baldumarket.lt\/lt\/wp-json\/wp\/v2\/product_tag?post=254373"}],"curies":[{"name":"wp","href":"https:\/\/api.w.org\/{rel}","templated":true}]}}