{"id":254365,"date":"2026-01-10T22:25:07","date_gmt":"2026-01-10T19:25:07","guid":{"rendered":"https:\/\/baldumarket.lt\/product\/intenso-it05-komoda\/"},"modified":"2026-02-11T18:31:09","modified_gmt":"2026-02-11T15:31:09","slug":"intenso-it05-komoda","status":"publish","type":"product","link":"https:\/\/baldumarket.lt\/lt\/product\/intenso-it05-komoda\/","title":{"rendered":"INTENSO IT05 SKRYNIOS"},"content":{"rendered":"<p>\u201eIntenso IT05\u201c komoda puikiai papildo \u201eIntenso\u201c kolekcij\u0105. Tur\u0117dama keturis erdvius stal\u010dius ir prakti\u0161kas lentynas, pasl\u0117ptas u\u017e u\u017erakinam\u0173 dureli\u0173, ji derina elegancij\u0105 ir funkcionalum\u0105. D\u0117l modernaus dizaino ir tvirtos konstrukcijos ji puikiai tinka bet kokiam interjerui. Idealiai tinka \u012fvairiems daiktams laikyti, ji suteikia namams tvarkos ir estetikos.<\/p>\n<p>Plotis 134 cm Gylis 39 cm Auk\u0161tis 88 cm Produkto svoris su pakuote 49,65 kg Gamintojo kodas \/ simbolis IT05 Kolekcijos pavadinimas INTENSO Pavadinimas b2b sistemoje INTENSO IT05 \u0104\u017dUOLAS EVOKE \/ \u0104\u017dUOLIN\u0116 KOMOD\u0172 KOMODA EVOKE KPL Produkto pakuo\u010di\u0173 skai\u010dius 3 Stilius Moderni \u012franga Surinkimo instrukcijos \/ surinkimo priedai Surinkimas Savaranki\u0161kam surinkimui Korpuso spalva Evoke Oak Korpuso med\u017eiaga \/ tipas \/ storis 16 mm baldin\u0117 plok\u0161t\u0117 \/ 32 mm baldin\u0117 plok\u0161t\u0117 (2 x 16) Korpuso vir\u0161utin\u0117s dalies med\u017eiaga \/ med\u017eiaga \/ tipas \/ storis 22 mm baldin\u0117 plok\u0161t\u0117 Korpuso apa\u010dios med\u017eiaga \/ med\u017eiaga \/ tipas \/ storis 16 mm baldin\u0117 plok\u0161t\u0117 Lentynos spalva Evoke Oak Lentynos med\u017eiaga \/ tipas \/ storis 16 mm baldin\u0117 plok\u0161t\u0117 Lentynos apa\u010dios kiekis 1 Galin\u0117s sienel\u0117s med\u017eiaga \/ tipas \/ storis 2,5 mm HDF baldin\u0117 plok\u0161t\u0117 Matoma galin\u0117s sienel\u0117s dalis Evoke Oak spalva Priekin\u0117 dalis Evoke Oak spalva Priekin\u0117s apdailos med\u017eiaga \/ tipas \/ storis 16 mm baldin\u0117 plok\u0161t\u0117 Priekinis vyris \u2300 35 mm, reguliuojamas trijose plok\u0161tumose Priekin\u0117 rankena \/ apdaila \/ spalva Priekin\u0117 dalis be ranken\u0117l\u0117s Pilno i\u0161traukimo stal\u010di\u0173 b\u0117geliai Kojel\u0117 \/ apdaila \/ spalva Be reguliavimo \/ Bald\u0173 b\u0117geliai \/ plastikas \/ juoda Dureli\u0173 skai\u010dius 2 Stal\u010di\u0173 skai\u010dius 4 U\u017edar\u0173 ni\u0161\u0173 skai\u010dius 2<\/p>","protected":false},"excerpt":{"rendered":"<p>\u201eIntenso IT05\u201c komoda puikiai papildo \u201eIntenso\u201c kolekcij\u0105. Tur\u0117dama keturis erdvius stal\u010dius ir prakti\u0161kas lentynas, pasl\u0117ptas u\u017e u\u017erakinam\u0173 dureli\u0173, ji derina elegancij\u0105 ir funkcionalum\u0105. D\u0117l modernaus dizaino ir tvirtos konstrukcijos ji puikiai tinka bet kokiam interjerui. Idealiai tinka \u012fvairiems daiktams laikyti, suteikia tvarkos ir estetikos [\u2026]<\/p>","protected":false},"featured_media":254366,"comment_status":"open","ping_status":"open","template":"","meta":[],"product_brand":[],"product_cat":[1173,2457],"product_tag":[],"class_list":{"0":"post-254365","1":"product","2":"type-product","3":"status-publish","4":"has-post-thumbnail","6":"product_cat-chests-of-drawers","7":"product_cat-liveo","9":"first","10":"instock","11":"purchasable","12":"product-type-simple"},"_links":{"self":[{"href":"https:\/\/baldumarket.lt\/lt\/wp-json\/wp\/v2\/product\/254365","targetHints":{"allow":["GET"]}}],"collection":[{"href":"https:\/\/baldumarket.lt\/lt\/wp-json\/wp\/v2\/product"}],"about":[{"href":"https:\/\/baldumarket.lt\/lt\/wp-json\/wp\/v2\/types\/product"}],"replies":[{"embeddable":true,"href":"https:\/\/baldumarket.lt\/lt\/wp-json\/wp\/v2\/comments?post=254365"}],"wp:featuredmedia":[{"embeddable":true,"href":"https:\/\/baldumarket.lt\/lt\/wp-json\/wp\/v2\/media\/254366"}],"wp:attachment":[{"href":"https:\/\/baldumarket.lt\/lt\/wp-json\/wp\/v2\/media?parent=254365"}],"wp:term":[{"taxonomy":"product_brand","embeddable":true,"href":"https:\/\/baldumarket.lt\/lt\/wp-json\/wp\/v2\/product_brand?post=254365"},{"taxonomy":"product_cat","embeddable":true,"href":"https:\/\/baldumarket.lt\/lt\/wp-json\/wp\/v2\/product_cat?post=254365"},{"taxonomy":"product_tag","embeddable":true,"href":"https:\/\/baldumarket.lt\/lt\/wp-json\/wp\/v2\/product_tag?post=254365"}],"curies":[{"name":"wp","href":"https:\/\/api.w.org\/{rel}","templated":true}]}}