{"id":254357,"date":"2026-01-10T22:25:03","date_gmt":"2026-01-10T19:25:03","guid":{"rendered":"https:\/\/baldumarket.lt\/product\/intenso-it04-komoda\/"},"modified":"2026-02-11T18:31:09","modified_gmt":"2026-02-11T15:31:09","slug":"intenso-it04-komoda","status":"publish","type":"product","link":"https:\/\/baldumarket.lt\/lt\/product\/intenso-it04-komoda\/","title":{"rendered":"INTENSO IT04 SKRYNIOS"},"content":{"rendered":"<p>\u201eIntenso IT04\u201c komoda \u2013 puikus pasirinkimas ie\u0161kantiems eleganti\u0161k\u0173 ir prakti\u0161k\u0173 bald\u0173. Pagaminta i\u0161 eleganti\u0161kos \u201eEvoke Oak\u201c medienos, ji derina minimalistin\u012f dizain\u0105 su prakti\u0161kais sprendimais. Tvirtos med\u017eiagos u\u017etikrina patvarum\u0105 ir atsparum\u0105 pa\u017eeidimams, o apgalvotas stal\u010di\u0173 ir lentyn\u0173 i\u0161d\u0117stymas leid\u017eia lengvai laikyti drabu\u017eius, dokumentus ir kitus smulkius daiktus. \u201eIntenso IT04\u201c komoda yra ne tik esteti\u0161kai patraukli, bet ir lengvai surenkama. Rinkit\u0117s \u201eIntenso IT04\u201c, kad suteiktum\u0117te savo interjerui modernumo ir funkcionalumo.<\/p>\n<p>Plotis 126,5 cm Gylis 39 cm Auk\u0161tis 88 cm Produkto svoris su pakuote 47,90 kg Gamintojo kodas \/ simbolis IT04 Kolekcijos pavadinimas INTENSO Pavadinimas b2b sistemoje INTENSO IT04 EVOKE OAK \/ EVOKE OAK KOMODOS KPL Produkto pakuo\u010di\u0173 skai\u010dius 3 Stilius Moderni \u012franga Surinkimo instrukcijos \/ surinkimo priedai Surinkimas Savaranki\u0161kam surinkimui Korpuso spalva Evoke Oak Korpuso med\u017eiaga \/ tipas \/ storis 16 mm bald\u0173 plok\u0161t\u0117 \/ 32 mm bald\u0173 plok\u0161t\u0117 (2 x 16) Korpuso vir\u0161utin\u0117s dalies med\u017eiaga \/ med\u017eiaga \/ tipas \/ storis 22 mm bald\u0173 plok\u0161t\u0117 Korpuso apa\u010dios med\u017eiagos \/ med\u017eiaga \/ tipas \/ storis 16 mm bald\u0173 plok\u0161t\u0117 Lentynos spalva Evoke Oak Lentynos med\u017eiaga \/ tipas \/ storis 16 mm bald\u0173 plok\u0161t\u0117 Lentyn\u0173 kiekis 1 Galin\u0117s sienel\u0117s med\u017eiaga \/ tipas \/ storis 2,5 mm HDF bald\u0173 plok\u0161t\u0117 Matoma galin\u0117s sienel\u0117s dalis Evoke Oak spalva Priekin\u0117 dalis Evoke Oak spalva Priekin\u0117s apdailos med\u017eiaga \/ tipas \/ storis 16 mm bald\u0173 plok\u0161t\u0117 Priekinis vyris \u2300 35 mm, reguliuojamas trijose plok\u0161tumose Priekin\u0117 rankena \/ apdaila \/ spalva Priekin\u0117 dalis be ranken\u0117l\u0117s Pilno i\u0161traukimo stal\u010di\u0173 b\u0117geliai Kojel\u0117 \/ apdaila \/ spalva Be reguliavimo \/ Bald\u0173 b\u0117geliai \/ plastikas \/ juoda Dureli\u0173 skai\u010dius 3 Stal\u010di\u0173 skai\u010dius 3 U\u017edar\u0173 ni\u0161\u0173 skai\u010dius 3<\/p>","protected":false},"excerpt":{"rendered":"<p>\u201eIntenso IT04\u201c komoda \u2013 puikus pasirinkimas ie\u0161kantiems eleganti\u0161k\u0173 ir prakti\u0161k\u0173 bald\u0173. Pagaminta i\u0161 eleganti\u0161kos \u201eEvoke Oak\u201c medienos, ji derina minimalistin\u012f dizain\u0105 su prakti\u0161kais sprendimais. Tvirtos med\u017eiagos u\u017etikrina patvarum\u0105 ir atsparum\u0105 pa\u017eeidimams, o apgalvotas stal\u010di\u0173 ir lentyn\u0173 i\u0161d\u0117stymas leid\u017eia lengvai laikyti drabu\u017eius, dokumentus ir kitus smulkius daiktus.<\/p>","protected":false},"featured_media":254358,"comment_status":"open","ping_status":"open","template":"","meta":[],"product_brand":[],"product_cat":[1173,2457],"product_tag":[],"class_list":{"0":"post-254357","1":"product","2":"type-product","3":"status-publish","4":"has-post-thumbnail","6":"product_cat-chests-of-drawers","7":"product_cat-liveo","9":"first","10":"instock","11":"purchasable","12":"product-type-simple"},"_links":{"self":[{"href":"https:\/\/baldumarket.lt\/lt\/wp-json\/wp\/v2\/product\/254357","targetHints":{"allow":["GET"]}}],"collection":[{"href":"https:\/\/baldumarket.lt\/lt\/wp-json\/wp\/v2\/product"}],"about":[{"href":"https:\/\/baldumarket.lt\/lt\/wp-json\/wp\/v2\/types\/product"}],"replies":[{"embeddable":true,"href":"https:\/\/baldumarket.lt\/lt\/wp-json\/wp\/v2\/comments?post=254357"}],"wp:featuredmedia":[{"embeddable":true,"href":"https:\/\/baldumarket.lt\/lt\/wp-json\/wp\/v2\/media\/254358"}],"wp:attachment":[{"href":"https:\/\/baldumarket.lt\/lt\/wp-json\/wp\/v2\/media?parent=254357"}],"wp:term":[{"taxonomy":"product_brand","embeddable":true,"href":"https:\/\/baldumarket.lt\/lt\/wp-json\/wp\/v2\/product_brand?post=254357"},{"taxonomy":"product_cat","embeddable":true,"href":"https:\/\/baldumarket.lt\/lt\/wp-json\/wp\/v2\/product_cat?post=254357"},{"taxonomy":"product_tag","embeddable":true,"href":"https:\/\/baldumarket.lt\/lt\/wp-json\/wp\/v2\/product_tag?post=254357"}],"curies":[{"name":"wp","href":"https:\/\/api.w.org\/{rel}","templated":true}]}}