{"id":254349,"date":"2026-01-10T22:25:00","date_gmt":"2026-01-10T19:25:00","guid":{"rendered":"https:\/\/baldumarket.lt\/product\/intenso-it03-komoda\/"},"modified":"2026-02-11T18:31:09","modified_gmt":"2026-02-11T15:31:09","slug":"intenso-it03-komoda","status":"publish","type":"product","link":"https:\/\/baldumarket.lt\/lt\/product\/intenso-it03-komoda\/","title":{"rendered":"INTENSO IT03 komoda su stal\u010diais"},"content":{"rendered":"<p>Komoda \u201eIntenso IT03\u201c pasi\u017eymi eleganti\u0161ku, minimalistiniu dizainu, kuris puikiai der\u0117s prie \u012fvairi\u0173 interjero stili\u0173. Jos \u201eEvoke Oak\u201c spalva suteikia \u0161ilumos ir nat\u016bralaus \u017eavesio. Komoda, turinti kelis erdvius stal\u010dius, suteikia daug vietos \u012fvairiems daiktams laikyti \u2013 nuo drabu\u017ei\u0173 iki nam\u0173 aksesuar\u0173. Tai pad\u0117s i\u0161laikyti j\u016bs\u0173 namus tvarkingus ir stilingus. Pagaminta i\u0161 patvari\u0173 med\u017eiag\u0173, komoda \u201eIntenso IT03\u201c u\u017etikrina ilgalaik\u012f naudojim\u0105 ir atsparum\u0105 kasdieniam d\u0117v\u0117jimuisi. Tvirta konstrukcija garantuoja stabilum\u0105 ir patikimum\u0105. D\u0117l neutralios spalvos ir paprast\u0173 linij\u0173 komoda lengvai der\u0117s prie bet kokio interjero stiliaus \u2013 nuo modernaus iki klasikinio. Puikiai tinka svetainei, miegamajam ar prie\u0161kambariui.<\/p>\n<p>Plotis 87 cm Gylis 39 cm Auk\u0161tis 88 cm Produkto svoris su pakuote 34,55 kg Gamintojo kodas \/ simbolis IT03 Kolekcijos pavadinimas INTENSO Pavadinimas b2b sistemoje INTENSO IT03 EVOKE OAK \/ EVOKE OAK KOMOD\u0172 RINKINYS Produkto pakuo\u010di\u0173 skai\u010dius 2 Stilius Modernus \u012eranga Surinkimo instrukcijos \/ surinkimo priedai Korpuso spalva Evoke Oak Korpuso apdailos med\u017eiaga \/ tipas \/ storis 16 mm bald\u0173 plok\u0161t\u0117 \/ 32 mm bald\u0173 plok\u0161t\u0117 (2 x 16) Korpuso vir\u0161aus apdaila \/ med\u017eiaga \/ tipas \/ storis 22 mm bald\u0173 plok\u0161t\u0117 Korpuso apa\u010dios apdaila \/ med\u017eiaga \/ tipas \/ storis 16 mm bald\u0173 plok\u0161t\u0117 Priekin\u0117 spalva Evoke Oak Priekin\u0117s apdailos med\u017eiaga \/ tipas \/ storis 16 mm bald\u0173 plok\u0161t\u0117 Priekin\u0117 rankena \/ apdaila \/ spalva Be ranken\u0117li\u0173 Priekin\u0117 dalis Pilno i\u0161traukimo stal\u010di\u0173 b\u0117geliai Kojel\u0117 \/ apdaila \/ spalva Nereguliuojami \/ Bald\u0173 b\u0117geliai \/ plastikas \/ juoda Stal\u010di\u0173 skai\u010dius: 4<\/p>","protected":false},"excerpt":{"rendered":"<p>Komoda \u201eIntenso IT03\u201c pasi\u017eymi eleganti\u0161ku, minimalistiniu dizainu, kuris puikiai der\u0117s prie \u012fvairi\u0173 interjero stili\u0173. Jos \u201eEvoke Oak\u201c spalva suteikia \u0161ilumos ir nat\u016bralaus \u017eavesio. Komoda, turinti kelis erdvius stal\u010dius, suteikia daug vietos \u012fvairiems daiktams laikyti \u2013 nuo drabu\u017ei\u0173 iki nam\u0173 aksesuar\u0173. Tai leis [\u2026]<\/p>","protected":false},"featured_media":254350,"comment_status":"open","ping_status":"open","template":"","meta":[],"product_brand":[],"product_cat":[1173,2457],"product_tag":[],"class_list":{"0":"post-254349","1":"product","2":"type-product","3":"status-publish","4":"has-post-thumbnail","6":"product_cat-chests-of-drawers","7":"product_cat-liveo","9":"first","10":"instock","11":"purchasable","12":"product-type-simple"},"_links":{"self":[{"href":"https:\/\/baldumarket.lt\/lt\/wp-json\/wp\/v2\/product\/254349","targetHints":{"allow":["GET"]}}],"collection":[{"href":"https:\/\/baldumarket.lt\/lt\/wp-json\/wp\/v2\/product"}],"about":[{"href":"https:\/\/baldumarket.lt\/lt\/wp-json\/wp\/v2\/types\/product"}],"replies":[{"embeddable":true,"href":"https:\/\/baldumarket.lt\/lt\/wp-json\/wp\/v2\/comments?post=254349"}],"wp:featuredmedia":[{"embeddable":true,"href":"https:\/\/baldumarket.lt\/lt\/wp-json\/wp\/v2\/media\/254350"}],"wp:attachment":[{"href":"https:\/\/baldumarket.lt\/lt\/wp-json\/wp\/v2\/media?parent=254349"}],"wp:term":[{"taxonomy":"product_brand","embeddable":true,"href":"https:\/\/baldumarket.lt\/lt\/wp-json\/wp\/v2\/product_brand?post=254349"},{"taxonomy":"product_cat","embeddable":true,"href":"https:\/\/baldumarket.lt\/lt\/wp-json\/wp\/v2\/product_cat?post=254349"},{"taxonomy":"product_tag","embeddable":true,"href":"https:\/\/baldumarket.lt\/lt\/wp-json\/wp\/v2\/product_tag?post=254349"}],"curies":[{"name":"wp","href":"https:\/\/api.w.org\/{rel}","templated":true}]}}