{"id":254341,"date":"2026-01-10T22:24:56","date_gmt":"2026-01-10T19:24:56","guid":{"rendered":"https:\/\/baldumarket.lt\/product\/intenso-it02-komoda\/"},"modified":"2026-02-11T18:31:09","modified_gmt":"2026-02-11T15:31:09","slug":"intenso-it02-komoda","status":"publish","type":"product","link":"https:\/\/baldumarket.lt\/lt\/product\/intenso-it02-komoda\/","title":{"rendered":"INTENSO IT02 komoda su stal\u010diais"},"content":{"rendered":"<p>INTENSO IT02 komoda \u2013 eleganti\u0161kas ir prakti\u0161kas svetain\u0117s ar miegamojo baldas. Pagaminta i\u0161 auk\u0161tos kokyb\u0117s laminuotos \u2019Evoke Oak\u201c medienos dro\u017eli\u0173 plok\u0161t\u0117s, ji derina modern\u0173 dizain\u0105 ir funkcionalum\u0105. Viso i\u0161traukimo rutuliniai guoliai leid\u017eia lengvai pasiekti stal\u010di\u0173 turin\u012f. Komoda funkcionaliai padalinta \u012f stal\u010di\u0173 ir spintel\u0119, tod\u0117l joje yra daug vietos \u012fvairiems daiktams laikyti. Komoda puikiai dera su kitais INTENSO kolekcijos baldais.<\/p>\n<p>Plotis 87 cm Gylis 39 cm Auk\u0161tis 88 cm Produkto svoris su pakuote 31,95 kg Gamintojo kodas \/ simbolis IT02 Kolekcijos pavadinimas INTENSO Pavadinimas b2b sistemoje INTENSO IT02 EVOKE OAK \/ EVOKE OAK KOMOD\u0172 KOMPLEKTAS Produkto pakuo\u010di\u0173 skai\u010dius 2 Stilius Moderni \u012franga Surinkimo instrukcijos \/ surinkimo priedai Surinkimas Savaranki\u0161kam surinkimui Korpuso spalva Evoke Oak Korpuso med\u017eiaga \/ tipas \/ storis 16 mm bald\u0173 plok\u0161t\u0117 \/ 32 mm bald\u0173 plok\u0161t\u0117 (2 x 16) Korpuso vir\u0161utin\u0117s dalies med\u017eiaga \/ med\u017eiaga \/ tipas \/ storis 22 mm bald\u0173 plok\u0161t\u0117 Korpuso apa\u010dios med\u017eiaga \/ med\u017eiaga \/ tipas \/ storis 16 mm bald\u0173 plok\u0161t\u0117 Lentynos spalva Evoke Oak Lentynos med\u017eiaga \/ tipas \/ storis 16 mm bald\u0173 plok\u0161t\u0117 Lentynos apa\u010dios kiekis 1 Galin\u0117s sienel\u0117s med\u017eiaga \/ tipas \/ storis 2,5 mm HDF bald\u0173 plok\u0161t\u0117 Matoma galin\u0117s sienel\u0117s dalis Evoke Oak spalva Priekin\u0117 dalis Evoke Oak spalva Priekin\u0117s apdailos med\u017eiaga \/ tipas \/ storis 16 mm bald\u0173 plok\u0161t\u0117 Priekinis vyris \u2300 35 mm reguliuojamas trijose plok\u0161tumose Priekin\u0117 rankena \/ apdaila \/ spalva Be ranken\u0117l\u0117s Priekin\u0117 dalis Pilnas i\u0161traukimas Stal\u010di\u0173 b\u0117geliai Kojel\u0117 \/ apdaila \/ spalva Be reguliavimo \/ Bald\u0173 b\u0117geliai \/ plastikas \/ juoda Dureli\u0173 skai\u010dius 2 Stal\u010di\u0173 skai\u010dius 1 U\u017edar\u0173 ni\u0161\u0173 skai\u010dius 2<\/p>","protected":false},"excerpt":{"rendered":"<p>INTENSO IT02 komoda \u2013 eleganti\u0161kas ir prakti\u0161kas svetain\u0117s ar miegamojo baldas. Pagaminta i\u0161 auk\u0161tos kokyb\u0117s laminuotos \u2019Evoke Oak\u201c medienos dro\u017eli\u0173 plok\u0161t\u0117s, ji derina modern\u0173 dizain\u0105 ir funkcionalum\u0105. Viso i\u0161traukimo rutuliniai guoliai leid\u017eia lengvai pasiekti stal\u010di\u0173 turin\u012f. Komoda yra funkcionaliai padalinta \u012f stal\u010di\u0173 [\u2026]<\/p>","protected":false},"featured_media":254342,"comment_status":"open","ping_status":"open","template":"","meta":[],"product_brand":[],"product_cat":[1173,2457],"product_tag":[],"class_list":{"0":"post-254341","1":"product","2":"type-product","3":"status-publish","4":"has-post-thumbnail","6":"product_cat-chests-of-drawers","7":"product_cat-liveo","9":"first","10":"instock","11":"purchasable","12":"product-type-simple"},"_links":{"self":[{"href":"https:\/\/baldumarket.lt\/lt\/wp-json\/wp\/v2\/product\/254341","targetHints":{"allow":["GET"]}}],"collection":[{"href":"https:\/\/baldumarket.lt\/lt\/wp-json\/wp\/v2\/product"}],"about":[{"href":"https:\/\/baldumarket.lt\/lt\/wp-json\/wp\/v2\/types\/product"}],"replies":[{"embeddable":true,"href":"https:\/\/baldumarket.lt\/lt\/wp-json\/wp\/v2\/comments?post=254341"}],"wp:featuredmedia":[{"embeddable":true,"href":"https:\/\/baldumarket.lt\/lt\/wp-json\/wp\/v2\/media\/254342"}],"wp:attachment":[{"href":"https:\/\/baldumarket.lt\/lt\/wp-json\/wp\/v2\/media?parent=254341"}],"wp:term":[{"taxonomy":"product_brand","embeddable":true,"href":"https:\/\/baldumarket.lt\/lt\/wp-json\/wp\/v2\/product_brand?post=254341"},{"taxonomy":"product_cat","embeddable":true,"href":"https:\/\/baldumarket.lt\/lt\/wp-json\/wp\/v2\/product_cat?post=254341"},{"taxonomy":"product_tag","embeddable":true,"href":"https:\/\/baldumarket.lt\/lt\/wp-json\/wp\/v2\/product_tag?post=254341"}],"curies":[{"name":"wp","href":"https:\/\/api.w.org\/{rel}","templated":true}]}}