{"id":254333,"date":"2026-01-10T22:24:53","date_gmt":"2026-01-10T19:24:53","guid":{"rendered":"https:\/\/baldumarket.lt\/product\/intenso-it01-rtv\/"},"modified":"2026-02-11T18:31:09","modified_gmt":"2026-02-11T15:31:09","slug":"intenso-it01-rtv","status":"publish","type":"product","link":"https:\/\/baldumarket.lt\/lt\/product\/intenso-it01-rtv\/","title":{"rendered":"INTENSO IT01 RTV"},"content":{"rendered":"<p>\u2019INTENSO IT01 RTV\u201c \u2013 eleganti\u0161ka ir moderni televizoriaus spintel\u0117, puikiai tinkanti svetainei. Ji pagaminta i\u0161 auk\u0161tos kokyb\u0117s laminuotos \u201eEvoke Oak\u201c spalvos plok\u0161t\u0117s, suteikian\u010dios jai nat\u016brali\u0105 ir \u0161ilt\u0105 i\u0161vaizd\u0105. Spintel\u0117s plotis \u2013 134 cm, gylis \u2013 39 cm, o auk\u0161tis \u2013 50 cm. Ji priklauso prakti\u0161kai sistemai, kuri\u0105 sudaro 11 segment\u0173. \u201eIT01\u201c dizainas leid\u017eia laikyti televizoriaus \u012frang\u0105 ir kitus priedus.<\/p>\n<p>Plotis 134 cm Gylis 39 cm Auk\u0161tis 50 cm Produkto svoris su pakuote 28,65 kg Gamintojo kodas \/ simbolis IT01 Kolekcijos pavadinimas INTENSO Pavadinimas b2b sistemoje INTENSO IT01 EVOKE OAK \/ EVOKE OAK RTV KPL Produkto pakuo\u010di\u0173 skai\u010dius 2 Stilius Modernus \u012eranga Surinkimo instrukcijos \/ surinkimo priedai Surinkimas Savaranki\u0161kam surinkimui Korpuso spalva Evoke Oak Korpuso med\u017eiaga \/ tipas \/ storis 16 mm bald\u0173 plok\u0161t\u0117 \/ 32 mm bald\u0173 plok\u0161t\u0117 (2 x 16) Korpuso vir\u0161utin\u0117s dalies med\u017eiaga \/ med\u017eiaga \/ tipas \/ storis 22 mm bald\u0173 plok\u0161t\u0117 Korpuso apa\u010dios med\u017eiaga \/ med\u017eiaga \/ tipas \/ storis 16 mm bald\u0173 plok\u0161t\u0117 Lentynos spalva Evoke Oak Lentynos med\u017eiaga \/ tipas \/ storis 16 mm bald\u0173 plok\u0161t\u0117 Lentyn\u0173 kiekis 1 Galin\u0117s sienel\u0117s med\u017eiaga \/ tipas \/ storis 2,5 mm HDF bald\u0173 plok\u0161t\u0117 Galin\u0117s sienel\u0117s matomos dalies spalva Evoke Oak Priekin\u0117 spalva Evoke Oak Priekin\u0117s apdailos med\u017eiaga \/ tipas \/ storis 16 mm bald\u0173 plok\u0161t\u0117 Priekinis vyris \u2300 35 mm, reguliuojamas trijose plok\u0161tumose Priekin\u0117 rankena \/ apdaila \/ spalva Priekinis priekis be ranken\u0117l\u0117s Skyl\u0117 RTV laidams \u2300 50 mm Kojel\u0117 \/ apdaila \/ spalva Be reguliavimo \/ Bald\u0173 b\u0117geliai \/ plastikas \/ juoda Dureli\u0173 skai\u010dius 2 Atvir\u0173 ni\u0161\u0173 skai\u010dius 2 U\u017edar\u0173 ni\u0161\u0173 skai\u010dius 2<\/p>","protected":false},"excerpt":{"rendered":"<p>\u201eINTENSO IT01 RTV\u201c \u2013 eleganti\u0161ka ir moderni televizoriaus spintel\u0117, puikiai tinkanti svetainei. Ji pagaminta i\u0161 auk\u0161tos kokyb\u0117s laminuotos \u201eEvoke Oak\u201c medienos plok\u0161t\u0117s, kuri suteikia jai nat\u016brali\u0105 ir \u0161ilt\u0105 i\u0161vaizd\u0105. Spintel\u0117s plotis \u2013 134 cm, gylis \u2013 39 cm, o auk\u0161tis \u2013 50 cm. Ji yra prakti\u0161kos sistemos, sudarytos i\u0161 11 segment\u0173, dalis. [\u2026]<\/p>","protected":false},"featured_media":254334,"comment_status":"open","ping_status":"open","template":"","meta":[],"product_brand":[],"product_cat":[2457,1175],"product_tag":[],"class_list":{"0":"post-254333","1":"product","2":"type-product","3":"status-publish","4":"has-post-thumbnail","6":"product_cat-liveo","7":"product_cat-tv-stands","9":"first","10":"instock","11":"purchasable","12":"product-type-simple"},"_links":{"self":[{"href":"https:\/\/baldumarket.lt\/lt\/wp-json\/wp\/v2\/product\/254333","targetHints":{"allow":["GET"]}}],"collection":[{"href":"https:\/\/baldumarket.lt\/lt\/wp-json\/wp\/v2\/product"}],"about":[{"href":"https:\/\/baldumarket.lt\/lt\/wp-json\/wp\/v2\/types\/product"}],"replies":[{"embeddable":true,"href":"https:\/\/baldumarket.lt\/lt\/wp-json\/wp\/v2\/comments?post=254333"}],"wp:featuredmedia":[{"embeddable":true,"href":"https:\/\/baldumarket.lt\/lt\/wp-json\/wp\/v2\/media\/254334"}],"wp:attachment":[{"href":"https:\/\/baldumarket.lt\/lt\/wp-json\/wp\/v2\/media?parent=254333"}],"wp:term":[{"taxonomy":"product_brand","embeddable":true,"href":"https:\/\/baldumarket.lt\/lt\/wp-json\/wp\/v2\/product_brand?post=254333"},{"taxonomy":"product_cat","embeddable":true,"href":"https:\/\/baldumarket.lt\/lt\/wp-json\/wp\/v2\/product_cat?post=254333"},{"taxonomy":"product_tag","embeddable":true,"href":"https:\/\/baldumarket.lt\/lt\/wp-json\/wp\/v2\/product_tag?post=254333"}],"curies":[{"name":"wp","href":"https:\/\/api.w.org\/{rel}","templated":true}]}}