{"id":254330,"date":"2026-01-10T22:24:50","date_gmt":"2026-01-10T19:24:50","guid":{"rendered":"https:\/\/baldumarket.lt\/product\/hamulec-do-szuflady\/"},"modified":"2026-02-11T18:31:09","modified_gmt":"2026-02-11T15:31:09","slug":"hamulec-do-szuflady","status":"publish","type":"product","link":"https:\/\/baldumarket.lt\/lt\/product\/hamulec-do-szuflady\/","title":{"rendered":"STAL\u010cIAUS STABDIS"},"content":{"rendered":"<p>Stal\u010diaus stabdys yra universalus l\u0117tinimo \u012ftaisas, sumontuotas abiejose stal\u010diaus pus\u0117se, pagerinantis jo veikim\u0105.<\/p>\n<p>\u012eranga Surinkimo instrukcijos \/ tvirtinimo priedai Surinkimas Savaranki\u0161kam surinkimui<\/p>","protected":false},"excerpt":{"rendered":"<p>Stal\u010diaus stabdys yra universalus l\u0117tinimo \u012ftaisas, montuojamas abiejose stal\u010diaus pus\u0117se, pagerinantis jo veikim\u0105. \u012eranga Surinkimo instrukcijos \/ tvirtinimo priedai Surinkimas Savaranki\u0161kam surinkimui<\/p>","protected":false},"featured_media":254331,"comment_status":"open","ping_status":"open","template":"","meta":[],"product_brand":[],"product_cat":[1043,2457],"product_tag":[],"class_list":{"0":"post-254330","1":"product","2":"type-product","3":"status-publish","4":"has-post-thumbnail","6":"product_cat-extras","7":"product_cat-liveo","9":"first","10":"instock","11":"purchasable","12":"product-type-simple"},"_links":{"self":[{"href":"https:\/\/baldumarket.lt\/lt\/wp-json\/wp\/v2\/product\/254330","targetHints":{"allow":["GET"]}}],"collection":[{"href":"https:\/\/baldumarket.lt\/lt\/wp-json\/wp\/v2\/product"}],"about":[{"href":"https:\/\/baldumarket.lt\/lt\/wp-json\/wp\/v2\/types\/product"}],"replies":[{"embeddable":true,"href":"https:\/\/baldumarket.lt\/lt\/wp-json\/wp\/v2\/comments?post=254330"}],"wp:featuredmedia":[{"embeddable":true,"href":"https:\/\/baldumarket.lt\/lt\/wp-json\/wp\/v2\/media\/254331"}],"wp:attachment":[{"href":"https:\/\/baldumarket.lt\/lt\/wp-json\/wp\/v2\/media?parent=254330"}],"wp:term":[{"taxonomy":"product_brand","embeddable":true,"href":"https:\/\/baldumarket.lt\/lt\/wp-json\/wp\/v2\/product_brand?post=254330"},{"taxonomy":"product_cat","embeddable":true,"href":"https:\/\/baldumarket.lt\/lt\/wp-json\/wp\/v2\/product_cat?post=254330"},{"taxonomy":"product_tag","embeddable":true,"href":"https:\/\/baldumarket.lt\/lt\/wp-json\/wp\/v2\/product_tag?post=254330"}],"curies":[{"name":"wp","href":"https:\/\/api.w.org\/{rel}","templated":true}]}}