{"id":254328,"date":"2026-01-10T22:24:48","date_gmt":"2026-01-10T19:24:48","guid":{"rendered":"https:\/\/baldumarket.lt\/product\/gray-gr12-biurko\/"},"modified":"2026-02-11T18:31:09","modified_gmt":"2026-02-11T15:31:09","slug":"gray-gr12-biurko","status":"publish","type":"product","link":"https:\/\/baldumarket.lt\/lt\/product\/gray-gr12-biurko\/","title":{"rendered":"PILKAS GR12 STALAS"},"content":{"rendered":"<p>GRAY GR12 ra\u0161omasis stalas idealiai tinka nam\u0173 biurui ar jaunimo kambariui \u012frengti. Jis turi erdv\u0173 stalvir\u0161\u012f, tinkam\u0105 mokymuisi ar darbui, spintel\u0119 ir stal\u010di\u0173 patogiems aksesuarams. Moderni spalv\u0173 gama, derinanti matin\u0119 balt\u0105 ir grafit\u0105, leid\u017eia sukurti tobul\u0105 interjer\u0105, pritaikyt\u0105 prie naudotoj\u0173 skonio ir poreiki\u0173. Papildomas privalumas \u2013 patogios metalin\u0117s rankenos. U\u017e papildom\u0105 mokest\u012f galima \u012fsigyti \u0161velnaus u\u017edarymo sistem\u0105 durel\u0117ms ir stal\u010diams. Stalas idealiai tinka derinti su kitais GRAY serijos baldais arba kaip atskiras baldas, prisitaikantis prie j\u016bs\u0173 kambario interjero dizaino.<\/p>\n<p>Plotis 128 cm Gylis 67 cm Auk\u0161tis 77,5 cm Produkto svoris su pakuote 48,55 kg Gamintojo kodas \/ simbolis GR12 Kolekcijos pavadinimas GRAY Pavadinimas b2b sistemoje GRAY GR-12 balta matin\u0117 grafito STALO komplektas Produkto pakuo\u010di\u0173 skai\u010dius 2 Stilius Moderni \u012eranga Surinkimo instrukcijos \/ surinkimo priedai Surinkimas Savaranki\u0161kam surinkimui Korpuso spalva Grafitas \/ Balta Korpuso apdailos med\u017eiaga \/ tipas \/ storis 16 mm baldin\u0117 plok\u0161t\u0117 Vir\u0161utin\u0117 korpuso apdaila \/ med\u017eiaga \/ tipas \/ storis 22 mm baldin\u0117 plok\u0161t\u0117 Apatin\u0117 korpuso apdaila \/ med\u017eiaga \/ tipas \/ storis 16 mm baldin\u0117 plok\u0161t\u0117 Lentynos spalva Balta Lentynos apdailos med\u017eiaga \/ tipas \/ storis 16 mm baldin\u0117 plok\u0161t\u0117 Lentyn\u0173 kiekis 1 Galin\u0117s sienel\u0117s apdailos med\u017eiaga \/ tipas \/ storis 2,5 mm HDF baldin\u0117 plok\u0161t\u0117 Galin\u0117s sienel\u0117s \u2013 matomos dalies spalva Balta Priekin\u0117s spalvos Matin\u0117 balta Priekin\u0117s apdailos med\u017eiaga \/ tipas \/ storis 18 mm MDF baldin\u0117 plok\u0161t\u0117 Priekinis vyris \u2300 35 mm, reguliuojamas trijose plok\u0161tumose Priekin\u0117 rankena \/ apdaila \/ spalva Metalin\u0117 \/ Chromuota Kojel\u0117 \/ apdaila \/ spalva Nereguliuojama \/ plastikin\u0117 \/ sidabrin\u0117 Dureli\u0173 skai\u010dius 1 Stal\u010di\u0173 skai\u010dius 1 U\u017edaryt\u0173 stal\u010di\u0173 skai\u010dius ni\u0161os 2<\/p>","protected":false},"excerpt":{"rendered":"<p>PILKAS GR12 ra\u0161omasis stalas idealiai tinka nam\u0173 biurui ar jaunimo kambariui \u012frengti. Jis turi erdv\u0173 stalvir\u0161\u012f, tinkam\u0105 mokymuisi ar darbui, spintel\u0119 ir stal\u010di\u0173 patogiems aksesuarams. Moderni spalv\u0173 gama, derinanti matin\u0119 balt\u0105 ir grafitin\u0119, leid\u017eia sukurti tobul\u0105 interjer\u0105, pritaikyt\u0105 skoniui ir poreikiams [\u2026]<\/p>","protected":false},"featured_media":254319,"comment_status":"open","ping_status":"open","template":"","meta":[],"product_brand":[],"product_cat":[1312,2457],"product_tag":[],"class_list":{"0":"post-254328","1":"product","2":"type-product","3":"status-publish","4":"has-post-thumbnail","6":"product_cat-desks","7":"product_cat-liveo","9":"first","10":"instock","11":"purchasable","12":"product-type-simple"},"_links":{"self":[{"href":"https:\/\/baldumarket.lt\/lt\/wp-json\/wp\/v2\/product\/254328","targetHints":{"allow":["GET"]}}],"collection":[{"href":"https:\/\/baldumarket.lt\/lt\/wp-json\/wp\/v2\/product"}],"about":[{"href":"https:\/\/baldumarket.lt\/lt\/wp-json\/wp\/v2\/types\/product"}],"replies":[{"embeddable":true,"href":"https:\/\/baldumarket.lt\/lt\/wp-json\/wp\/v2\/comments?post=254328"}],"wp:featuredmedia":[{"embeddable":true,"href":"https:\/\/baldumarket.lt\/lt\/wp-json\/wp\/v2\/media\/254319"}],"wp:attachment":[{"href":"https:\/\/baldumarket.lt\/lt\/wp-json\/wp\/v2\/media?parent=254328"}],"wp:term":[{"taxonomy":"product_brand","embeddable":true,"href":"https:\/\/baldumarket.lt\/lt\/wp-json\/wp\/v2\/product_brand?post=254328"},{"taxonomy":"product_cat","embeddable":true,"href":"https:\/\/baldumarket.lt\/lt\/wp-json\/wp\/v2\/product_cat?post=254328"},{"taxonomy":"product_tag","embeddable":true,"href":"https:\/\/baldumarket.lt\/lt\/wp-json\/wp\/v2\/product_tag?post=254328"}],"curies":[{"name":"wp","href":"https:\/\/api.w.org\/{rel}","templated":true}]}}