{"id":254324,"date":"2026-01-10T22:24:45","date_gmt":"2026-01-10T19:24:45","guid":{"rendered":"https:\/\/baldumarket.lt\/product\/gray-gr11-stol-rozkladany\/"},"modified":"2026-02-11T18:31:09","modified_gmt":"2026-02-11T15:31:09","slug":"gray-gr11-stol-rozkladany","status":"publish","type":"product","link":"https:\/\/baldumarket.lt\/lt\/product\/gray-gr11-stol-rozkladany\/","title":{"rendered":"PILKAS GR11 I\u0160PL\u0116STAMASIS STALAS"},"content":{"rendered":"<p>GRAY GR11 stalas puikiai tinka bet kuriai svetainei ar valgomajam. Funkcionalus ir prakti\u0161kas, jis puikiai tinka tiek kasdieniam naudojimui, tiek didesniems \u0161eimos susib\u016brimams. Tur\u0117damas 50 cm prailginim\u0105, j\u012f galima greitai ir lengvai prailginti iki 185 cm ilgio. Moderni spalv\u0173 gama, derinanti matin\u0119 balt\u0105 ir grafit\u0105, leid\u017eia sukurti tobul\u0105 interjer\u0105, pritaikyt\u0105 prie naudotoj\u0173 skonio ir poreiki\u0173. Stalas idealiai tinka derinti su kitais GRAY serijos baldais arba kaip atskiras baldas, prisitaikantis prie j\u016bs\u0173 interjero dizaino.<\/p>\n<p>I\u0161traukiama TAIP \u012ed\u0117kl\u0173 skai\u010dius 1 Plotis 86 cm Ilgis 135 cm Ilgis po i\u0161skleidimo 185 cm Auk\u0161tis 77 cm Produkto svoris su pakuote 38,90 kg Gamintojo kodas \/ simbolis GR11 Kolekcijos pavadinimas GRAY Pavadinimas b2b sistemoje GRAY GR-11 balta matin\u0117 grafito STAL\u0172 komplektas Produkto pakuo\u010di\u0173 skai\u010dius 3 Stilius UNIVERSAL \u012eranga Surinkimo instrukcijos \/ surinkimo priedai Surinkimas Savaranki\u0161kam surinkimui Spalva Balta \/ Grafitas Stalvir\u0161io med\u017eiaga \/ tipas \/ storis 22 mm baldin\u0117 lenta R\u0117mo med\u017eiaga \/ tipas \/ storis 16 mm baldin\u0117 lenta Kojeli\u0173 med\u017eiaga \/ tipas \/ storis 22 mm MDF baldin\u0117 lenta Kojel\u0117 \/ med\u017eiaga \/ spalva Nereguliuojama \/ Bald\u0173 b\u0117geliai \/ plastikas \/ Juoda<\/p>","protected":false},"excerpt":{"rendered":"<p>PILKAS GR11 stalas puikiai tiks bet kuriai svetainei ar valgomajam. Funkcionalus ir prakti\u0161kas, jis puikiai tinka tiek kasdieniam naudojimui, tiek didesniems \u0161eimos susib\u016brimams. Tur\u0117damas 50 cm prailginim\u0105, j\u012f galima greitai ir lengvai prailginti iki 185 cm ilgio. Moderni spalv\u0173 gama, kurioje derinama matin\u0117 balta ir grafito spalvos, [\u2026]<\/p>","protected":false},"featured_media":254309,"comment_status":"open","ping_status":"open","template":"","meta":[],"product_brand":[],"product_cat":[2457,1934],"product_tag":[],"class_list":{"0":"post-254324","1":"product","2":"type-product","3":"status-publish","4":"has-post-thumbnail","6":"product_cat-liveo","7":"product_cat-tables","9":"first","10":"instock","11":"purchasable","12":"product-type-simple"},"_links":{"self":[{"href":"https:\/\/baldumarket.lt\/lt\/wp-json\/wp\/v2\/product\/254324","targetHints":{"allow":["GET"]}}],"collection":[{"href":"https:\/\/baldumarket.lt\/lt\/wp-json\/wp\/v2\/product"}],"about":[{"href":"https:\/\/baldumarket.lt\/lt\/wp-json\/wp\/v2\/types\/product"}],"replies":[{"embeddable":true,"href":"https:\/\/baldumarket.lt\/lt\/wp-json\/wp\/v2\/comments?post=254324"}],"wp:featuredmedia":[{"embeddable":true,"href":"https:\/\/baldumarket.lt\/lt\/wp-json\/wp\/v2\/media\/254309"}],"wp:attachment":[{"href":"https:\/\/baldumarket.lt\/lt\/wp-json\/wp\/v2\/media?parent=254324"}],"wp:term":[{"taxonomy":"product_brand","embeddable":true,"href":"https:\/\/baldumarket.lt\/lt\/wp-json\/wp\/v2\/product_brand?post=254324"},{"taxonomy":"product_cat","embeddable":true,"href":"https:\/\/baldumarket.lt\/lt\/wp-json\/wp\/v2\/product_cat?post=254324"},{"taxonomy":"product_tag","embeddable":true,"href":"https:\/\/baldumarket.lt\/lt\/wp-json\/wp\/v2\/product_tag?post=254324"}],"curies":[{"name":"wp","href":"https:\/\/api.w.org\/{rel}","templated":true}]}}