{"id":254322,"date":"2026-01-10T22:24:42","date_gmt":"2026-01-10T19:24:42","guid":{"rendered":"https:\/\/baldumarket.lt\/product\/gray-gr10-lawa\/"},"modified":"2026-02-11T18:31:09","modified_gmt":"2026-02-11T15:31:09","slug":"gray-gr10-lawa","status":"publish","type":"product","link":"https:\/\/baldumarket.lt\/lt\/product\/gray-gr10-lawa\/","title":{"rendered":"PILKAS GR10 SUOLAS"},"content":{"rendered":"<p>GRAY GR10 kavos staliukas puikiai tinka net ir ma\u017eam svetain\u0117s kambariui ar darbo kambariui. Jis sukuria atpalaiduojan\u010di\u0105 atmosfer\u0105. Kavos staliukas turi lentyn\u0105, kuri padidina naudojam\u0105 erdv\u0119 ir leid\u017eia pasid\u0117ti nuotolinio valdymo pultelius, laikra\u0161\u010dius ir kitus nieku\u010dius. Moderni spalv\u0173 gama, derinanti matin\u0119 balt\u0105 ir grafit\u0105, leid\u017eia sukurti tobul\u0105 interjer\u0105, pritaikyt\u0105 jo naudotoj\u0173 skoniui ir poreikiams. Kavos staliukas idealiai dera su kitais GRAY serijos baldais arba kaip atskiras baldas, prisitaikantis prie j\u016bs\u0173 kambario dizaino.<\/p>\n<p>I\u0161traukiama NE Plotis 64 cm Ilgis 101,5 cm Auk\u0161tis 45 cm Produkto svoris su pakuote 22,65 kg Gamintojo kodas \/ simbolis GR10 Kolekcijos pavadinimas GRAY Pavadinimas b2b sistemoje GRAY GR-10 balta matin\u0117 grafito KAVOS STALIUKO komplektas Produkto pakuo\u010di\u0173 skai\u010dius 2 Stilius UNIVERSAL \u012eranga Surinkimo instrukcijos \/ surinkimo priedai Surinkimas Savaranki\u0161kam surinkimui Spalva Balta \/ Grafitas Stalvir\u0161io med\u017eiaga \/ tipas \/ storis 22 mm baldin\u0117 plok\u0161t\u0117 R\u0117mo med\u017eiaga \/ tipas \/ storis 16 mm baldin\u0117 plok\u0161t\u0117 Lentynos spalva Balta Lentynos med\u017eiaga \/ tipas \/ storis 16 mm baldin\u0117 plok\u0161t\u0117 Kar\u016bn\u0117l\u0117s lentynos kiekis 1 Kojeli\u0173 med\u017eiaga \/ tipas \/ storis 22 mm MDF baldin\u0117 plok\u0161t\u0117 Kojel\u0117 \/ med\u017eiaga \/ spalva Nereguliuojama \/ Bald\u0173 slydiklis \/ plastikas \/ Juoda<\/p>","protected":false},"excerpt":{"rendered":"<p>PILKAS GR10 kavos staliukas puikiai tinka net ir ma\u017eam svetain\u0117s kambariui ar darbo kambariui. Jis sukuria atpalaiduojan\u010di\u0105 atmosfer\u0105. Kavos staliukas turi lentyn\u0105, kuri padidina naudojam\u0105 erdv\u0119, tod\u0117l galite pasid\u0117ti nuotolinio valdymo pultelius, laikra\u0161\u010dius ir kitus nieku\u010dius. Moderni spalv\u0173 gama, derinanti matin\u0119 balt\u0105 ir grafit\u0105, leid\u017eia sukurti tobul\u0105 [\u2026]<\/p>","protected":false},"featured_media":254298,"comment_status":"open","ping_status":"open","template":"","meta":[],"product_brand":[],"product_cat":[866,2457],"product_tag":[],"class_list":{"0":"post-254322","1":"product","2":"type-product","3":"status-publish","4":"has-post-thumbnail","6":"product_cat-coffee-tables","7":"product_cat-liveo","9":"first","10":"instock","11":"purchasable","12":"product-type-simple"},"_links":{"self":[{"href":"https:\/\/baldumarket.lt\/lt\/wp-json\/wp\/v2\/product\/254322","targetHints":{"allow":["GET"]}}],"collection":[{"href":"https:\/\/baldumarket.lt\/lt\/wp-json\/wp\/v2\/product"}],"about":[{"href":"https:\/\/baldumarket.lt\/lt\/wp-json\/wp\/v2\/types\/product"}],"replies":[{"embeddable":true,"href":"https:\/\/baldumarket.lt\/lt\/wp-json\/wp\/v2\/comments?post=254322"}],"wp:featuredmedia":[{"embeddable":true,"href":"https:\/\/baldumarket.lt\/lt\/wp-json\/wp\/v2\/media\/254298"}],"wp:attachment":[{"href":"https:\/\/baldumarket.lt\/lt\/wp-json\/wp\/v2\/media?parent=254322"}],"wp:term":[{"taxonomy":"product_brand","embeddable":true,"href":"https:\/\/baldumarket.lt\/lt\/wp-json\/wp\/v2\/product_brand?post=254322"},{"taxonomy":"product_cat","embeddable":true,"href":"https:\/\/baldumarket.lt\/lt\/wp-json\/wp\/v2\/product_cat?post=254322"},{"taxonomy":"product_tag","embeddable":true,"href":"https:\/\/baldumarket.lt\/lt\/wp-json\/wp\/v2\/product_tag?post=254322"}],"curies":[{"name":"wp","href":"https:\/\/api.w.org\/{rel}","templated":true}]}}