{"id":254320,"date":"2026-01-10T22:24:40","date_gmt":"2026-01-10T19:24:40","guid":{"rendered":"https:\/\/baldumarket.lt\/product\/gray-gr09-szafa\/"},"modified":"2026-02-11T18:31:09","modified_gmt":"2026-02-11T15:31:09","slug":"gray-gr09-szafa","status":"publish","type":"product","link":"https:\/\/baldumarket.lt\/lt\/product\/gray-gr09-szafa\/","title":{"rendered":"PILKA GR09 DRABU\u017dIN\u0116"},"content":{"rendered":"<p>GRAY GR09 spinta puikiai tinka kambariams, svetain\u0117ms ir net miegamiesiems. Joje rasite visk\u0105, ko jums reikia \u2013 vir\u0161utin\u0117je dalyje telpa pir\u0161tin\u0117s, \u0161alikai ir galb\u016bt net sk\u0117tis, o ant striuk\u0117s puikiai tinka pakabinti striukes ir kitus drabu\u017eius. Viduje lengvai sutalpinsite visk\u0105. Moderni spalv\u0173 gama, derinanti matin\u0119 balt\u0105 ir grafit\u0105, leid\u017eia sukurti tobul\u0105 interjer\u0105, pritaikyt\u0105 prie jos naudotoj\u0173 skonio ir poreiki\u0173. Subtilios sidabrin\u0117s kojel\u0117s padeda i\u0161laikyti erdv\u0119 \u0161vari\u0105, o patogios metalin\u0117s rankenos yra papildomas privalumas. U\u017e papildom\u0105 mokest\u012f galite \u012frengti \u0161velnaus u\u017edarymo sistem\u0105 durel\u0117ms ir stal\u010diams. Spinta idealiai tinka derinti su kitais GRAY serijos baldais arba kaip atskiras baldas, leid\u017eiantis j\u0105 pritaikyti prie savo kambario dizaino.<\/p>\n<p>Plotis 96 cm Gylis 56 cm Auk\u0161tis 196 cm Produkto svoris su pakuote 71,70 kg Gamintojo kodas \/ simbolis GR09 Kolekcijos pavadinimas GRAY Pavadinimas b2b sistemoje GRAY GR-9 balta matin\u0117 grafito SPINTEL\u0116 2D komplektas Produkt\u0173 pakuo\u010di\u0173 skai\u010dius 3 Stilius Moderni \u012franga Surinkimo instrukcijos \/ surinkimo priedai Surinkimas Savaranki\u0161kam surinkimui Korpuso spalva Balta \/ Grafitas Korpuso med\u017eiaga \/ tipas \/ storis 16 mm baldin\u0117 plok\u0161t\u0117 \/ Juostel\u0117 18 mm MDF baldin\u0117 plok\u0161t\u0117 Vir\u0161utinio korpuso med\u017eiaga \/ tipas \/ storis 16 mm baldin\u0117 plok\u0161t\u0117 Apatinio korpuso med\u017eiaga \/ tipas \/ storis 16 mm baldin\u0117 plok\u0161t\u0117 Lentynos spalva Balta Lentynos med\u017eiaga \/ tipas \/ storis 16 mm baldin\u0117 plok\u0161t\u0117 Kar\u016bn\u0117l\u0117s tipo lentyn\u0173 kiekis 1 Galin\u0117s sienel\u0117s med\u017eiaga \/ tipas \/ storis 2,5 mm HDF baldin\u0117 plok\u0161t\u0117 Galin\u0117s sienel\u0117s \u2013 matomos dalies spalva Balta Priekin\u0117s spalvos Matin\u0117 balta Priekin\u0117s med\u017eiagos \/ tipas \/ storis 18 mm MDF baldin\u0117 plok\u0161t\u0117 Priekinis vyris \u2300 35 mm reguliuojamas trijose plok\u0161tumose Priekin\u0117 rankena \/ med\u017eiaga \/ spalva Metalin\u0117 \/ Chromuota Kojel\u0117 \/ med\u017eiaga \/ spalva Nereguliuojama \/ plastikin\u0117 \/ sidabrin\u0117 Dur\u0173 skai\u010dius 2 U\u017edar\u0173 ni\u0161\u0173 skai\u010dius 2 \u012erangos kietosios dalys Standartinis 1 strypas pakaboms<\/p>","protected":false},"excerpt":{"rendered":"<p>PILKA GR09 spinta puikiai tinka kambariams, svetain\u0117ms ir net miegamiesiems. Joje rasite visk\u0105, ko jums reikia \u2013 vir\u0161utin\u0117je dalyje telpa pir\u0161tin\u0117s, \u0161alikai ir galb\u016bt net sk\u0117tis, o ant strypo puikiai tinka pakabinti striukes ir kitus drabu\u017eius. Viduje lengvai sutalpinsite visk\u0105. Moderni spalv\u0173 gama, derinanti matin\u0119 balt\u0105 [\u2026]<\/p>","protected":false},"featured_media":254296,"comment_status":"open","ping_status":"open","template":"","meta":[],"product_brand":[],"product_cat":[2457,1177],"product_tag":[],"class_list":{"0":"post-254320","1":"product","2":"type-product","3":"status-publish","4":"has-post-thumbnail","6":"product_cat-liveo","7":"product_cat-wardrobes","9":"first","10":"instock","11":"purchasable","12":"product-type-simple"},"_links":{"self":[{"href":"https:\/\/baldumarket.lt\/lt\/wp-json\/wp\/v2\/product\/254320","targetHints":{"allow":["GET"]}}],"collection":[{"href":"https:\/\/baldumarket.lt\/lt\/wp-json\/wp\/v2\/product"}],"about":[{"href":"https:\/\/baldumarket.lt\/lt\/wp-json\/wp\/v2\/types\/product"}],"replies":[{"embeddable":true,"href":"https:\/\/baldumarket.lt\/lt\/wp-json\/wp\/v2\/comments?post=254320"}],"wp:featuredmedia":[{"embeddable":true,"href":"https:\/\/baldumarket.lt\/lt\/wp-json\/wp\/v2\/media\/254296"}],"wp:attachment":[{"href":"https:\/\/baldumarket.lt\/lt\/wp-json\/wp\/v2\/media?parent=254320"}],"wp:term":[{"taxonomy":"product_brand","embeddable":true,"href":"https:\/\/baldumarket.lt\/lt\/wp-json\/wp\/v2\/product_brand?post=254320"},{"taxonomy":"product_cat","embeddable":true,"href":"https:\/\/baldumarket.lt\/lt\/wp-json\/wp\/v2\/product_cat?post=254320"},{"taxonomy":"product_tag","embeddable":true,"href":"https:\/\/baldumarket.lt\/lt\/wp-json\/wp\/v2\/product_tag?post=254320"}],"curies":[{"name":"wp","href":"https:\/\/api.w.org\/{rel}","templated":true}]}}