{"id":254317,"date":"2026-01-10T22:24:37","date_gmt":"2026-01-10T19:24:37","guid":{"rendered":"https:\/\/baldumarket.lt\/product\/gray-gr08-polka-wiszaca\/"},"modified":"2026-02-11T18:31:09","modified_gmt":"2026-02-11T15:31:09","slug":"gray-gr08-polka-wiszaca","status":"publish","type":"product","link":"https:\/\/baldumarket.lt\/lt\/product\/gray-gr08-polka-wiszaca\/","title":{"rendered":"PILKA GR08 PAKABINAME LENTYNA"},"content":{"rendered":"<p>GRAY GR08 lentyna puikiai papildys bet kok\u012f interjero dizain\u0105. Joje patogiai tilps \u012fvair\u016bs nieku\u010diai ir dekoracijos. Moderni spalv\u0173 gama, derinanti matin\u0119 balt\u0105 ir grafit\u0105, leis sukurti tobul\u0105 interjer\u0105, pritaikyt\u0105 jos naudotoj\u0173 skoniui ir poreikiams. Lentyna puikiai der\u0117s su kitais GRAY serijos baldais arba bus naudojama kaip atskiras baldas, prisitaikant prie j\u016bs\u0173 kambario dizaino.<\/p>\n<p>Plotis 155 cm Gylis 21 cm Auk\u0161tis 19,5 cm Produkto svoris su pakuote 8,00 kg Gamintojo kodas \/ simbolis GR08 Kolekcijos pavadinimas GRAY Pavadinimas b2b sistemoje GRAY GR-8 balta matin\u0117 grafito PAKABINAM\u0172 LENTYN\u0172 komplektas Produkto pakuo\u010di\u0173 skai\u010dius 1 Stilius Modernus \u012eranga Surinkimo instrukcijos \/ surinkimo priedai Surinkimas Savaranki\u0161kam surinkimui Spalva Balta \/ Grafitas Korpuso med\u017eiaga \/ tipas \/ storis 16 mm bald\u0173 plok\u0161t\u0117 Korpuso vir\u0161utin\u0117s dalies med\u017eiaga \/ tipas \/ storis 22 mm bald\u0173 plok\u0161t\u0117 Korpuso \u012franga Reguliuojami bald\u0173 pakabos<\/p>","protected":false},"excerpt":{"rendered":"<p>PILKA GR08 lentyna puikiai papildys bet kok\u012f interjero dizain\u0105. Joje patogiai galima laikyti \u012fvairius nieku\u010dius ir dekoracijas. Moderni spalv\u0173 gama, derinanti matin\u0119 balt\u0105 ir grafit\u0105, leis sukurti tobul\u0105 interjer\u0105, pritaikyt\u0105 jos naudotoj\u0173 skoniui ir poreikiams. Lentyna puikiai der\u0117s su kitais [\u2026]<\/p>","protected":false},"featured_media":254313,"comment_status":"open","ping_status":"open","template":"","meta":[],"product_brand":[],"product_cat":[1174,2457],"product_tag":[],"class_list":{"0":"post-254317","1":"product","2":"type-product","3":"status-publish","4":"has-post-thumbnail","6":"product_cat-hanging-shelves","7":"product_cat-liveo","9":"first","10":"instock","11":"purchasable","12":"product-type-simple"},"_links":{"self":[{"href":"https:\/\/baldumarket.lt\/lt\/wp-json\/wp\/v2\/product\/254317","targetHints":{"allow":["GET"]}}],"collection":[{"href":"https:\/\/baldumarket.lt\/lt\/wp-json\/wp\/v2\/product"}],"about":[{"href":"https:\/\/baldumarket.lt\/lt\/wp-json\/wp\/v2\/types\/product"}],"replies":[{"embeddable":true,"href":"https:\/\/baldumarket.lt\/lt\/wp-json\/wp\/v2\/comments?post=254317"}],"wp:featuredmedia":[{"embeddable":true,"href":"https:\/\/baldumarket.lt\/lt\/wp-json\/wp\/v2\/media\/254313"}],"wp:attachment":[{"href":"https:\/\/baldumarket.lt\/lt\/wp-json\/wp\/v2\/media?parent=254317"}],"wp:term":[{"taxonomy":"product_brand","embeddable":true,"href":"https:\/\/baldumarket.lt\/lt\/wp-json\/wp\/v2\/product_brand?post=254317"},{"taxonomy":"product_cat","embeddable":true,"href":"https:\/\/baldumarket.lt\/lt\/wp-json\/wp\/v2\/product_cat?post=254317"},{"taxonomy":"product_tag","embeddable":true,"href":"https:\/\/baldumarket.lt\/lt\/wp-json\/wp\/v2\/product_tag?post=254317"}],"curies":[{"name":"wp","href":"https:\/\/api.w.org\/{rel}","templated":true}]}}