{"id":254314,"date":"2026-01-10T22:24:34","date_gmt":"2026-01-10T19:24:34","guid":{"rendered":"https:\/\/baldumarket.lt\/product\/gray-gr07-witryna-l-p\/"},"modified":"2026-02-11T18:31:09","modified_gmt":"2026-02-11T15:31:09","slug":"gray-gr07-witryna-l-p","status":"publish","type":"product","link":"https:\/\/baldumarket.lt\/lt\/product\/gray-gr07-witryna-l-p\/","title":{"rendered":"PILKAS GR07 EKRANAS K\/D"},"content":{"rendered":"<p>GRAY GR07 L\/R vitrina \u2013 tai moderni vitrina, kuri puikiai tiks svetain\u0117je, miegamajame ar jaunimo kambaryje. Spintel\u0117s viduje yra penkios ni\u0161os eleganti\u0161kiems stikliniams indams, aksesuarams ir dekoracijoms laikyti ir eksponuoti. LED ap\u0161vietimas (u\u017e papildom\u0105 mokest\u012f) ap\u0161vie\u010dia kambar\u012f ir sukuria stulbinant\u012f efekt\u0105, eksponuodamas daiktus ant gr\u016bdinto stiklo lentyn\u0173. Spintel\u0119 galima sukonfig\u016bruoti su durel\u0117mis, kurios atsidaro \u012f kair\u0119 arba \u012f de\u0161in\u0119. Moderni spalv\u0173 gama, derinant matin\u0119 balt\u0105 ir grafit\u0105, leid\u017eia sukurti tobul\u0105 interjer\u0105, pritaikyt\u0105 prie naudotoj\u0173 skonio ir poreiki\u0173. Subtilios sidabrin\u0117s kojel\u0117s padeda i\u0161laikyti spintel\u0119 \u0161vari\u0105, o patogios metalin\u0117s rankenos yra papildomas privalumas. U\u017e papildom\u0105 mokest\u012f galima \u012fsigyti \u0161velnaus dur\u0173 ir stal\u010di\u0173 u\u017edarymo sistem\u0105. Vitrina idealiai tinka derinti su kitais GRAY serijos baldais arba kaip atskiras baldas, leid\u017eiantis pritaikyti j\u0105 prie savo kambario interjero.<\/p>\n<p>Plotis 60 cm Gylis 40,5 cm Auk\u0161tis 196 cm Produkto svoris su pakuote 50,75 kg Gamintojo kodas \/ simbolis GR07 Kolekcijos pavadinimas GRAY Pavadinimas b2b sistemoje GRAY GR-7 balta matin\u0117 grafito VITRIN\u0116 LP komplektas Produkto pakuo\u010di\u0173 skai\u010dius 3 Stilius Moderni \u012franga Surinkimo instrukcijos \/ surinkimo priedai Surinkimui Savaranki\u0161kam surinkimui Korpuso spalva Balta \/ Grafitas Korpuso med\u017eiaga \/ tipas \/ storis 16 mm bald\u0173 plok\u0161t\u0117 \/ Juostel\u0117 18 mm MDF bald\u0173 plok\u0161t\u0117 Vir\u0161utinio korpuso med\u017eiaga \/ tipas \/ storis 16 mm bald\u0173 plok\u0161t\u0117 Apatinio korpuso med\u017eiaga \/ tipas \/ storis 16 mm bald\u0173 plok\u0161t\u0117 Lentynos spalva Balta Lentynos med\u017eiaga \/ tipas \/ storis 16 mm bald\u0173 plok\u0161t\u0117 Lentyn\u0173 kiekis 1 Kar\u016bn\u0117l\u0117s tipo lentyn\u0173 kiekis 1 Galin\u0117s sienel\u0117s med\u017eiaga \/ tipas \/ storis 2,5 mm HDF bald\u0173 plok\u0161t\u0117 Galin\u0117s sienel\u0117s spalva \u2013 matoma dalis Balta Priekin\u0117s spalvos Matin\u0117 balta Priekin\u0117s med\u017eiagos \/ tipas \/ storis 18 mm MDF bald\u0173 plok\u0161t\u0117 Priekinis vyris \u2300 35 mm reguliuojamas trijose plok\u0161tumose Priekinis universalus atidarymas kair\u0117n \/ de\u0161in\u0117n TAIP Priekin\u0117 rankena \/ med\u017eiaga \/ spalva Metalas \/ Chromas Glaz\u016bruota priekin\u0117 dalis \/ spalvotas stiklas Gr\u016bdintas \/ bespalvis Stiklinio priekinio stiklo storis 4 mm Stiklin\u0117s lentynos stiklo spalva Bespalvis Stiklin\u0117s lentynos stiklo storis 6 mm Stiklini\u0173 lentyn\u0173 kiekis 2 Kojel\u0117 \/ apdaila \/ spalva Nereguliuojama \/ plastikin\u0117 \/ sidabrin\u0117 Dureli\u0173 skai\u010dius 2 U\u017edar\u0173 ni\u0161\u0173 skai\u010dius u\u017e priekinio stiklo 3 U\u017edar\u0173 ni\u0161\u0173 skai\u010dius 2<\/p>","protected":false},"excerpt":{"rendered":"<p>PILKA GR07 L\/R vitrina yra moderni vitrina, kuri ras savo viet\u0105 svetain\u0117je, miegamajame ar jaunimo kambaryje. Spintel\u0117s viduje yra penkios ni\u0161os eleganti\u0161kiems stikliniams indams, aksesuarams ir dekoracijoms laikyti ir eksponuoti. LED ap\u0161vietimas (u\u017e papildom\u0105 mokest\u012f) ap\u0161vie\u010dia kambar\u012f ir suteikia nuostab\u0173 [\u2026]<\/p>","protected":false},"featured_media":254315,"comment_status":"open","ping_status":"open","template":"","meta":[],"product_brand":[],"product_cat":[2457,2006],"product_tag":[],"class_list":{"0":"post-254314","1":"product","2":"type-product","3":"status-publish","4":"has-post-thumbnail","6":"product_cat-liveo","7":"product_cat-vitrines","9":"first","10":"instock","11":"purchasable","12":"product-type-simple"},"_links":{"self":[{"href":"https:\/\/baldumarket.lt\/lt\/wp-json\/wp\/v2\/product\/254314","targetHints":{"allow":["GET"]}}],"collection":[{"href":"https:\/\/baldumarket.lt\/lt\/wp-json\/wp\/v2\/product"}],"about":[{"href":"https:\/\/baldumarket.lt\/lt\/wp-json\/wp\/v2\/types\/product"}],"replies":[{"embeddable":true,"href":"https:\/\/baldumarket.lt\/lt\/wp-json\/wp\/v2\/comments?post=254314"}],"wp:featuredmedia":[{"embeddable":true,"href":"https:\/\/baldumarket.lt\/lt\/wp-json\/wp\/v2\/media\/254315"}],"wp:attachment":[{"href":"https:\/\/baldumarket.lt\/lt\/wp-json\/wp\/v2\/media?parent=254314"}],"wp:term":[{"taxonomy":"product_brand","embeddable":true,"href":"https:\/\/baldumarket.lt\/lt\/wp-json\/wp\/v2\/product_brand?post=254314"},{"taxonomy":"product_cat","embeddable":true,"href":"https:\/\/baldumarket.lt\/lt\/wp-json\/wp\/v2\/product_cat?post=254314"},{"taxonomy":"product_tag","embeddable":true,"href":"https:\/\/baldumarket.lt\/lt\/wp-json\/wp\/v2\/product_tag?post=254314"}],"curies":[{"name":"wp","href":"https:\/\/api.w.org\/{rel}","templated":true}]}}