{"id":254310,"date":"2026-01-10T22:24:31","date_gmt":"2026-01-10T19:24:31","guid":{"rendered":"https:\/\/baldumarket.lt\/product\/gray-gr06-regal-l-p\/"},"modified":"2026-02-11T18:31:10","modified_gmt":"2026-02-11T15:31:10","slug":"gray-gr06-regal-l-p","status":"publish","type":"product","link":"https:\/\/baldumarket.lt\/lt\/product\/gray-gr06-regal-l-p\/","title":{"rendered":"PILKA GR06 LENTYNA K\/D"},"content":{"rendered":"<p>GRAY GR06 K\/D knyg\u0173 lentyna yra universalus ir funkcionalus baldas, kuris papildys bet kok\u012f interjer\u0105. Ji turi atviras ir u\u017edaras lentynas, tod\u0117l lengva susitvarkyti daiktus. Ji puikiai tinka knygoms, biuro segtuvams, aksesuarams ir nuotrauk\u0173 r\u0117meliams laikyti. Moderni spalv\u0173 gama, derinanti matin\u0119 balt\u0105 ir grafit\u0105, leid\u017eia sukurti tobul\u0105 interjer\u0105, pritaikyt\u0105 prie naudotoj\u0173 skonio ir poreiki\u0173. Subtilios sidabrin\u0117s kojel\u0117s padeda i\u0161laikyti erdv\u0119 \u0161vari\u0105, o patogios metalin\u0117s rankenos yra papildomas privalumas. U\u017e papildom\u0105 mokest\u012f galima \u012frengti \u0161velniai u\u017esidaran\u010dias duris ir stal\u010dius. K\/D knyg\u0173 lentyna idealiai tinka derinti su kitais GRAY serijos baldais arba kaip atskiras baldas, prisitaikantis prie j\u016bs\u0173 kambario interjero.<\/p>\n<p>Plotis 60 cm Gylis 40,5 cm Auk\u0161tis 196 cm Produkto svoris su pakuote 40,40 kg Gamintojo kodas \/ simbolis GR06 Kolekcijos pavadinimas GRAY Pavadinimas b2b sistemoje GRAY GR-6 balta matin\u0117 grafito LP LENTYN\u0172 komplektas Produkto pakuo\u010di\u0173 skai\u010dius 2 Stilius Moderni \u012franga Surinkimo instrukcijos \/ surinkimo priedai Surinkimas Savaranki\u0161kam surinkimui Korpuso spalva Balta \/ Grafitas Korpuso med\u017eiaga \/ tipas \/ storis 16 mm bald\u0173 plok\u0161t\u0117 \/ Juosta 18 mm MDF bald\u0173 plok\u0161t\u0117 Vir\u0161utinio korpuso med\u017eiaga \/ tipas \/ storis 16 mm bald\u0173 plok\u0161t\u0117 Apatinio korpuso med\u017eiaga \/ tipas \/ storis 16 mm bald\u0173 plok\u0161t\u0117 Lentynos spalva Balta Lentynos med\u017eiaga \/ tipas \/ storis 16 mm bald\u0173 plok\u0161t\u0117 Lentyn\u0173 kiekis 3 Kar\u016bnin\u0117s lentynos kiekis 1 Galin\u0117s sienel\u0117s med\u017eiaga \/ tipas \/ storis 2,5 mm HDF bald\u0173 plok\u0161t\u0117 Galin\u0117s sienel\u0117s \u2013 matomos dalies spalva Balta Priekin\u0117s spalvos Matin\u0117 balta Priekin\u0117s med\u017eiagos \/ tipas \/ storis 18 mm MDF bald\u0173 plok\u0161t\u0117 Priekinis vyris \u2300 35 mm reguliuojamas trijose plok\u0161tumose Priekinis atidarymas universalus kairysis \/ de\u0161inysis TAIP Priekin\u0117 rankena \/ med\u017eiaga \/ spalva Metalas \/ Chromas Kojel\u0117 \/ med\u017eiaga \/ spalva Be reguliavimo \/ plastikas \/ sidabras Numeris Dur\u0173 skai\u010dius: 1 Atvir\u0173 ni\u0161\u0173 skai\u010dius: 4 U\u017edar\u0173 ni\u0161\u0173 skai\u010dius: 1<\/p>","protected":false},"excerpt":{"rendered":"<p>PILKA GR06 L\/R knyg\u0173 lentyna yra universalus ir funkcionalus baldas, kuris papildys bet kok\u012f interjer\u0105. Ji turi atviras ir u\u017edaras lentynas, tod\u0117l lengva susitvarkyti daiktus. Ji puikiai tinka knygoms, biuro segtuvams, aksesuarams ir nuotrauk\u0173 r\u0117meliams laikyti. Moderni spalv\u0173 gama, derinanti matin\u0119 balt\u0105 ir grafitin\u0119, leid\u017eia [\u2026]<\/p>","protected":false},"featured_media":254299,"comment_status":"open","ping_status":"open","template":"","meta":[],"product_brand":[],"product_cat":[2457,1987],"product_tag":[],"class_list":{"0":"post-254310","1":"product","2":"type-product","3":"status-publish","4":"has-post-thumbnail","6":"product_cat-liveo","7":"product_cat-shelving-units","9":"first","10":"instock","11":"purchasable","12":"product-type-simple"},"_links":{"self":[{"href":"https:\/\/baldumarket.lt\/lt\/wp-json\/wp\/v2\/product\/254310","targetHints":{"allow":["GET"]}}],"collection":[{"href":"https:\/\/baldumarket.lt\/lt\/wp-json\/wp\/v2\/product"}],"about":[{"href":"https:\/\/baldumarket.lt\/lt\/wp-json\/wp\/v2\/types\/product"}],"replies":[{"embeddable":true,"href":"https:\/\/baldumarket.lt\/lt\/wp-json\/wp\/v2\/comments?post=254310"}],"wp:featuredmedia":[{"embeddable":true,"href":"https:\/\/baldumarket.lt\/lt\/wp-json\/wp\/v2\/media\/254299"}],"wp:attachment":[{"href":"https:\/\/baldumarket.lt\/lt\/wp-json\/wp\/v2\/media?parent=254310"}],"wp:term":[{"taxonomy":"product_brand","embeddable":true,"href":"https:\/\/baldumarket.lt\/lt\/wp-json\/wp\/v2\/product_brand?post=254310"},{"taxonomy":"product_cat","embeddable":true,"href":"https:\/\/baldumarket.lt\/lt\/wp-json\/wp\/v2\/product_cat?post=254310"},{"taxonomy":"product_tag","embeddable":true,"href":"https:\/\/baldumarket.lt\/lt\/wp-json\/wp\/v2\/product_tag?post=254310"}],"curies":[{"name":"wp","href":"https:\/\/api.w.org\/{rel}","templated":true}]}}