{"id":254306,"date":"2026-01-10T22:24:28","date_gmt":"2026-01-10T19:24:28","guid":{"rendered":"https:\/\/baldumarket.lt\/product\/gray-gr05-witryna\/"},"modified":"2026-02-11T18:31:10","modified_gmt":"2026-02-11T15:31:10","slug":"gray-gr05-witryna","status":"publish","type":"product","link":"https:\/\/baldumarket.lt\/lt\/product\/gray-gr05-witryna\/","title":{"rendered":"PILKA GR05 VITRINA"},"content":{"rendered":"<p>GRAY GR05 vitrina papildys modern\u0173 svetain\u0117s ar valgomojo dizain\u0105, o 143 cm auk\u0161tis leid\u017eia k\u016brybi\u0161kai i\u0161naudoti erdv\u0119 vir\u0161 jos. Vitrinoje yra septynios erdvios ni\u0161os. U\u017e u\u017edar\u0173 dur\u0173 galite pasl\u0117pti daiktus, o u\u017e stiklini\u0173 dur\u0173 \u2013 eksponuoti vertingus daiktus. Ap\u0161viesta stiklin\u0117 lentyna (galima \u012fsigyti u\u017e papildom\u0105 mokest\u012f) su\u017eav\u0117s ir suteiks ry\u0161k\u0173 efekt\u0105. Moderni spalv\u0173 gama, derinant matin\u0119 balt\u0105 ir grafit\u0105, leis sukurti tobul\u0105 interjer\u0105, pritaikyt\u0105 prie vartotoj\u0173 skonio ir poreiki\u0173. Subtilios sidabrin\u0117s kojel\u0117s pad\u0117s i\u0161laikyti \u0161vari\u0105 erdv\u0119 po spintele, o patogios metalin\u0117s rankenos yra papildomas privalumas. U\u017e papildom\u0105 mokest\u012f galima \u012frengti \u0161velnaus dur\u0173 ir stal\u010di\u0173 u\u017edarymo sistem\u0105. Vitrina idealiai dera su kitais GRAY serijos baldais arba kaip atskiras baldas, prisitaikantis prie j\u016bs\u0173 kambario interjero.<\/p>\n<p>Plotis 96 cm Gylis 40,5 cm Auk\u0161tis 143 cm Produkto svoris su pakuote 56,95 kg Gamintojo kodas \/ simbolis GR05 Kolekcijos pavadinimas GRAY Pavadinimas b2b sistemoje GRAY GR-5 balta matin\u0117 grafito EKSPONUOJANTI SIENA Produkto pakuo\u010di\u0173 skai\u010dius 3 Stilius Moderni \u012franga Surinkimo instrukcijos \/ surinkimo priedai Surinkimas Savaranki\u0161kam surinkimui Korpuso spalva Balta \/ Grafitas Korpuso med\u017eiaga \/ tipas \/ storis 16 mm bald\u0173 plok\u0161t\u0117 \/ Juosta 18 mm MDF bald\u0173 plok\u0161t\u0117 Vir\u0161utinio korpuso med\u017eiaga \/ tipas \/ storis 16 mm bald\u0173 plok\u0161t\u0117 Apatinio korpuso med\u017eiaga \/ tipas \/ storis 16 mm bald\u0173 plok\u0161t\u0117 Lentynos spalva Balta Lentynos med\u017eiaga \/ tipas \/ storis 16 mm bald\u0173 plok\u0161t\u0117 Lentyn\u0173 kiekis 3 Kar\u016bn\u0117l\u0117s tipo lentyn\u0173 kiekis 2 Galin\u0117s sienel\u0117s med\u017eiaga \/ tipas \/ storis 2,5 mm HDF bald\u0173 plok\u0161t\u0117 Galin\u0117s sienel\u0117s spalva \u2013 matoma dalis Balta Priekin\u0117s spalvos Matin\u0117 balta Priekin\u0117s med\u017eiagos \/ tipas \/ storis 18 mm MDF bald\u0173 plok\u0161t\u0117 Priekinis vyris \u2300 35 mm, reguliuojamas trijose plok\u0161tumose Priekin\u0117 rankena \/ med\u017eiaga \/ spalva Metalas \/ Chromas Glaz\u016bruotos priekin\u0117s dalies med\u017eiaga \/ stiklo spalva Gr\u016bdintas \/ bespalvis Glaz\u016bruoto priekinio pavir\u0161iaus storis 4 mm stiklas Kojel\u0117 \/ dizainas \/ spalva Be reguliavimo \/ plastikin\u0117 \/ sidabrin\u0117 Papildoma kojel\u0117 \/ dizainas \/ spalva Be reguliavimo per vidur\u012f \/ plastikin\u0117 \/ sidabrin\u0117 Dureli\u0173 skai\u010dius 2 U\u017edar\u0173 ni\u0161\u0173 skai\u010dius u\u017e priekinio stiklo 1 U\u017edar\u0173 ni\u0161\u0173 skai\u010dius 6<\/p>","protected":false},"excerpt":{"rendered":"<p>PILKA GR05 vitrina papildys modern\u0173 svetain\u0117s ar valgomojo dizain\u0105, o 143 cm auk\u0161tis leid\u017eia k\u016brybi\u0161kai i\u0161naudoti erdv\u0119 vir\u0161 jos. Vitrinoje yra septynios erdvios ni\u0161os. U\u017e u\u017edar\u0173 dur\u0173 galite pasl\u0117pti daiktus, o u\u017e stiklini\u0173 dur\u0173 [\u2026]<\/p>","protected":false},"featured_media":254307,"comment_status":"open","ping_status":"open","template":"","meta":[],"product_brand":[],"product_cat":[2457,2006],"product_tag":[],"class_list":{"0":"post-254306","1":"product","2":"type-product","3":"status-publish","4":"has-post-thumbnail","6":"product_cat-liveo","7":"product_cat-vitrines","9":"first","10":"instock","11":"purchasable","12":"product-type-simple"},"_links":{"self":[{"href":"https:\/\/baldumarket.lt\/lt\/wp-json\/wp\/v2\/product\/254306","targetHints":{"allow":["GET"]}}],"collection":[{"href":"https:\/\/baldumarket.lt\/lt\/wp-json\/wp\/v2\/product"}],"about":[{"href":"https:\/\/baldumarket.lt\/lt\/wp-json\/wp\/v2\/types\/product"}],"replies":[{"embeddable":true,"href":"https:\/\/baldumarket.lt\/lt\/wp-json\/wp\/v2\/comments?post=254306"}],"wp:featuredmedia":[{"embeddable":true,"href":"https:\/\/baldumarket.lt\/lt\/wp-json\/wp\/v2\/media\/254307"}],"wp:attachment":[{"href":"https:\/\/baldumarket.lt\/lt\/wp-json\/wp\/v2\/media?parent=254306"}],"wp:term":[{"taxonomy":"product_brand","embeddable":true,"href":"https:\/\/baldumarket.lt\/lt\/wp-json\/wp\/v2\/product_brand?post=254306"},{"taxonomy":"product_cat","embeddable":true,"href":"https:\/\/baldumarket.lt\/lt\/wp-json\/wp\/v2\/product_cat?post=254306"},{"taxonomy":"product_tag","embeddable":true,"href":"https:\/\/baldumarket.lt\/lt\/wp-json\/wp\/v2\/product_tag?post=254306"}],"curies":[{"name":"wp","href":"https:\/\/api.w.org\/{rel}","templated":true}]}}