{"id":254301,"date":"2026-01-10T22:24:25","date_gmt":"2026-01-10T19:24:25","guid":{"rendered":"https:\/\/baldumarket.lt\/product\/gray-gr04-kredens\/"},"modified":"2026-02-11T18:31:10","modified_gmt":"2026-02-11T15:31:10","slug":"gray-gr04-kredens","status":"publish","type":"product","link":"https:\/\/baldumarket.lt\/lt\/product\/gray-gr04-kredens\/","title":{"rendered":"PILKA GR04 INDAUJA"},"content":{"rendered":"<p>GRAY GR04 komoda \u2013 puikus bet kurio svetain\u0117s ar valgomojo akcentas. Komodoje yra trys spintel\u0117s, i\u0161 kuri\u0173 dvi yra \u012fmontuojamos, o vidurin\u0117 \u2013 dalinai \u012fstiklinta. Tai puikus dekoracij\u0173 pagrindas \u2013 ap\u0161viestos stiklin\u0117s lentynos d\u0117ka gal\u0117site pademonstruoti savo daiktus, suteikiant kambariui unikalumo (LED ap\u0161vietim\u0105 galima \u012fsigyti atskirai). Moderni spalv\u0173 gama, derinanti matin\u0119 balt\u0105 ir grafit\u0105, leid\u017eia sukurti tobul\u0105 interjer\u0105, pritaikyt\u0105 prie vartotoj\u0173 skonio ir poreiki\u0173. Subtilios sidabrin\u0117s kojel\u0117s padeda i\u0161laikyti \u0161var\u0105 erdv\u0117je, o patogios metalin\u0117s rankenos yra papildomas privalumas. U\u017e papildom\u0105 mokest\u012f galima \u012frengti \u0161velniai u\u017esidaran\u010dias dureles ir stal\u010dius. Komoda idealiai tinka naudoti su kitais GRAY serijos baldais arba kaip atskiras baldas, prisitaikantis prie j\u016bs\u0173 kambario interjero.<\/p>\n<p>Plotis 155 cm Gylis 40,5 cm Auk\u0161tis 90 cm Produkto svoris su pakuote 57,25 kg Gamintojo kodas \/ simbolis GR04 Kolekcijos pavadinimas GRAY Pavadinimas b2b sistemoje GRAY GR-4 balta matin\u0117 grafito SPINTEL\u0116S komplektas Produkto pakuo\u010di\u0173 skai\u010dius 3 Stilius Moderni \u012franga Surinkimo instrukcijos \/ surinkimo priedai Surinkimui Savaranki\u0161kam surinkimui Korpuso spalva Balta \/ Grafitas Korpuso med\u017eiaga \/ tipas \/ storis 16 mm baldin\u0117 plok\u0161t\u0117 \/ Juosta 18 mm MDF baldin\u0117 plok\u0161t\u0117 Vir\u0161utin\u0117 korpuso apdaila \/ med\u017eiaga \/ tipas \/ storis 16 mm baldin\u0117 plok\u0161t\u0117 Apatin\u0117 korpuso apdaila \/ med\u017eiaga \/ tipas \/ storis 16 mm baldin\u0117 plok\u0161t\u0117 Lentynos spalva Balta Lentynos med\u017eiaga \/ tipas \/ storis 16 mm baldin\u0117 plok\u0161t\u0117 Lentyn\u0173 kiekis 2 Galin\u0117s sienel\u0117s med\u017eiaga \/ tipas \/ storis 2,5 mm HDF baldin\u0117 plok\u0161t\u0117 Galin\u0117s sienel\u0117s \u2013 matomos dalies spalva Balta Priekin\u0117s spalvos Matin\u0117 balta Priekin\u0117s med\u017eiagos \/ tipas \/ storis 18 mm MDF baldin\u0117 plok\u0161t\u0117 Priekinis vyris \u2300 35 mm, reguliuojamas trijose plok\u0161tumose Priekin\u0117 ranken\u0117l\u0117 \/ apdaila \/ spalva Metalin\u0117 \/ Chromuota \u012estiklinto priekinio stiklo apdaila \/ spalva Gr\u016bdinta \/ skaidri \u012estiklinto priekinio stiklo storis 4 mm Stiklin\u0117 lentyna Stiklas Spalva: Bespalv\u0117 Stiklin\u0117 lentyna: Stiklo storis: 6 mm Stiklini\u0173 lentyn\u0173 kiekis: 1 Kojel\u0117 \/ apdaila \/ spalva: Be reguliavimo \/ plastikin\u0117 \/ sidabrin\u0117 Papildoma koja \/ apdaila \/ spalva: Be reguliavimo per vidur\u012f \/ plastikin\u0117 \/ sidabrin\u0117 Dureli\u0173 skai\u010dius: 3 U\u017edar\u0173 ni\u0161\u0173 skai\u010dius u\u017e priekinio stiklo: 2 U\u017edar\u0173 ni\u0161\u0173 skai\u010dius: 5<\/p>","protected":false},"excerpt":{"rendered":"<p>PILKA GR04 indauja yra gra\u017eus bet kurio svetain\u0117s ar valgomojo papildymas. Indauja turi tris spinteles, i\u0161 kuri\u0173 dvi yra \u012fmontuojamos, o vidurin\u0117 yra dalinai \u012fstiklinta. Tai puikus dekoracij\u0173 pagrindas \u2013 galite demonstruoti savo daiktus d\u0117l ap\u0161viestos stiklin\u0117s lentynos, kuri suteikia unikali\u0105 i\u0161vaizd\u0105 [\u2026]<\/p>","protected":false},"featured_media":254302,"comment_status":"open","ping_status":"open","template":"","meta":[],"product_brand":[],"product_cat":[1173,2457],"product_tag":[],"class_list":{"0":"post-254301","1":"product","2":"type-product","3":"status-publish","4":"has-post-thumbnail","6":"product_cat-chests-of-drawers","7":"product_cat-liveo","9":"first","10":"instock","11":"purchasable","12":"product-type-simple"},"_links":{"self":[{"href":"https:\/\/baldumarket.lt\/lt\/wp-json\/wp\/v2\/product\/254301","targetHints":{"allow":["GET"]}}],"collection":[{"href":"https:\/\/baldumarket.lt\/lt\/wp-json\/wp\/v2\/product"}],"about":[{"href":"https:\/\/baldumarket.lt\/lt\/wp-json\/wp\/v2\/types\/product"}],"replies":[{"embeddable":true,"href":"https:\/\/baldumarket.lt\/lt\/wp-json\/wp\/v2\/comments?post=254301"}],"wp:featuredmedia":[{"embeddable":true,"href":"https:\/\/baldumarket.lt\/lt\/wp-json\/wp\/v2\/media\/254302"}],"wp:attachment":[{"href":"https:\/\/baldumarket.lt\/lt\/wp-json\/wp\/v2\/media?parent=254301"}],"wp:term":[{"taxonomy":"product_brand","embeddable":true,"href":"https:\/\/baldumarket.lt\/lt\/wp-json\/wp\/v2\/product_brand?post=254301"},{"taxonomy":"product_cat","embeddable":true,"href":"https:\/\/baldumarket.lt\/lt\/wp-json\/wp\/v2\/product_cat?post=254301"},{"taxonomy":"product_tag","embeddable":true,"href":"https:\/\/baldumarket.lt\/lt\/wp-json\/wp\/v2\/product_tag?post=254301"}],"curies":[{"name":"wp","href":"https:\/\/api.w.org\/{rel}","templated":true}]}}